{"id":1550,"date":"2021-09-24T14:42:10","date_gmt":"2021-09-24T11:42:10","guid":{"rendered":"https:\/\/blog.edu.turku.fi\/laskunnighet\/?page_id=1550"},"modified":"2021-09-27T07:55:51","modified_gmt":"2021-09-27T04:55:51","slug":"betydelsefulla-berattelser-broschyr","status":"publish","type":"page","link":"https:\/\/blog.edu.turku.fi\/laskunnighet\/material\/for-personal\/betydelsefulla-berattelser-broschyr\/","title":{"rendered":"Betydelsefulla ber\u00e4ttelser -broschyr"},"content":{"rendered":"<h1>Att l\u00e4sa \u00e4r en rolig hobby f\u00f6r hela familjen!<\/h1>\n<p>Betydelsefulla ber\u00e4ttelser -broschyrens syfte \u00e4r att fr\u00e4mja barns och barnfamiljers l\u00e4slust i \u00c5bo. I broschyren finns ett l\u00e4sinspirerande och l\u00e4sfr\u00e4mjande rit- och skrivuppgift, samt material som st\u00f6djer m\u00e5ngspr\u00e5kighet och kulturell m\u00e5ngfald.<\/p>\n<p><a href=\"https:\/\/blog.edu.turku.fi\/laskunnighet\/files\/2021\/09\/Betydelsefulla-berattelser-broschyren-Rikta-dig-till-lasning.pdf\" target=\"_blank\" rel=\"noopener\">Betydelsefulla ber\u00e4ttelser -broschyren<\/a><\/p>\n<p><a href=\"https:\/\/blog.edu.turku.fi\/laskunnighet\/files\/2021\/09\/Betydelsefulla-berattelser_anvisningar-pa-svenska_Rikta-dig-till-lasning-1.pdf\" target=\"_blank\" rel=\"noopener\">Betydelsefulla ber\u00e4ttelser anvisningar p\u00e5 svenska<\/a><\/p>\n<p><a href=\"https:\/\/blog.edu.turku.fi\/laskunnighet\/files\/2021\/09\/Tarkeita-tarinoita-esite-Suuntaa-lukemiseen.pdf\" target=\"_blank\" rel=\"noopener\">T\u00e4rkeit\u00e4 tarinoita -esite<\/a><\/p>\n<p><a href=\"https:\/\/blog.edu.turku.fi\/laskunnighet\/files\/2021\/09\/Tarkeita-tarinoita-ohjeistus-suomeksi.pdf\" target=\"_blank\" rel=\"noopener\">T\u00e4rkeit\u00e4 tarinoita &#8211; ohjeistus suomeksi<\/a><\/p>\n<p>F\u00f6r mer information samt l\u00e4stips f\u00f6r hela familjen, se <a href=\"https:\/\/blog.edu.turku.fi\/laskunnighet\/2021\/09\/13\/en-ny-broschyr-med-syfte-att-framja-barns-och-barnfamiljers-laslust\/\" target=\"_blank\" rel=\"noopener\">L\u00e4sgl\u00e4dje-blogg (13.9.2021)<\/a>.<\/p>\n<p><a href=\"https:\/\/blog.edu.turku.fi\/laskunnighet\/files\/2021\/09\/IMG20210926154605__01.jpg\"><img loading=\"lazy\" decoding=\"async\" class=\"aligncenter wp-image-1573 size-large\" src=\"https:\/\/blog.edu.turku.fi\/laskunnighet\/files\/2021\/09\/IMG20210926154605__01-1024x698.jpg\" alt=\"\" width=\"1024\" height=\"698\" srcset=\"https:\/\/blog.edu.turku.fi\/laskunnighet\/files\/2021\/09\/IMG20210926154605__01.jpg 1024w, https:\/\/blog.edu.turku.fi\/laskunnighet\/files\/2021\/09\/IMG20210926154605__01-300x204.jpg 300w\" sizes=\"auto, (max-width: 709px) 85vw, (max-width: 909px) 67vw, (max-width: 1362px) 62vw, 840px\" \/><\/a><\/p>\n<hr \/>\n<p>Betydelsefulla ber\u00e4ttelser -broschyren \u00e4r producerad av \u00c5bo stads l\u00e4skunnighetprojekt Rikta dig till l\u00e4sning! (2020\u20132022) i samarbete med \u00c5bo stadsbiblioteks barnavdelning Saga.<\/p>\n","protected":false},"excerpt":{"rendered":"<p>Att l\u00e4sa \u00e4r en rolig hobby f\u00f6r hela familjen! Betydelsefulla ber\u00e4ttelser -broschyrens syfte \u00e4r att fr\u00e4mja barns och barnfamiljers l\u00e4slust i \u00c5bo. I broschyren finns ett l\u00e4sinspirerande och l\u00e4sfr\u00e4mjande rit- och skrivuppgift, samt material som st\u00f6djer m\u00e5ngspr\u00e5kighet och kulturell m\u00e5ngfald. Betydelsefulla ber\u00e4ttelser -broschyren Betydelsefulla ber\u00e4ttelser anvisningar p\u00e5 svenska T\u00e4rkeit\u00e4 tarinoita -esite T\u00e4rkeit\u00e4 tarinoita &#8211; ohjeistus &hellip; <a href=\"https:\/\/blog.edu.turku.fi\/laskunnighet\/material\/for-personal\/betydelsefulla-berattelser-broschyr\/\" class=\"more-link\">Forts\u00e4tt l\u00e4sa<span class=\"screen-reader-text\"> \u201dBetydelsefulla ber\u00e4ttelser -broschyr\u201d<\/span><\/a><\/p>\n","protected":false},"author":2465,"featured_media":0,"parent":26,"menu_order":0,"comment_status":"closed","ping_status":"closed","template":"","meta":{"footnotes":""},"class_list":["post-1550","page","type-page","status-publish","hentry"],"_links":{"self":[{"href":"https:\/\/blog.edu.turku.fi\/laskunnighet\/wp-json\/wp\/v2\/pages\/1550","targetHints":{"allow":["GET"]}}],"collection":[{"href":"https:\/\/blog.edu.turku.fi\/laskunnighet\/wp-json\/wp\/v2\/pages"}],"about":[{"href":"https:\/\/blog.edu.turku.fi\/laskunnighet\/wp-json\/wp\/v2\/types\/page"}],"author":[{"embeddable":true,"href":"https:\/\/blog.edu.turku.fi\/laskunnighet\/wp-json\/wp\/v2\/users\/2465"}],"replies":[{"embeddable":true,"href":"https:\/\/blog.edu.turku.fi\/laskunnighet\/wp-json\/wp\/v2\/comments?post=1550"}],"version-history":[{"count":10,"href":"https:\/\/blog.edu.turku.fi\/laskunnighet\/wp-json\/wp\/v2\/pages\/1550\/revisions"}],"predecessor-version":[{"id":1575,"href":"https:\/\/blog.edu.turku.fi\/laskunnighet\/wp-json\/wp\/v2\/pages\/1550\/revisions\/1575"}],"up":[{"embeddable":true,"href":"https:\/\/blog.edu.turku.fi\/laskunnighet\/wp-json\/wp\/v2\/pages\/26"}],"wp:attachment":[{"href":"https:\/\/blog.edu.turku.fi\/laskunnighet\/wp-json\/wp\/v2\/media?parent=1550"}],"curies":[{"name":"wp","href":"https:\/\/api.w.org\/{rel}","templated":true}]}}