{"id":1335,"date":"2021-06-08T14:54:17","date_gmt":"2021-06-08T11:54:17","guid":{"rendered":"https:\/\/blog.edu.turku.fi\/laskunnighet\/?page_id=1335"},"modified":"2022-06-06T10:38:18","modified_gmt":"2022-06-06T07:38:18","slug":"ordkonstdag-go-ordkonst-go","status":"publish","type":"page","link":"https:\/\/blog.edu.turku.fi\/laskunnighet\/material\/barn-och-barnfamiljer\/ordkonstdag-go-ordkonst-go\/","title":{"rendered":"GO ORDKONST GO! 2021"},"content":{"rendered":"<h1>Kom med och <em>ordkonsta<\/em>!<\/h1>\n<p>L\u00e4s mera om den f\u00f6rsta ordkonsdagen p\u00e5 L\u00e4sgl\u00e4dje-bloggen: <a href=\"https:\/\/blog.edu.turku.fi\/laskunnighet\/2021\/07\/08\/go-ordkonst-go\/\" target=\"_blank\" rel=\"noopener\">GO ORDKONST GO! (8.7.2021)<\/a>.<\/p>\n<hr \/>\n<p>H\u00e4ng med p\u00e5 <em>GO ORDKONST GO!<\/em> -ordkonstdagen och tillbringa sommarlovets kreativaste dag!<\/p>\n<p>Rikta dig till l\u00e4sning! -projekt tillsammans med lokala kultur- och fritidsakt\u00f6rer ordnar en temadag kring ordkonst, <em>GO ORDKONST GO!<\/em>, <strong>p\u00e5 diktens och sommarens dag p\u00e5 tisdagen den 6 juli 2021 kl. 12\u201318 p\u00e5 Kuppisparken<\/strong>. Deltagandet \u00e4r gratis och \u00f6ppet f\u00f6r alla, inga f\u00f6rhandsanm\u00e4lningar beh\u00f6vs. Ordkonstdagen bjuder p\u00e5 en massa olika fantastiska, h\u00e4rliga och engagerande uppgifter riktade f\u00f6r barn och barnfamiljer \u2013 v\u00e4lkommen med!<\/p>\n<p>Dagens program best\u00e5r av bl.a. pop-up ordkonstverkst\u00e4derna av ordkonstn\u00e4rerna fr\u00e5n Bokens hus, Fr\u00e5n A till \u00d6 med Mumin: #MoominABC-utst\u00e4llning och gruppordkonstverk. Med bibliotekscykeln till parken cyklar ocks\u00e5 barnavdelningen Barnens Saga p\u00e5 \u00c5bo stadsbiblioteket. Under dagen kan man \u00e4ven st\u00f6ta p\u00e5 en h\u00f6na, dvs. Kana fr\u00e5n TEHDAS Teatteri:s pj\u00e4s Hattujahti. Undervisnings- och kulturminister Li Andersson fungerar som ordkonstdagens beskyddare.<\/p>\n<p><em>GO ORDKONST GO!<\/em> -ordkonstdag \u00e4r ett \u00f6ppet och gratis utomhusevenemang. Inga f\u00f6rhandsanm\u00e4lningar beh\u00f6vs. Deltagare bes att iaktta rekommendationer att anv\u00e4nda ansiktsmask, hygien- och hostregler och att h\u00e5lla tillr\u00e4ckliga s\u00e4kerhetsavst\u00e5nd. Programmet arrangeras med v\u00e4derreservation.<\/p>\n<h2>Samarbetsparter:<\/h2>\n<p>Aura of Puppets<br \/>\nBarnens Saga \/ \u00c5bo stadsbibliotek<br \/>\nInformationscentret Luckan i \u00c5bo<br \/>\nKirjan talo &#8211; Bokens hus ry<br \/>\nMannerheims Barnskyddsf\u00f6rbund, Egentliga Finlands krets \/ Familjecentret Marakatti<br \/>\nOrdens symfoni i Sydv\u00e4stra Finland -projekt<br \/>\nOrdkonst hela v\u00e4gen -projekt<br \/>\nSydkustens ordkonstskola<br \/>\nTurun Sarjakuvakerho ry<br \/>\n\u00c4ventyrsparken<\/p>\n<hr \/>\n<p>R\u00e4ttigheter till f\u00f6r\u00e4ndringar f\u00f6rbeh\u00e5lls.<\/p>\n","protected":false},"excerpt":{"rendered":"<p>Kom med och ordkonsta! L\u00e4s mera om den f\u00f6rsta ordkonsdagen p\u00e5 L\u00e4sgl\u00e4dje-bloggen: GO ORDKONST GO! (8.7.2021). H\u00e4ng med p\u00e5 GO ORDKONST GO! -ordkonstdagen och tillbringa sommarlovets kreativaste dag! Rikta dig till l\u00e4sning! -projekt tillsammans med lokala kultur- och fritidsakt\u00f6rer ordnar en temadag kring ordkonst, GO ORDKONST GO!, p\u00e5 diktens och sommarens dag p\u00e5 tisdagen den &hellip; <a href=\"https:\/\/blog.edu.turku.fi\/laskunnighet\/material\/barn-och-barnfamiljer\/ordkonstdag-go-ordkonst-go\/\" class=\"more-link\">Forts\u00e4tt l\u00e4sa<span class=\"screen-reader-text\"> \u201dGO ORDKONST GO! 2021\u201d<\/span><\/a><\/p>\n","protected":false},"author":2465,"featured_media":1403,"parent":1587,"menu_order":0,"comment_status":"closed","ping_status":"closed","template":"","meta":{"footnotes":""},"class_list":["post-1335","page","type-page","status-publish","has-post-thumbnail","hentry"],"_links":{"self":[{"href":"https:\/\/blog.edu.turku.fi\/laskunnighet\/wp-json\/wp\/v2\/pages\/1335","targetHints":{"allow":["GET"]}}],"collection":[{"href":"https:\/\/blog.edu.turku.fi\/laskunnighet\/wp-json\/wp\/v2\/pages"}],"about":[{"href":"https:\/\/blog.edu.turku.fi\/laskunnighet\/wp-json\/wp\/v2\/types\/page"}],"author":[{"embeddable":true,"href":"https:\/\/blog.edu.turku.fi\/laskunnighet\/wp-json\/wp\/v2\/users\/2465"}],"replies":[{"embeddable":true,"href":"https:\/\/blog.edu.turku.fi\/laskunnighet\/wp-json\/wp\/v2\/comments?post=1335"}],"version-history":[{"count":12,"href":"https:\/\/blog.edu.turku.fi\/laskunnighet\/wp-json\/wp\/v2\/pages\/1335\/revisions"}],"predecessor-version":[{"id":1872,"href":"https:\/\/blog.edu.turku.fi\/laskunnighet\/wp-json\/wp\/v2\/pages\/1335\/revisions\/1872"}],"up":[{"embeddable":true,"href":"https:\/\/blog.edu.turku.fi\/laskunnighet\/wp-json\/wp\/v2\/pages\/1587"}],"wp:featuredmedia":[{"embeddable":true,"href":"https:\/\/blog.edu.turku.fi\/laskunnighet\/wp-json\/wp\/v2\/media\/1403"}],"wp:attachment":[{"href":"https:\/\/blog.edu.turku.fi\/laskunnighet\/wp-json\/wp\/v2\/media?parent=1335"}],"curies":[{"name":"wp","href":"https:\/\/api.w.org\/{rel}","templated":true}]}}