{"id":1321,"date":"2021-06-05T16:03:31","date_gmt":"2021-06-05T13:03:31","guid":{"rendered":"https:\/\/blog.edu.turku.fi\/laskunnighet\/?page_id=1321"},"modified":"2022-06-06T10:37:49","modified_gmt":"2022-06-06T07:37:49","slug":"rikta-dig-till-lasning-barnboksorientering-pa-sommar-2021","status":"publish","type":"page","link":"https:\/\/blog.edu.turku.fi\/laskunnighet\/material\/barn-och-barnfamiljer\/rikta-dig-till-lasning-barnboksorientering-pa-sommar-2021\/","title":{"rendered":"Barnboksorientering 2021"},"content":{"rendered":"<h1>Barnboksorientering riktad till barn och barnfamiljer<\/h1>\n<p>V\u00e4lkommen till barnboksorientering! Barnboksorienteringsbanor kommer att vara placerade runtom i \u00c5bo 16.6\u201313.7 och \u00e4r tillg\u00e4ngliga f\u00f6r alla att ta del av! Ingen f\u00f6rhandsanm\u00e4lan beh\u00f6vs. Deltagandet \u00e4r gratis.<\/p>\n<p>Sommarens barnboksorientering grundar sig p\u00e5 boklistor i \u00c5bo stadsbibliotekets godnattsagopass. Orienteringen ordnas i samarbete med projekten <em>Rikta dig till l\u00e4sning!<\/em>, <em>Ordkonst hela v\u00e4gen<\/em> och <em>Ordens symfoni i Sydv\u00e4stra Finland<\/em> samt \u00c5bo stadsbibliotek.<\/p>\n<p>P\u00e5 barnboksorienteringen finns olika funktionella uppgifter och boktips riktade till barn och barnfamiljer. Vid varje kontroll finns \u00e4ven en QR-kod som leder rak till boktips fr\u00e5n Vaski-bibliotek.<\/p>\n<p>Sommarbarnboksorientering riktar sig f\u00f6rst och fr\u00e4mst till barn och barnfamiljer, men vem som helst kan barnboksorientera, oavsett \u00e5lder! \u00c4ven stilen \u00e4r fri \u2013 man beh\u00f6ver inte g\u00e5 runt hela banan p\u00e5 en g\u00e5ng, eller bes\u00f6ka kontrollerna i r\u00e4tt ordning.<\/p>\n<h2>Barnboksorientering runtom i \u00c5bo<\/h2>\n<p>Sommarbarnboksorienteringens fysiska rutter ligger i Katarina, Kuppisparken, Kr\u00e5kk\u00e4rret och Runosbacken.<\/p>\n<p>Rutternas startpunkter:<\/p>\n<ul>\n<li>Katarina: parkeringsomr\u00e5det f\u00f6r Katarinas naturstigar, Sigridsstigen 5<\/li>\n<li>Kuppis: lekplats p\u00e5 Kuppisparken (Kupittaanl\u00e4hteen leikkipaikka)<\/li>\n<li>Kr\u00e5kk\u00e4rret: Kr\u00e5kk\u00e4rrets bibliotek, Nisse Kavos gata 3<\/li>\n<li>Runosbacken: Runosbackens bibliotek, Piparestigen 13<\/li>\n<\/ul>\n<p>Samma rutt och uppgifter finns p\u00e5 varje rutt men ordning p\u00e5 kontrollerna kan variera mellan rutterna.<\/p>\n<h2>Barnboksorientering p\u00e5 webben<\/h2>\n<p>Sommarens barnboksorientering finns ocks\u00e5 p\u00e5 webben &#8211; orientera kan s\u00e5ledes var som helst och n\u00e4r som helst! P\u00e5 n\u00e4tversionen finns samma uppgifter och boktips som p\u00e5 fysiska orienteringen.<\/p>\n<p>Orienteringens inledande kontroll \u00f6ppnas genom att klicka stj\u00e4rn-figuren som finns p\u00e5 huvudbilden. Kontrollerna \u00f6ppnas genom att klicka siffrorna 1-8 p\u00e5 huvudbilden. Det finns roliga uppgifter och boktips vid varje kontroll. Vid kontrollerna finns ocks\u00e5 l\u00e4nkar som leder rak till boktips fr\u00e5n Vaski-biblioteket.<\/p>\n<p><a href=\"https:\/\/www.thinglink.com\/scene\/1459111083158536193\" target=\"_blank\" rel=\"noopener\">Rikta dig till l\u00e4sning! -barnboksorientering p\u00e5 sommar 2021 p\u00e5 webben<\/a><\/p>\n<p>\u00c4ven sj\u00e4lva orienteringsrutt (inkl. kontroller) finns tillg\u00e4nglig p\u00e5 webben &#8211; s\u00e5ledes f\u00e5r var och en njuta av projektets sommarbarnboksorientering!<\/p>\n<p><a href=\"https:\/\/blog.edu.turku.fi\/laskunnighet\/files\/2021\/06\/Barnboksorientering-for-utskrift.pdf\" target=\"_blank\" rel=\"noopener\">Skriv ut kontrollerna och skapa en egen barnboksorientering! (filen \u00f6ppnas i en separat pdf-fil)<\/a><\/p>\n<h2>Boklista<\/h2>\n<p>Alla b\u00f6cker som tipsas p\u00e5 barnboksorienteringen finns nedan. \u00c4ven l\u00e4nkar till b\u00f6ckernas sidor i Vaski-databas finns vid varje boktips.<\/p>\n<p><strong>Hundpromenaden<\/strong> (2018) av Sven Nordqvist<\/p>\n<ul>\n<li><a href=\"https:\/\/vaski.finna.fi\/Record\/vaski.3773431\" target=\"_blank\" rel=\"noopener\">L\u00e4nk till bokens sida i Vaski-databas<\/a><\/li>\n<\/ul>\n<p><strong>Maggan \u00e5ret runt<\/strong> (2020) av Ellen Str\u00f6mberg och Elin L\u00f6f (ill.)<\/p>\n<ul>\n<li><a href=\"https:\/\/vaski.finna.fi\/Record\/vaski.4059176\" target=\"_blank\" rel=\"noopener\">L\u00e4nk till bokens sida i Vaski-databas<\/a><\/li>\n<\/ul>\n<p><strong>Dr\u00f6m om drakar<\/strong> (2015) av Sanna Tahvanainen och Jenny Lucander (ill.)<\/p>\n<ul>\n<li><a href=\"https:\/\/vaski.finna.fi\/Record\/vaski.3065060\" target=\"_blank\" rel=\"noopener\">L\u00e4nk till bokens sida i Vaski-databas<\/a><\/li>\n<\/ul>\n<p><strong>Mumindalens alfabet<\/strong> (2021) av Annika Sandelin och Tove Jansson (ill.)<\/p>\n<ul>\n<li><a href=\"https:\/\/vaski.finna.fi\/Record\/vaski.4145952\" target=\"_blank\" rel=\"noopener\">L\u00e4nk till bokens sida i Vaski-databas<\/a><\/li>\n<\/ul>\n<p><strong>Djur som ingen sett utom vi<\/strong> (2016) av Ulf Stark och Linda Bondestam (ill.)<\/p>\n<ul>\n<li><a href=\"https:\/\/vaski.finna.fi\/Record\/vaski.3479841\" target=\"_blank\" rel=\"noopener\">L\u00e4nk till bokens sida i Vaski-databas<\/a><\/li>\n<\/ul>\n<p><strong>Plats p\u00e5 jorden<\/strong> (2021) av Maija Hurme (f\u00f6rf., ill.) och Lina Laurent (f\u00f6rf.)<\/p>\n<ul>\n<li><a href=\"https:\/\/vaski.finna.fi\/Record\/vaski.4150895\" target=\"_blank\" rel=\"noopener\">L\u00e4nk till bokens sida i Vaski-databas<\/a><\/li>\n<\/ul>\n<p><strong>Havs-o-djur : n\u00e4r v\u00e4rlden var platt och haven myllrade av monster<\/strong> (2019) av Laura Ruohonen, Erika Kallasmaa (ill.) och Annika Sandelin (\u00f6vers.)<\/p>\n<ul>\n<li><a href=\"https:\/\/vaski.finna.fi\/Record\/vaski.4009612\" target=\"_blank\" rel=\"noopener\">L\u00e4nk till bokens sida i Vaski-databas<\/a><\/li>\n<\/ul>\n<p><strong>Fisens liv<\/strong> (2020) av Malin Klingenberg och Sanna Mander (ill.)<\/p>\n<ul>\n<li><a href=\"https:\/\/vaski.finna.fi\/Record\/vaski.4016015\" target=\"_blank\" rel=\"noopener\">L\u00e4nk till bokens sida i Vaski-databas<\/a><\/li>\n<\/ul>\n<hr \/>\n<p>R\u00e4ttigheter till f\u00f6r\u00e4ndringar f\u00f6rbeh\u00e5lls.<\/p>\n","protected":false},"excerpt":{"rendered":"<p>Barnboksorientering riktad till barn och barnfamiljer V\u00e4lkommen till barnboksorientering! Barnboksorienteringsbanor kommer att vara placerade runtom i \u00c5bo 16.6\u201313.7 och \u00e4r tillg\u00e4ngliga f\u00f6r alla att ta del av! Ingen f\u00f6rhandsanm\u00e4lan beh\u00f6vs. Deltagandet \u00e4r gratis. Sommarens barnboksorientering grundar sig p\u00e5 boklistor i \u00c5bo stadsbibliotekets godnattsagopass. Orienteringen ordnas i samarbete med projekten Rikta dig till l\u00e4sning!, Ordkonst hela &hellip; <a href=\"https:\/\/blog.edu.turku.fi\/laskunnighet\/material\/barn-och-barnfamiljer\/rikta-dig-till-lasning-barnboksorientering-pa-sommar-2021\/\" class=\"more-link\">Forts\u00e4tt l\u00e4sa<span class=\"screen-reader-text\"> \u201dBarnboksorientering 2021\u201d<\/span><\/a><\/p>\n","protected":false},"author":2465,"featured_media":1359,"parent":1587,"menu_order":0,"comment_status":"closed","ping_status":"closed","template":"","meta":{"footnotes":""},"class_list":["post-1321","page","type-page","status-publish","has-post-thumbnail","hentry"],"_links":{"self":[{"href":"https:\/\/blog.edu.turku.fi\/laskunnighet\/wp-json\/wp\/v2\/pages\/1321","targetHints":{"allow":["GET"]}}],"collection":[{"href":"https:\/\/blog.edu.turku.fi\/laskunnighet\/wp-json\/wp\/v2\/pages"}],"about":[{"href":"https:\/\/blog.edu.turku.fi\/laskunnighet\/wp-json\/wp\/v2\/types\/page"}],"author":[{"embeddable":true,"href":"https:\/\/blog.edu.turku.fi\/laskunnighet\/wp-json\/wp\/v2\/users\/2465"}],"replies":[{"embeddable":true,"href":"https:\/\/blog.edu.turku.fi\/laskunnighet\/wp-json\/wp\/v2\/comments?post=1321"}],"version-history":[{"count":21,"href":"https:\/\/blog.edu.turku.fi\/laskunnighet\/wp-json\/wp\/v2\/pages\/1321\/revisions"}],"predecessor-version":[{"id":1870,"href":"https:\/\/blog.edu.turku.fi\/laskunnighet\/wp-json\/wp\/v2\/pages\/1321\/revisions\/1870"}],"up":[{"embeddable":true,"href":"https:\/\/blog.edu.turku.fi\/laskunnighet\/wp-json\/wp\/v2\/pages\/1587"}],"wp:featuredmedia":[{"embeddable":true,"href":"https:\/\/blog.edu.turku.fi\/laskunnighet\/wp-json\/wp\/v2\/media\/1359"}],"wp:attachment":[{"href":"https:\/\/blog.edu.turku.fi\/laskunnighet\/wp-json\/wp\/v2\/media?parent=1321"}],"curies":[{"name":"wp","href":"https:\/\/api.w.org\/{rel}","templated":true}]}}