{"id":38,"date":"2015-06-23T14:26:09","date_gmt":"2015-06-23T11:26:09","guid":{"rendered":"https:\/\/blog.edu.turku.fi\/lansisuomenetarengas\/?page_id=38"},"modified":"2015-06-23T14:26:09","modified_gmt":"2015-06-23T11:26:09","slug":"suoritusohjeita","status":"publish","type":"page","link":"https:\/\/blog.edu.turku.fi\/lansisuomenetarengas\/suoritusohjeita\/","title":{"rendered":"Suoritusohjeita"},"content":{"rendered":"<p style=\"text-align: justify\"><span style=\"color: #0000ff\"><em>Suoritusaika<\/em><\/span><br \/>\nReaalikurssit ovat avoinna koko lukuvuoden. Muiden kurssien aukiolo voi vaihdella.<\/p>\n<p style=\"text-align: justify\">Kurssi on suoritettava sen lukuvuoden aikana, jona ilmoittautuu kurssille. Kurssi katsotaan alkaneeksi siit\u00e4 hetkest\u00e4, kun opiskelija kirjautuu kurssille j\u00e4rjest\u00e4v\u00e4n koulun oppimisalustalla tai ottaa ensimm\u00e4isen kerran yhteyden opettajaan. Kurssin minimisuoritusaika on kolme viikkoa. Huhtikuun viimeisen p\u00e4iv\u00e4n j\u00e4lkeen kursseille ei en\u00e4\u00e4 voi ilmoittautua, koska suoritusaika loppuu lukuvuoden lopussa.<\/p>\n<p style=\"text-align: justify\"><span style=\"color: #0000ff\"><em>Koe<\/em><\/span><br \/>\nVerkkokurssin kokeen suoritusp\u00e4ivi\u00e4 on lukuvuoden aikana v\u00e4hint\u00e4\u00e4n kaksi. Kurssin ohjeissa tiedotetaan mahdolliset koep\u00e4iv\u00e4t. Kokeeseen saa osallistua, kun on suorittanut kurssiin vaadittavat teht\u00e4v\u00e4t ja osasuoritukset. Verkkokursseista ei j\u00e4rjestet\u00e4 erillisi\u00e4 uusintakuulusteluita. Koulukohtaisesta k\u00e4yt\u00e4nn\u00f6st\u00e4 riippuen hyl\u00e4tyn arvosanan voi uusia j\u00e4rjest\u00e4v\u00e4n koulun normaalissa r\u00e4sti- tai uusintakokeessa.<\/p>\n","protected":false},"excerpt":{"rendered":"<p>Suoritusaika Reaalikurssit ovat avoinna koko lukuvuoden. Muiden kurssien aukiolo voi vaihdella. Kurssi on suoritettava sen lukuvuoden aikana, jona ilmoittautuu kurssille. Kurssi katsotaan alkaneeksi siit\u00e4 hetkest\u00e4, kun opiskelija kirjautuu kurssille j\u00e4rjest\u00e4v\u00e4n koulun oppimisalustalla tai ottaa ensimm\u00e4isen kerran yhteyden opettajaan. Kurssin minimisuoritusaika on kolme viikkoa. Huhtikuun viimeisen p\u00e4iv\u00e4n j\u00e4lkeen kursseille ei en\u00e4\u00e4 voi ilmoittautua, koska suoritusaika loppuu [&hellip;]<\/p>\n","protected":false},"author":5,"featured_media":0,"parent":0,"menu_order":0,"comment_status":"closed","ping_status":"closed","template":"","meta":{"ngg_post_thumbnail":0,"footnotes":""},"class_list":["post-38","page","type-page","status-publish","hentry"],"_links":{"self":[{"href":"https:\/\/blog.edu.turku.fi\/lansisuomenetarengas\/wp-json\/wp\/v2\/pages\/38","targetHints":{"allow":["GET"]}}],"collection":[{"href":"https:\/\/blog.edu.turku.fi\/lansisuomenetarengas\/wp-json\/wp\/v2\/pages"}],"about":[{"href":"https:\/\/blog.edu.turku.fi\/lansisuomenetarengas\/wp-json\/wp\/v2\/types\/page"}],"author":[{"embeddable":true,"href":"https:\/\/blog.edu.turku.fi\/lansisuomenetarengas\/wp-json\/wp\/v2\/users\/5"}],"replies":[{"embeddable":true,"href":"https:\/\/blog.edu.turku.fi\/lansisuomenetarengas\/wp-json\/wp\/v2\/comments?post=38"}],"version-history":[{"count":1,"href":"https:\/\/blog.edu.turku.fi\/lansisuomenetarengas\/wp-json\/wp\/v2\/pages\/38\/revisions"}],"predecessor-version":[{"id":39,"href":"https:\/\/blog.edu.turku.fi\/lansisuomenetarengas\/wp-json\/wp\/v2\/pages\/38\/revisions\/39"}],"wp:attachment":[{"href":"https:\/\/blog.edu.turku.fi\/lansisuomenetarengas\/wp-json\/wp\/v2\/media?parent=38"}],"curies":[{"name":"wp","href":"https:\/\/api.w.org\/{rel}","templated":true}]}}