{"id":29,"date":"2015-06-23T14:11:45","date_gmt":"2015-06-23T11:11:45","guid":{"rendered":"https:\/\/blog.edu.turku.fi\/lansisuomenetarengas\/?page_id=29"},"modified":"2025-05-30T08:50:50","modified_gmt":"2025-05-30T05:50:50","slug":"ilmoittautuminen","status":"publish","type":"page","link":"https:\/\/blog.edu.turku.fi\/lansisuomenetarengas\/ilmoittautuminen\/","title":{"rendered":"Ilmoittautuminen"},"content":{"rendered":"<p style=\"text-align: justify\"><span style=\"color: #0000ff\"><em>Ilmoittautuminen<\/em><\/span><br \/>\nIlmoittautua voi koska tahansa sin\u00e4 aikana, kun kurssi on tarjolla.<\/p>\n<p style=\"text-align: justify\"><span style=\"color: #0000ff\"><em>Varsinainen opiskelija \/ tutkinto-opiskelija:<\/em><\/span><br \/>\nSovi kurssin suorittamisesta ja sen hyv\u00e4ksymisest\u00e4 oman koulun kanssa.<br \/>\nT\u00e4yt\u00e4 ilmoittautumislomake\/maksusitoumuslomake (lomake l\u00f6ytyy sivun alalaidasta). J\u00e4t\u00e4 se koulun kansliaan. L\u00e4het\u00e4 s\u00e4hk\u00f6postia kurssille ilmoittautumisesta kurssin opettajalle.<br aria-hidden=\"true\">Kanslia l\u00e4hett\u00e4\u00e4 ilmoittautumistiedot kurssin j\u00e4rjest\u00e4v\u00e4\u00e4n kouluun. Opiskelijalle l\u00e4hetet\u00e4\u00e4n s\u00e4hk\u00f6postitse kurssin aloittamiseen liittyv\u00e4t ohjeet.<br \/>\nOpiskelija voi aloittaa kurssin suorittamisen saamansa ohjeen mukaisesti.<\/p>\n<p style=\"text-align: justify\"><span style=\"color: #0000ff\"><em>Aineopiskelija:<\/em><\/span><br \/>\nT\u00e4yt\u00e4 ilmoittautumislomake\/maksusitoumuslomake (lomake l\u00f6ytyy sivun alalaidasta). J\u00e4t\u00e4 se koulun kansliaan.<br \/>\nKanslia l\u00e4hett\u00e4\u00e4 ilmoittautumistiedot kurssin j\u00e4rjest\u00e4v\u00e4\u00e4n kouluun, josta opiskelijalle l\u00e4hetet\u00e4\u00e4n s\u00e4hk\u00f6postitse maksutiedot. Maksuperuste syntyy, kun opiskelija saa kurssille tunnukset.<br \/>\nKansliasta l\u00e4hetet\u00e4\u00e4n opiskelijalle kurssin aloittamiseen liittyv\u00e4t ohjeet.<br \/>\nOpiskelija voi aloittaa kurssin suorittamisen saamansa ohjeen mukaisesti.<\/p>\n<p style=\"text-align: justify\"><span style=\"color: #0000ff\"><em>Maksut<\/em><\/span><br \/>\nTutkintoon t\u00e4ht\u00e4\u00e4ville opiskelijoille verkkokurssit ovat maksuttomat lukuun ottamatta materiaali- ja oppikirjahankintoja, nettiyhteyksi\u00e4 ym.<\/p>\n<p style=\"text-align: justify\">Verkoston oppilaitosten aineopiskelijoilta perit\u00e4\u00e4n kurssin tarjoavan koulun m\u00e4\u00e4r\u00e4\u00e4m\u00e4 aineopiskelumaksu.<\/p>\n<p style=\"text-align: justify\"><span style=\"color: #0000ff\"><em>Oppilaitosten aineopiskelijamaksut<\/em><\/span><br \/>\n&nbsp;<br \/>\nKaarina 50 \u20ac \/ lukuvuosi<br \/>\nKokkola 20 \u20ac \/ kurssi, kuitenkin enint\u00e4\u00e4n 80 \u20ac \/ lukuvuosi<br \/>\nPirkanmaa 50 \u20ac \/ kurssi<br \/>\nTampere 100 \u20ac \/ lukukausi<br \/>\nTurku 20 \u20ac \/ kurssi<br \/>\nValkeakoski 50 \u20ac \/ kurssi<\/p>\n<p>&nbsp;<\/p>\n<p><a href=\"https:\/\/blog.edu.turku.fi\/lansisuomenetarengas\/files\/2024\/08\/LSE-ilmoittautumiskaavake-ja-maksusitoumus.pdf\">LSE ilmoittautumiskaavake-ja-maksusitoumus<\/a> (pdf)<\/p>\n<p><a href=\"https:\/\/blog.edu.turku.fi\/lansisuomenetarengas\/files\/2024\/08\/LSE-ilmoittautumiskaavake-ja-maksusitoumus.docx\">LSE ilmoittautumiskaavake-ja-maksusitoumus<\/a> (docx)<\/p>\n<p>&nbsp;<\/p>\n","protected":false},"excerpt":{"rendered":"<p>Ilmoittautuminen Ilmoittautua voi koska tahansa sin\u00e4 aikana, kun kurssi on tarjolla. Varsinainen opiskelija \/ tutkinto-opiskelija: Sovi kurssin suorittamisesta ja sen hyv\u00e4ksymisest\u00e4 oman koulun kanssa. T\u00e4yt\u00e4 ilmoittautumislomake\/maksusitoumuslomake (lomake l\u00f6ytyy sivun alalaidasta). J\u00e4t\u00e4 se koulun kansliaan. L\u00e4het\u00e4 s\u00e4hk\u00f6postia kurssille ilmoittautumisesta kurssin opettajalle.Kanslia l\u00e4hett\u00e4\u00e4 ilmoittautumistiedot kurssin j\u00e4rjest\u00e4v\u00e4\u00e4n kouluun. Opiskelijalle l\u00e4hetet\u00e4\u00e4n s\u00e4hk\u00f6postitse kurssin aloittamiseen liittyv\u00e4t ohjeet. Opiskelija voi aloittaa [&hellip;]<\/p>\n","protected":false},"author":31,"featured_media":0,"parent":0,"menu_order":0,"comment_status":"closed","ping_status":"closed","template":"","meta":{"ngg_post_thumbnail":0,"footnotes":""},"class_list":["post-29","page","type-page","status-publish","hentry"],"_links":{"self":[{"href":"https:\/\/blog.edu.turku.fi\/lansisuomenetarengas\/wp-json\/wp\/v2\/pages\/29","targetHints":{"allow":["GET"]}}],"collection":[{"href":"https:\/\/blog.edu.turku.fi\/lansisuomenetarengas\/wp-json\/wp\/v2\/pages"}],"about":[{"href":"https:\/\/blog.edu.turku.fi\/lansisuomenetarengas\/wp-json\/wp\/v2\/types\/page"}],"author":[{"embeddable":true,"href":"https:\/\/blog.edu.turku.fi\/lansisuomenetarengas\/wp-json\/wp\/v2\/users\/31"}],"replies":[{"embeddable":true,"href":"https:\/\/blog.edu.turku.fi\/lansisuomenetarengas\/wp-json\/wp\/v2\/comments?post=29"}],"version-history":[{"count":22,"href":"https:\/\/blog.edu.turku.fi\/lansisuomenetarengas\/wp-json\/wp\/v2\/pages\/29\/revisions"}],"predecessor-version":[{"id":269,"href":"https:\/\/blog.edu.turku.fi\/lansisuomenetarengas\/wp-json\/wp\/v2\/pages\/29\/revisions\/269"}],"wp:attachment":[{"href":"https:\/\/blog.edu.turku.fi\/lansisuomenetarengas\/wp-json\/wp\/v2\/media?parent=29"}],"curies":[{"name":"wp","href":"https:\/\/api.w.org\/{rel}","templated":true}]}}