{"id":2,"date":"2015-04-13T12:34:00","date_gmt":"2015-04-13T12:34:00","guid":{"rendered":"https:\/\/blog.edu.turku.fi\/lansisuomenetarengas\/?page_id=2"},"modified":"2025-05-30T09:00:50","modified_gmt":"2025-05-30T06:00:50","slug":"esimerkkisivu","status":"publish","type":"page","link":"https:\/\/blog.edu.turku.fi\/lansisuomenetarengas\/","title":{"rendered":"Yleist\u00e4"},"content":{"rendered":"<p style=\"text-align: justify\">Tervetuloa L\u00e4nsi-Suomen aikuislukioiden verkoston sivuille<\/p>\n<p style=\"text-align: justify\">Aikuislukioilla on yhteinen reaaliaineiden verkkokurssien tarjotin (reaalirengas), josta l\u00f6ytyy my\u00f6s muita lukiokursseja.<\/p>\n<h3 style=\"text-align: justify\"><span style=\"color: #3366ff\">Verkkokurssin luonne<\/span><\/h3>\n<p style=\"text-align: justify\">Reaaliaineiden verkkokurssit ovat lukion valtakunnallisesti syvent\u00e4vi\u00e4 kursseja, ja ne noudattavat siten tavoitteiltaan ja sis\u00e4ll\u00f6lt\u00e4\u00e4n valtakunnallista opetussuunnitelmaa. Muut kurssit ovat koulukohtaisia kursseja. Ne tukevat lukio-opintojen aloittamista ja etenemist\u00e4.<\/p>\n<p style=\"text-align: justify\">Kurssit pohjautuvat lukiossa k\u00e4ytett\u00e4viin oppikirjoihin. Verkossa oleva materiaali on opettajan tekem\u00e4\u00e4 oppikirjaa tukevaa lis\u00e4materiaalia. Se voi sis\u00e4lt\u00e4\u00e4 lis\u00e4aineistoa, -teht\u00e4vi\u00e4, ohjeita, selviytymisvinkkej\u00e4, erityyppisi\u00e4 mallikokeita ja aivan aitoja s\u00e4hk\u00f6isi\u00e4 kokeita.<\/p>\n<p style=\"text-align: justify\">Opettaja selvitt\u00e4\u00e4 kurssin suoritusohjeissa aikataulut, teht\u00e4v\u00e4t, ty\u00f6muodot ja sen, edellytt\u00e4\u00e4k\u00f6 h\u00e4n opiskelijan ottavan yhteytt\u00e4 kurssin aikana. Erityisen t\u00e4rke\u00e4\u00e4 on noudattaa opettajan antamaa aikataulutusohjetta. N\u00e4m\u00e4 ohjeet saat joko verkkokurssin oppimisymp\u00e4rist\u00f6st\u00e4, kun kirjaudut kurssille tai opettajan l\u00e4hett\u00e4m\u00e4ss\u00e4 s\u00e4hk\u00f6postissa.<\/p>\n<h3 style=\"text-align: justify\"><span style=\"color: #3366ff\">Verkkokurssin suorittamisen p\u00e4\u00e4periaatteet<\/span><\/h3>\n<p style=\"text-align: justify\">Reaaliaineiden kurssit ovat tarjolla koko lukuvuoden. Muiden aineiden kurssien aukiolo voi vaihdella.<\/p>\n<p style=\"text-align: justify\">Kurssit ovat kurssin tarjoavan koulun verkko-oppimisymp\u00e4rist\u00f6ss\u00e4.<\/p>\n<p style=\"text-align: justify\">Kurssi on suoritettava sen lukuvuoden aikana, jona ilmoittautuu kurssille.<\/p>\n<p style=\"text-align: justify\">Kurssikokeen suoritusp\u00e4ivi\u00e4 on lukuvuoden aikana v\u00e4hint\u00e4\u00e4n kaksi. Koulukohtaisesta toteutuksesta riippuen verkkokurssien koep\u00e4ivi\u00e4 voi olla useampia. Se selvi\u00e4\u00e4 kurssiohjeista. Erillisi\u00e4 uusintakuulusteluita ei j\u00e4rjestet\u00e4.<\/p>\n<h3 style=\"text-align: justify\"><span style=\"color: #3366ff\">Hyv\u00e4ksiluku<\/span><\/h3>\n<p style=\"text-align: justify\">Kurssisuoritukset luetaan hyv\u00e4ksi sellaisinaan kaikissa yhteisty\u00f6kouluissa.<\/p>\n<p style=\"text-align: justify\">&nbsp;<\/p>\n","protected":false},"excerpt":{"rendered":"<p>Tervetuloa L\u00e4nsi-Suomen aikuislukioiden verkoston sivuille Aikuislukioilla on yhteinen reaaliaineiden verkkokurssien tarjotin (reaalirengas), josta l\u00f6ytyy my\u00f6s muita lukiokursseja. Verkkokurssin luonne Reaaliaineiden verkkokurssit ovat lukion valtakunnallisesti syvent\u00e4vi\u00e4 kursseja, ja ne noudattavat siten tavoitteiltaan ja sis\u00e4ll\u00f6lt\u00e4\u00e4n valtakunnallista opetussuunnitelmaa. Muut kurssit ovat koulukohtaisia kursseja. Ne tukevat lukio-opintojen aloittamista ja etenemist\u00e4. Kurssit pohjautuvat lukiossa k\u00e4ytett\u00e4viin oppikirjoihin. Verkossa oleva materiaali on [&hellip;]<\/p>\n","protected":false},"author":31,"featured_media":0,"parent":0,"menu_order":0,"comment_status":"closed","ping_status":"open","template":"","meta":{"ngg_post_thumbnail":0,"footnotes":""},"class_list":["post-2","page","type-page","status-publish","hentry"],"_links":{"self":[{"href":"https:\/\/blog.edu.turku.fi\/lansisuomenetarengas\/wp-json\/wp\/v2\/pages\/2","targetHints":{"allow":["GET"]}}],"collection":[{"href":"https:\/\/blog.edu.turku.fi\/lansisuomenetarengas\/wp-json\/wp\/v2\/pages"}],"about":[{"href":"https:\/\/blog.edu.turku.fi\/lansisuomenetarengas\/wp-json\/wp\/v2\/types\/page"}],"author":[{"embeddable":true,"href":"https:\/\/blog.edu.turku.fi\/lansisuomenetarengas\/wp-json\/wp\/v2\/users\/31"}],"replies":[{"embeddable":true,"href":"https:\/\/blog.edu.turku.fi\/lansisuomenetarengas\/wp-json\/wp\/v2\/comments?post=2"}],"version-history":[{"count":4,"href":"https:\/\/blog.edu.turku.fi\/lansisuomenetarengas\/wp-json\/wp\/v2\/pages\/2\/revisions"}],"predecessor-version":[{"id":277,"href":"https:\/\/blog.edu.turku.fi\/lansisuomenetarengas\/wp-json\/wp\/v2\/pages\/2\/revisions\/277"}],"wp:attachment":[{"href":"https:\/\/blog.edu.turku.fi\/lansisuomenetarengas\/wp-json\/wp\/v2\/media?parent=2"}],"curies":[{"name":"wp","href":"https:\/\/api.w.org\/{rel}","templated":true}]}}