{"id":122,"date":"2018-05-16T20:03:08","date_gmt":"2018-05-16T17:03:08","guid":{"rendered":"https:\/\/blog.edu.turku.fi\/lansisuomenetarengas\/?page_id=122"},"modified":"2023-05-08T09:17:01","modified_gmt":"2023-05-08T06:17:01","slug":"kurssiselostuksia","status":"publish","type":"page","link":"https:\/\/blog.edu.turku.fi\/lansisuomenetarengas\/kurssiselostuksia\/","title":{"rendered":"Kurssiselostuksia"},"content":{"rendered":"<p>&nbsp;<\/p>\n<p>FILOSOFIA<\/p>\n<p><strong>FI 2 Etiikka (valtakunnallinen pakollinen)<\/strong><\/p>\n<p>Tavoitteet:<br \/>\nKurssilla perehdyt\u00e4\u00e4n filosofisen etiikan keskeisiin k\u00e4sitteisiin, kysymyksiin ja teorioihin sek\u00e4 ymp\u00e4rist\u00f6filosofian perusteisiin. Omia eettisi\u00e4 valintoja opitaan perustelemaan monipuolisesti. Kurssilla j\u00e4sennet\u00e4\u00e4n k\u00e4sityksi\u00e4 hyv\u00e4st\u00e4 ja oikeasta ja pohditaan oman el\u00e4m\u00e4n merkityksellisyytt\u00e4 ja el\u00e4m\u00e4nvalintoja filosofisan k\u00e4sitteist\u00f6n avulla.<\/p>\n<p>Keskeiset sis\u00e4ll\u00f6t:<br \/>\nMoraali ja sit\u00e4 pohtiva normatiivinen ja soveltava etiikka; hyve-, seuraus-, sopimus, oikeus- ja velvollisuusetiikan perusteet<br \/>\nFilosofisia teorioita el\u00e4m\u00e4n hyvyydest\u00e4 ja merkityksellisyydest\u00e4 sek\u00e4 hyv\u00e4st\u00e4 el\u00e4m\u00e4ntavasta<br \/>\nEtiikka ja yksil\u00f6n moraaliset ratkaisut: ihmissuhteet ja el\u00e4m\u00e4nvalinnat<br \/>\nEl\u00e4imi\u00e4 ja ymp\u00e4rist\u00f6\u00e4 koskevia eettisi\u00e4 kysymyksi\u00e4<\/p>\n<p><a href=\"mailto:ruude.piippo@edu.kokkola.fi\" target=\"_blank\" rel=\"noopener\">ruude.piippo@edu.kokkola.fi<\/a><br \/>\n<a href=\"https:\/\/www.kokkola.fi\/kasvatus-ja-koulutus\/lukiokoulutus\/kokkolan-aikuislukio-ja-ammattilukio\/\" target=\"_blank\" rel=\"noopener\">Kokkolan aikuis- ja ammattilukio<\/a><\/p>\n<p>&nbsp;<\/p>\n<div class=\"entry-content\">&nbsp;<\/div>\n<p>&nbsp;<\/p>\n","protected":false},"excerpt":{"rendered":"<p>&nbsp; FILOSOFIA FI 2 Etiikka (valtakunnallinen pakollinen) Tavoitteet: Kurssilla perehdyt\u00e4\u00e4n filosofisen etiikan keskeisiin k\u00e4sitteisiin, kysymyksiin ja teorioihin sek\u00e4 ymp\u00e4rist\u00f6filosofian perusteisiin. Omia eettisi\u00e4 valintoja opitaan perustelemaan monipuolisesti. Kurssilla j\u00e4sennet\u00e4\u00e4n k\u00e4sityksi\u00e4 hyv\u00e4st\u00e4 ja oikeasta ja pohditaan oman el\u00e4m\u00e4n merkityksellisyytt\u00e4 ja el\u00e4m\u00e4nvalintoja filosofisan k\u00e4sitteist\u00f6n avulla. Keskeiset sis\u00e4ll\u00f6t: Moraali ja sit\u00e4 pohtiva normatiivinen ja soveltava etiikka; hyve-, seuraus-, sopimus, [&hellip;]<\/p>\n","protected":false},"author":31,"featured_media":0,"parent":0,"menu_order":0,"comment_status":"closed","ping_status":"closed","template":"","meta":{"ngg_post_thumbnail":0,"footnotes":""},"class_list":["post-122","page","type-page","status-publish","hentry"],"_links":{"self":[{"href":"https:\/\/blog.edu.turku.fi\/lansisuomenetarengas\/wp-json\/wp\/v2\/pages\/122","targetHints":{"allow":["GET"]}}],"collection":[{"href":"https:\/\/blog.edu.turku.fi\/lansisuomenetarengas\/wp-json\/wp\/v2\/pages"}],"about":[{"href":"https:\/\/blog.edu.turku.fi\/lansisuomenetarengas\/wp-json\/wp\/v2\/types\/page"}],"author":[{"embeddable":true,"href":"https:\/\/blog.edu.turku.fi\/lansisuomenetarengas\/wp-json\/wp\/v2\/users\/31"}],"replies":[{"embeddable":true,"href":"https:\/\/blog.edu.turku.fi\/lansisuomenetarengas\/wp-json\/wp\/v2\/comments?post=122"}],"version-history":[{"count":12,"href":"https:\/\/blog.edu.turku.fi\/lansisuomenetarengas\/wp-json\/wp\/v2\/pages\/122\/revisions"}],"predecessor-version":[{"id":227,"href":"https:\/\/blog.edu.turku.fi\/lansisuomenetarengas\/wp-json\/wp\/v2\/pages\/122\/revisions\/227"}],"wp:attachment":[{"href":"https:\/\/blog.edu.turku.fi\/lansisuomenetarengas\/wp-json\/wp\/v2\/media?parent=122"}],"curies":[{"name":"wp","href":"https:\/\/api.w.org\/{rel}","templated":true}]}}