{"id":591,"date":"2024-10-10T15:21:29","date_gmt":"2024-10-10T12:21:29","guid":{"rendered":"https:\/\/blog.edu.turku.fi\/laadukkaasti-turun-lukioissa\/?page_id=591"},"modified":"2025-04-25T10:39:20","modified_gmt":"2025-04-25T07:39:20","slug":"laadun-arviointi-laatukriteerit-ja-laadunhallinnan-vuosikello","status":"publish","type":"page","link":"https:\/\/blog.edu.turku.fi\/laadukkaasti-turun-lukioissa\/laatukasikirja\/laadun-arviointi-laatukriteerit-ja-laadunhallinnan-vuosikello\/","title":{"rendered":"Laadun arviointi, laatukriteerit ja laadunhallinnan vuosikello"},"content":{"rendered":"\n<p>Koulutuksen laadunhallinnassa on siirrytty viime vuosikymmenin\u00e4 koulutuksen j\u00e4rjest\u00e4jien itsearviointia painottavaan suuntaan. Koulutuksen laatua tarkastellaan kokonaisuutena ja laatua varmistavat sovitut toimintatavat ja prosessit. Laadun jatkuvaan parantamiseen pyrit\u00e4\u00e4n ja ker\u00e4tty\u00e4 arviointitietoa hy\u00f6dynnet\u00e4\u00e4n monipuolisesti toiminnan kehitt\u00e4miseen.<sup data-fn=\"49a139fb-130e-4eeb-a102-f96e9bb8f8b5\" class=\"fn\"><a href=\"#49a139fb-130e-4eeb-a102-f96e9bb8f8b5\" id=\"49a139fb-130e-4eeb-a102-f96e9bb8f8b5-link\">1<\/a><\/sup><\/p>\n\n\n\n<p>Lukiokoulutuksen laadusta ja laadunhallinnasta vastaavat koulutuksen j\u00e4rjest\u00e4j\u00e4 ja oppilaitokset, jotka arvioivat toimintaa ja sen laatua, osallistuvat toiminnan ja laadunhallintaj\u00e4rjestelmien ulkoiseen arviointiin, hy\u00f6dynt\u00e4v\u00e4t seuranta- ja arviointitietoa.&nbsp;<sup data-fn=\"038c17ba-3d5d-48e7-8649-ef5459d56dff\" class=\"fn\"><a href=\"#038c17ba-3d5d-48e7-8649-ef5459d56dff\" id=\"038c17ba-3d5d-48e7-8649-ef5459d56dff-link\">2<\/a><\/sup><\/p>\n\n\n\n<p>Turun lukioiden laatuty\u00f6n tukena on <a href=\"https:\/\/blog.edu.turku.fi\/laadukkaasti-turun-lukioissa\/laadun-vuosikello\/\">laadunhallinnan vuosikello.<\/a> Vuosikello sis\u00e4lt\u00e4\u00e4 koko lukioyhteis\u00f6\u00e4 kattavan toiminnan arviointi- ja palautetiedon kokoamisen kehityskeskusteluineen. Lukuvuosittain saadaan tietoa opiskelija- ja henkil\u00f6kuntakyselyist\u00e4 ja huoltajilta. <strong>Liitteeseen 1 <\/strong>on listattu laadunhallinnan prosesseissa tarkasteltavat osa-alueet ja niihin liittyv\u00e4t mittarit sek\u00e4 laaduntarkastelun vastuutahot.&nbsp;<\/p>\n\n\n\n<p>Laadun hallinnan ja kehitt\u00e4misen v\u00e4lineen\u00e4 k\u00e4ytet\u00e4\u00e4n sek\u00e4 laadullisia ett\u00e4 m\u00e4\u00e4r\u00e4llisi\u00e4 toimintaa kuvaavia kriteereit\u00e4. <a href=\"https:\/\/blog.edu.turku.fi\/laadukkaasti-turun-lukioissa\/laatukriteerit\/\">Turun lukiokoulutukselle on laadittu laatukriteerit<\/a>, joiden tavoitteena on palvella lukiokoulutuksen kehitt\u00e4mist\u00e4  sek\u00e4 valtakunnallisten ett\u00e4 paikallisten strategisten tavoitteiden saavuttamiseksi. &nbsp;<\/p>\n\n\n\n<p class=\"has-medium-font-size\"><a href=\"https:\/\/blog.edu.turku.fi\/laadukkaasti-turun-lukioissa\/laatukasikirja\/lahdeaineistoa\/\" data-type=\"page\" data-id=\"174\">Seuraava sivu: L\u00e4hdeaineistoa<\/a><\/p>\n\n\n\n<hr class=\"wp-block-separator has-alpha-channel-opacity\" \/>\n\n\n<ol class=\"wp-block-footnotes\"><li id=\"49a139fb-130e-4eeb-a102-f96e9bb8f8b5\"><a href=\"https:\/\/julkaisut.valtioneuvosto.fi\/bitstream\/handle\/10024\/164436\/OKM_2022_43.pdf?sequence=1&amp;isAllowed=y\" target=\"_blank\" rel=\"noreferrer noopener\">Lukiokoulutuksen laatustrategia (valtioneuvosto.fi)<\/a> <a href=\"#49a139fb-130e-4eeb-a102-f96e9bb8f8b5-link\" aria-label=\"Siirry alaviitteeseen 1\">\u21a9\ufe0e<\/a><\/li><li id=\"038c17ba-3d5d-48e7-8649-ef5459d56dff\"><a href=\"https:\/\/finlex.fi\/eli?uri=http:\/\/data.finlex.fi\/eli\/sd\/2018\/714\/ajantasa\/2024-12-19\/fin\">Lukiolaki 714\/2018 &#8211; Ajantasainen lains\u00e4\u00e4d\u00e4nt\u00f6 &#8211; FINLEX \u00ae<\/a> <a href=\"#038c17ba-3d5d-48e7-8649-ef5459d56dff-link\" aria-label=\"Siirry alaviitteeseen 2\">\u21a9\ufe0e<\/a><\/li><\/ol>","protected":false},"excerpt":{"rendered":"<p>Koulutuksen laadunhallinnassa on siirrytty viime vuosikymmenin\u00e4 koulutuksen j\u00e4rjest\u00e4jien itsearviointia painottavaan suuntaan. Koulutuksen laatua tarkastellaan kokonaisuutena ja laatua varmistavat sovitut toimintatavat ja prosessit. Laadun jatkuvaan parantamiseen pyrit\u00e4\u00e4n ja ker\u00e4tty\u00e4 arviointitietoa hy\u00f6dynnet\u00e4\u00e4n monipuolisesti toiminnan kehitt\u00e4miseen. Lukiokoulutuksen laadusta ja laadunhallinnasta vastaavat koulutuksen j\u00e4rjest\u00e4j\u00e4 ja oppilaitokset, jotka arvioivat toimintaa ja sen laatua, osallistuvat toiminnan ja laadunhallintaj\u00e4rjestelmien ulkoiseen arviointiin, hy\u00f6dynt\u00e4v\u00e4t &hellip; <a href=\"https:\/\/blog.edu.turku.fi\/laadukkaasti-turun-lukioissa\/laatukasikirja\/laadun-arviointi-laatukriteerit-ja-laadunhallinnan-vuosikello\/\" class=\"more-link\">Jatka lukemista<span class=\"screen-reader-text\"> &#8221;Laadun arviointi, laatukriteerit ja laadunhallinnan vuosikello&#8221;<\/span><\/a><\/p>\n","protected":false},"author":56,"featured_media":0,"parent":13,"menu_order":0,"comment_status":"closed","ping_status":"closed","template":"","meta":{"footnotes":"[{\"id\":\"49a139fb-130e-4eeb-a102-f96e9bb8f8b5\",\"content\":\"<a href=\\\"https:\\\/\\\/julkaisut.valtioneuvosto.fi\\\/bitstream\\\/handle\\\/10024\\\/164436\\\/OKM_2022_43.pdf?sequence=1&amp;isAllowed=y\\\" target=\\\"_blank\\\" rel=\\\"noreferrer noopener\\\">Lukiokoulutuksen laatustrategia (valtioneuvosto.fi)<\\\/a>\"},{\"id\":\"038c17ba-3d5d-48e7-8649-ef5459d56dff\",\"content\":\"<a href=\\\"https:\\\/\\\/finlex.fi\\\/eli?uri=http:\\\/\\\/data.finlex.fi\\\/eli\\\/sd\\\/2018\\\/714\\\/ajantasa\\\/2024-12-19\\\/fin\\\">Lukiolaki 714\\\/2018 - Ajantasainen lains\\u00e4\\u00e4d\\u00e4nt\\u00f6 - FINLEX \\u00ae<\\\/a>\"}]"},"class_list":["post-591","page","type-page","status-publish","hentry"],"_links":{"self":[{"href":"https:\/\/blog.edu.turku.fi\/laadukkaasti-turun-lukioissa\/wp-json\/wp\/v2\/pages\/591","targetHints":{"allow":["GET"]}}],"collection":[{"href":"https:\/\/blog.edu.turku.fi\/laadukkaasti-turun-lukioissa\/wp-json\/wp\/v2\/pages"}],"about":[{"href":"https:\/\/blog.edu.turku.fi\/laadukkaasti-turun-lukioissa\/wp-json\/wp\/v2\/types\/page"}],"author":[{"embeddable":true,"href":"https:\/\/blog.edu.turku.fi\/laadukkaasti-turun-lukioissa\/wp-json\/wp\/v2\/users\/56"}],"replies":[{"embeddable":true,"href":"https:\/\/blog.edu.turku.fi\/laadukkaasti-turun-lukioissa\/wp-json\/wp\/v2\/comments?post=591"}],"version-history":[{"count":13,"href":"https:\/\/blog.edu.turku.fi\/laadukkaasti-turun-lukioissa\/wp-json\/wp\/v2\/pages\/591\/revisions"}],"predecessor-version":[{"id":1678,"href":"https:\/\/blog.edu.turku.fi\/laadukkaasti-turun-lukioissa\/wp-json\/wp\/v2\/pages\/591\/revisions\/1678"}],"up":[{"embeddable":true,"href":"https:\/\/blog.edu.turku.fi\/laadukkaasti-turun-lukioissa\/wp-json\/wp\/v2\/pages\/13"}],"wp:attachment":[{"href":"https:\/\/blog.edu.turku.fi\/laadukkaasti-turun-lukioissa\/wp-json\/wp\/v2\/media?parent=591"}],"curies":[{"name":"wp","href":"https:\/\/api.w.org\/{rel}","templated":true}]}}