{"id":4,"date":"2023-08-28T08:37:58","date_gmt":"2023-08-28T05:37:58","guid":{"rendered":"https:\/\/blog.edu.turku.fi\/laadukkaasti-turun-lukioissa\/?page_id=4"},"modified":"2025-04-29T09:39:02","modified_gmt":"2025-04-29T06:39:02","slug":"etusivu","status":"publish","type":"page","link":"https:\/\/blog.edu.turku.fi\/laadukkaasti-turun-lukioissa\/","title":{"rendered":"Laadukas Turun lukiokoulutus"},"content":{"rendered":"<p>T\u00e4lle sivustolle koottu materiaali tukee\u00a0 Turun lukiokoulutuksen henkil\u00f6kuntaa, opiskelijoita ja johtoa laadun kehitt\u00e4misty\u00f6ss\u00e4.<\/p>\n<p><span style=\"color: revert\">Laatuk\u00e4sikirja, laatukriteerit ja laadunhallinnan vuosikello sek\u00e4 kehitetyt hyv\u00e4t k\u00e4yt\u00e4nteet kuvaavat\u00a0 lukiokoulutuksen sidosryhmille Turun lukiokoulutuksen jatkuvaa laatuty\u00f6t\u00e4.<\/span><\/p>\n<p><strong><em>Laadukas ja saavutettava Turun lukiokoulutus -hanke on toteutettu vuosina 2023-2025 Opetushallituksen tuella.<\/em><\/strong><\/p>\n<p><strong>Lis\u00e4tietoja:<\/strong><\/p>\n<p>Jatta Paakkinen (jatta.paakkinen@edu.turku.fi)<\/p>\n<p>Milla M\u00e4ntt\u00e4ri (milla.manttari@turku.fi)<\/p>\n<h2><\/h2>\n","protected":false},"excerpt":{"rendered":"<p>T\u00e4lle sivustolle koottu materiaali tukee\u00a0 Turun lukiokoulutuksen henkil\u00f6kuntaa, opiskelijoita ja johtoa laadun kehitt\u00e4misty\u00f6ss\u00e4. Laatuk\u00e4sikirja, laatukriteerit ja laadunhallinnan vuosikello sek\u00e4 kehitetyt hyv\u00e4t k\u00e4yt\u00e4nteet kuvaavat\u00a0 lukiokoulutuksen sidosryhmille Turun lukiokoulutuksen jatkuvaa laatuty\u00f6t\u00e4. Laadukas ja saavutettava Turun lukiokoulutus -hanke on toteutettu vuosina 2023-2025 Opetushallituksen tuella. Lis\u00e4tietoja: Jatta Paakkinen (jatta.paakkinen@edu.turku.fi) Milla M\u00e4ntt\u00e4ri (milla.manttari@turku.fi)<\/p>\n","protected":false},"author":56,"featured_media":0,"parent":0,"menu_order":0,"comment_status":"closed","ping_status":"closed","template":"","meta":{"footnotes":""},"class_list":["post-4","page","type-page","status-publish","hentry"],"_links":{"self":[{"href":"https:\/\/blog.edu.turku.fi\/laadukkaasti-turun-lukioissa\/wp-json\/wp\/v2\/pages\/4","targetHints":{"allow":["GET"]}}],"collection":[{"href":"https:\/\/blog.edu.turku.fi\/laadukkaasti-turun-lukioissa\/wp-json\/wp\/v2\/pages"}],"about":[{"href":"https:\/\/blog.edu.turku.fi\/laadukkaasti-turun-lukioissa\/wp-json\/wp\/v2\/types\/page"}],"author":[{"embeddable":true,"href":"https:\/\/blog.edu.turku.fi\/laadukkaasti-turun-lukioissa\/wp-json\/wp\/v2\/users\/56"}],"replies":[{"embeddable":true,"href":"https:\/\/blog.edu.turku.fi\/laadukkaasti-turun-lukioissa\/wp-json\/wp\/v2\/comments?post=4"}],"version-history":[{"count":21,"href":"https:\/\/blog.edu.turku.fi\/laadukkaasti-turun-lukioissa\/wp-json\/wp\/v2\/pages\/4\/revisions"}],"predecessor-version":[{"id":1715,"href":"https:\/\/blog.edu.turku.fi\/laadukkaasti-turun-lukioissa\/wp-json\/wp\/v2\/pages\/4\/revisions\/1715"}],"wp:attachment":[{"href":"https:\/\/blog.edu.turku.fi\/laadukkaasti-turun-lukioissa\/wp-json\/wp\/v2\/media?parent=4"}],"curies":[{"name":"wp","href":"https:\/\/api.w.org\/{rel}","templated":true}]}}