{"id":371,"date":"2024-09-19T09:55:44","date_gmt":"2024-09-19T06:55:44","guid":{"rendered":"https:\/\/blog.edu.turku.fi\/laadukkaasti-turun-lukioissa\/?page_id=371"},"modified":"2025-01-14T10:40:35","modified_gmt":"2025-01-14T08:40:35","slug":"laadun-vuosikello","status":"publish","type":"page","link":"https:\/\/blog.edu.turku.fi\/laadukkaasti-turun-lukioissa\/laadun-vuosikello\/","title":{"rendered":"Laadun vuosikello"},"content":{"rendered":"\n<p>Laadun vuosikello on tuotettu Turun lukioiden laatuty\u00f6n tueksi.<\/p>\n\n\n\n<p>Vuosikelloa on mahdollista tarkastella yleisn\u00e4kym\u00e4n\u00e4 tai suodattamalla pienempiin kokonaisuuksiin. Voit valita n\u00e4kym\u00e4ksi opiskelijan, opettajan, rehtorin ja\/tai palvelualuejohtajan. Lis\u00e4ksi voit rajata n\u00e4kym\u00e4\u00e4 eri toimintoihin, joita ovat kokonaisarviointi, tulosten k\u00e4sittely, kyselyt ja kehityskeskustelut.<\/p>\n\n\n\n<p>Vuosikellon yl\u00e4kulmasta yleisn\u00e4kym\u00e4 on mahdollista asettaa kiekon sijaan listaksi tai kalenteriksi.<\/p>\n\n\n\n<p><\/p>\n\n\n\n\n<!-- iframe plugin v.6.0 wordpress.org\/plugins\/iframe\/ -->\n<iframe loading=\"lazy\" src=\"https:\/\/create.plandisc.com\/wheel\/embedsmall\/5x6skJ8\" width=\"100%\" height=\"900\" scrolling=\"yes\" class=\"iframe-class\" frameborder=\"0\"><\/iframe>\n\n\n\n\n<p><a href=\"https:\/\/create.plandisc.com\/wheel\/showPublic\/5x6skJ8\">Laadunhallinnan vuosikello Plandisc-palvelussa<\/a><\/p>\n\n\n\n<p><\/p>\n","protected":false},"excerpt":{"rendered":"<p>Laadun vuosikello on tuotettu Turun lukioiden laatuty\u00f6n tueksi. Vuosikelloa on mahdollista tarkastella yleisn\u00e4kym\u00e4n\u00e4 tai suodattamalla pienempiin kokonaisuuksiin. Voit valita n\u00e4kym\u00e4ksi opiskelijan, opettajan, rehtorin ja\/tai palvelualuejohtajan. Lis\u00e4ksi voit rajata n\u00e4kym\u00e4\u00e4 eri toimintoihin, joita ovat kokonaisarviointi, tulosten k\u00e4sittely, kyselyt ja kehityskeskustelut. Vuosikellon yl\u00e4kulmasta yleisn\u00e4kym\u00e4 on mahdollista asettaa kiekon sijaan listaksi tai kalenteriksi. Laadunhallinnan vuosikello Plandisc-palvelussa<\/p>\n","protected":false},"author":56,"featured_media":0,"parent":0,"menu_order":0,"comment_status":"closed","ping_status":"closed","template":"","meta":{"footnotes":""},"class_list":["post-371","page","type-page","status-publish","hentry"],"_links":{"self":[{"href":"https:\/\/blog.edu.turku.fi\/laadukkaasti-turun-lukioissa\/wp-json\/wp\/v2\/pages\/371","targetHints":{"allow":["GET"]}}],"collection":[{"href":"https:\/\/blog.edu.turku.fi\/laadukkaasti-turun-lukioissa\/wp-json\/wp\/v2\/pages"}],"about":[{"href":"https:\/\/blog.edu.turku.fi\/laadukkaasti-turun-lukioissa\/wp-json\/wp\/v2\/types\/page"}],"author":[{"embeddable":true,"href":"https:\/\/blog.edu.turku.fi\/laadukkaasti-turun-lukioissa\/wp-json\/wp\/v2\/users\/56"}],"replies":[{"embeddable":true,"href":"https:\/\/blog.edu.turku.fi\/laadukkaasti-turun-lukioissa\/wp-json\/wp\/v2\/comments?post=371"}],"version-history":[{"count":16,"href":"https:\/\/blog.edu.turku.fi\/laadukkaasti-turun-lukioissa\/wp-json\/wp\/v2\/pages\/371\/revisions"}],"predecessor-version":[{"id":939,"href":"https:\/\/blog.edu.turku.fi\/laadukkaasti-turun-lukioissa\/wp-json\/wp\/v2\/pages\/371\/revisions\/939"}],"wp:attachment":[{"href":"https:\/\/blog.edu.turku.fi\/laadukkaasti-turun-lukioissa\/wp-json\/wp\/v2\/media?parent=371"}],"curies":[{"name":"wp","href":"https:\/\/api.w.org\/{rel}","templated":true}]}}