{"id":174,"date":"2024-08-14T11:08:00","date_gmt":"2024-08-14T08:08:00","guid":{"rendered":"https:\/\/blog.edu.turku.fi\/laadukkaasti-turun-lukioissa\/?page_id=174"},"modified":"2025-04-25T10:48:30","modified_gmt":"2025-04-25T07:48:30","slug":"lahdeaineistoa","status":"publish","type":"page","link":"https:\/\/blog.edu.turku.fi\/laadukkaasti-turun-lukioissa\/laatukasikirja\/lahdeaineistoa\/","title":{"rendered":"L\u00e4hdeaineistoa"},"content":{"rendered":"\n<h5 class=\"wp-block-heading\">K\u00e4sikirjan kokoamisen aikana on perehdytty seuraaviin l\u00e4hteisiin:<\/h5>\n\n\n\n<p> Anttila, J. &amp; Jussila, K. 2016, <a href=\"https:\/\/sfs.fi\/mita-laatu-on\/\">Mit\u00e4 laatu on? | SFS<\/a><\/p>\n\n\n\n<p><a href=\"https:\/\/www.karvi.fi\/fi\/tietoa-meista\/tietoa-arvioinneista\/arvioinnin-ja-laadunhallinnan-tuen-kasitteet\">Arvioinnin ja laadunhallinnan tuen k\u00e4sitteet | Kansallinen koulutuksen arviointikeskus (Karvi)<\/a><\/p>\n\n\n\n<p><a href=\"https:\/\/www.oph.fi\/sites\/default\/files\/documents\/Hyv%C3%A4n%20ohjauksen%20kriteerit_0.pdf\">Hyv\u00e4n ohjauksen kriteerit , OPH julkaisu, 2023<\/a><\/p>\n\n\n\n<p> <a href=\"https:\/\/sfs.fi\/standardeista\/tutustu-standardeihin\/suositut-standardit\/iso-9001-laadunhallinta\/\">ISO 9001 Laadunhallinta | SFS<\/a><\/p>\n\n\n\n<p><a href=\"https:\/\/www.vamk.fi\/tietoa\/korkeakoulu\/laatu\/laatukasikirja-2023-25?highlight=laatuk%C3%A4sikirja\">Laatuk\u00e4sikirja 2021-22 &#8211; VAMK<\/a><\/p>\n\n\n\n<p><a href=\"https:\/\/www.mattivuori.net\/kehittaminen\/laatustrategia\/index.htm\">Laatustrategian keskeiset elementit (mattivuori.net)<\/a><\/p>\n\n\n\n<p><a href=\"http:\/\/urn.fi\/URN:ISBN:978-952-263-809-0\">Lukiokoulutuksen laatustrategia, Opetus- ja kulttuuriministeri\u00f6n julkaisuja: 2022:43<\/a><\/p>\n\n\n\n<p><a href=\"https:\/\/www.karvi.fi\/sites\/default\/files\/sites\/default\/files\/documents\/KARVI_0823.pdf\">Lukiokoulutusta uudistetaan &#8211; uudistuvatko lukiot, julkaisu 8\/2023, Kansallinen koulutuksen arviointikesku (Karvi)<\/a><\/p>\n\n\n\n<p><a href=\"https:\/\/finlex.fi\/eli?uri=http:\/\/data.finlex.fi\/eli\/sd\/2018\/714\/ajantasa\/2024-12-19\/fin\">Lukiolaki 714\/2018 &#8211; Ajantasainen lains\u00e4\u00e4d\u00e4nt\u00f6 &#8211; FINLEX<\/a><a href=\"https:\/\/finlex.fi\/fi\/laki\/ajantasa\/2018\/20180714\"> \u00ae<\/a><\/p>\n\n\n\n<p><a href=\"https:\/\/www.oph.fi\/fi\/koulutus-ja-tutkinnot\/lukion-opetussuunnitelmien-perusteet\">Lukion opetussuunnitelmien perusteet | Opetushallitus (oph.fi)<\/a> <\/p>\n\n\n\n<p><a href=\"https:\/\/www.karvi.fi\/sites\/default\/files\/sites\/default\/files\/documents\/KARVI_2524.pdf\">Opinto-ohjauksen uusien muotojen arviointiraportti, Kansallinen koulutuksen arviointikeskus (Karvi)<\/a><\/p>\n\n\n\n<p> <a href=\"https:\/\/julkaisut.valtioneuvosto.fi\/handle\/10024\/78860\">Perusopetuksen laatukriteerit &#8211; Valto (valtioneuvosto.fi)<\/a><\/p>\n\n\n\n<p>Turun lukiokoulutuksen laadunhallintaj\u00e4rjestelm\u00e4 vuodelta 2017 (asiakirja, ei painettu)<\/p>\n\n\n\n<p>Turun lukiokoulutus, toiminnan arviointij\u00e4rjestelm\u00e4 vuodelta 2020 (asiakirja, ei painettu)<\/p>\n\n\n\n<p><a href=\"https:\/\/blog.edu.turku.fi\/laadukkaasti-turun-lukioissa\/files\/2025\/03\/Tuen-ja-ohjauksen-strategia-lukiokoulutus-ja-ammatillinen-koulutus-2024-2030.pdf\">Turun toisen asteen tuen strategia<\/a><\/p>\n\n\n\n<p><a href=\"https:\/\/www.utu.fi\/sites\/default\/files\/public%3A\/media\/file\/Turun%20yliopiston%20laatuk%C3%A4sikirja.pdf\" data-type=\"link\" data-id=\"https:\/\/www.utu.fi\/sites\/default\/files\/public%3A\/media\/file\/Turun%20yliopiston%20laatuk%C3%A4sikirja.pdf\">Turun yliopiston laatuk\u00e4sikirja: Laatu Outra_0.pdf (utu.fi)<\/a><\/p>\n\n\n\n<p><\/p>\n\n\n\n<p><\/p>\n\n\n\n<p><\/p>\n\n\n\n<p><\/p>\n\n\n\n<p><\/p>\n\n\n\n<p><\/p>\n\n\n\n<p><\/p>\n\n\n\n<p>&nbsp;<\/p>\n\n\n\n<hr class=\"wp-block-separator has-alpha-channel-opacity\" \/>\n","protected":false},"excerpt":{"rendered":"<p>K\u00e4sikirjan kokoamisen aikana on perehdytty seuraaviin l\u00e4hteisiin: Anttila, J. &amp; Jussila, K. 2016, Mit\u00e4 laatu on? | SFS Arvioinnin ja laadunhallinnan tuen k\u00e4sitteet | Kansallinen koulutuksen arviointikeskus (Karvi) Hyv\u00e4n ohjauksen kriteerit , OPH julkaisu, 2023 ISO 9001 Laadunhallinta | SFS Laatuk\u00e4sikirja 2021-22 &#8211; VAMK Laatustrategian keskeiset elementit (mattivuori.net) Lukiokoulutuksen laatustrategia, Opetus- ja kulttuuriministeri\u00f6n julkaisuja: 2022:43 &hellip; <a href=\"https:\/\/blog.edu.turku.fi\/laadukkaasti-turun-lukioissa\/laatukasikirja\/lahdeaineistoa\/\" class=\"more-link\">Jatka lukemista<span class=\"screen-reader-text\"> &#8221;L\u00e4hdeaineistoa&#8221;<\/span><\/a><\/p>\n","protected":false},"author":56,"featured_media":0,"parent":13,"menu_order":0,"comment_status":"closed","ping_status":"closed","template":"","meta":{"footnotes":""},"class_list":["post-174","page","type-page","status-publish","hentry"],"_links":{"self":[{"href":"https:\/\/blog.edu.turku.fi\/laadukkaasti-turun-lukioissa\/wp-json\/wp\/v2\/pages\/174","targetHints":{"allow":["GET"]}}],"collection":[{"href":"https:\/\/blog.edu.turku.fi\/laadukkaasti-turun-lukioissa\/wp-json\/wp\/v2\/pages"}],"about":[{"href":"https:\/\/blog.edu.turku.fi\/laadukkaasti-turun-lukioissa\/wp-json\/wp\/v2\/types\/page"}],"author":[{"embeddable":true,"href":"https:\/\/blog.edu.turku.fi\/laadukkaasti-turun-lukioissa\/wp-json\/wp\/v2\/users\/56"}],"replies":[{"embeddable":true,"href":"https:\/\/blog.edu.turku.fi\/laadukkaasti-turun-lukioissa\/wp-json\/wp\/v2\/comments?post=174"}],"version-history":[{"count":22,"href":"https:\/\/blog.edu.turku.fi\/laadukkaasti-turun-lukioissa\/wp-json\/wp\/v2\/pages\/174\/revisions"}],"predecessor-version":[{"id":1686,"href":"https:\/\/blog.edu.turku.fi\/laadukkaasti-turun-lukioissa\/wp-json\/wp\/v2\/pages\/174\/revisions\/1686"}],"up":[{"embeddable":true,"href":"https:\/\/blog.edu.turku.fi\/laadukkaasti-turun-lukioissa\/wp-json\/wp\/v2\/pages\/13"}],"wp:attachment":[{"href":"https:\/\/blog.edu.turku.fi\/laadukkaasti-turun-lukioissa\/wp-json\/wp\/v2\/media?parent=174"}],"curies":[{"name":"wp","href":"https:\/\/api.w.org\/{rel}","templated":true}]}}