{"id":168,"date":"2024-08-14T11:07:31","date_gmt":"2024-08-14T08:07:31","guid":{"rendered":"https:\/\/blog.edu.turku.fi\/laadukkaasti-turun-lukioissa\/?page_id=168"},"modified":"2025-04-25T09:59:15","modified_gmt":"2025-04-25T06:59:15","slug":"lukiokoulutuksen-laadunhallinta-ja-sen-prosessit","status":"publish","type":"page","link":"https:\/\/blog.edu.turku.fi\/laadukkaasti-turun-lukioissa\/laatukasikirja\/lukiokoulutuksen-laadunhallinta-ja-sen-prosessit\/","title":{"rendered":"Lukiokoulutuksen laadunhallinta ja sen prosessit"},"content":{"rendered":"\n<h4 class=\"wp-block-heading\"><strong>Laadunhallinta<\/strong><\/h4>\n\n\n\n<p>Laadunhallinnalla<sup data-fn=\"2a1cb638-f532-4c59-b23f-a93833dac870\" class=\"fn\"><a href=\"#2a1cb638-f532-4c59-b23f-a93833dac870\" id=\"2a1cb638-f532-4c59-b23f-a93833dac870-link\">1<\/a><\/sup> tarkoitetaan toimintaa tai j\u00e4rjestelm\u00e4\u00e4, joka kattaa organisaation henkil\u00f6st\u00f6n, palvelut, koulutuksen, tilat ja laitteet sek\u00e4 m\u00e4\u00e4rittelee n\u00e4iden roolit asetettujen laatutavoitteiden saavuttamisessa. Laadunhallinnasta voidaan k\u00e4ytt\u00e4\u00e4 my\u00f6s nimityksi\u00e4 laatuj\u00e4rjestelm\u00e4 tai laadunhallintaj\u00e4rjestelm\u00e4. <sup data-fn=\"657957f8-8e11-4fea-879a-e97a1c5e36b7\" class=\"fn\"><a href=\"#657957f8-8e11-4fea-879a-e97a1c5e36b7\" id=\"657957f8-8e11-4fea-879a-e97a1c5e36b7-link\">2<\/a><\/sup><\/p>\n\n\n\n<p>Laadunhallinta Turun lukioissa pohjautuu vuoteen 2030 asti ulottuvan <a href=\"https:\/\/julkaisut.valtioneuvosto.fi\/bitstream\/handle\/10024\/164436\/OKM_2022_43.pdf?sequence=1&amp;isAllowed=y\" target=\"_blank\" rel=\"noreferrer noopener\"><strong>Lukiokoulutuksen laatustrategian<\/strong><\/a> sis\u00e4lt\u00e4miin tavoitteisiin ja visioihin sek\u00e4 lukiolakiin.<sup><a href=\"https:\/\/julkaisut.valtioneuvosto.fi\/bitstream\/handle\/10024\/164436\/OKM_2022_43.pdf?sequence=1&amp;isAllowed=y\" data-type=\"link\" data-id=\"https:\/\/julkaisut.valtioneuvosto.fi\/bitstream\/handle\/10024\/164436\/OKM_2022_43.pdf?sequence=1&amp;isAllowed=y\">3<\/a><\/sup> Strategian tavoitteet, visio sek\u00e4 koulutuksen j\u00e4rjest\u00e4j\u00e4n jatkuva laadunhallinta ja toiminnan kehitt\u00e4minen on koottu oheiseen kuvaan 3. Koulutuksen j\u00e4rjest\u00e4j\u00e4 vastaa j\u00e4rjest\u00e4m\u00e4ns\u00e4 koulutuksen laadusta ja laadunhallinnan jatkuvasta kehitt\u00e4misest\u00e4. Laki velvoittaa sek\u00e4 itsearviointiin ett\u00e4 osallistumaan s\u00e4\u00e4nn\u00f6llisesti ulkopuoliseen arviointiin. Lains\u00e4\u00e4d\u00e4nt\u00f6 tai lukiokoulutuksen laatustrategia ei tarkemmin m\u00e4\u00e4rit\u00e4 lukioiden laadunhallinnan menetelmi\u00e4 ja suuntaviivoja.<\/p>\n\n\n\n<p>Laadunhallintaa kehitet\u00e4\u00e4n lukioissa em. laatustrategian mukaisesti systemaattiseksi, vakiintuneeksi ja tietoperustaiseksi toiminnaksi, jolla on yhteisesti sovitut tavoitteet.<sup data-fn=\"f37ab5aa-2612-4c77-9567-643509bfe32f\" class=\"fn\"><a href=\"#f37ab5aa-2612-4c77-9567-643509bfe32f\" id=\"f37ab5aa-2612-4c77-9567-643509bfe32f-link\">3<\/a><\/sup><\/p>\n\n\n\n<p>Lukiokoulutuksen laatustrategiassa laatutekij\u00f6it\u00e4 ovat <strong>laadukas oppiminen, hyvinvointi ja osallisuus, kehittyv\u00e4 toimintakulttuuri ja saavutettava lukiokoulutus<\/strong>. N\u00e4ihin laatutekij\u00f6ihin on m\u00e4\u00e4ritelty tavoitetaso mm. lains\u00e4\u00e4d\u00e4nn\u00f6ss\u00e4 ja opetussuunnitelman perusteissa. Valtakunnallisten tavoitteiden lis\u00e4ksi lukiokoulutus edist\u00e4\u00e4 kaupungin asettamia strategisia tavoitteita, jotka ovat <strong>Toisen asteen tuen ja ohjauksen strategia<\/strong><a href=\"https:\/\/blog.edu.turku.fi\/laadukkaasti-turun-lukioissa\/files\/2025\/03\/Tuen-ja-ohjauksen-strategia-lukiokoulutus-ja-ammatillinen-koulutus-2024-2030.pdf\"><sup data-fn=\"51ec5cdb-a1de-427c-b019-2d7ed4897002\" class=\"fn\">4<\/sup><\/a> ja kaupungin osaamisen k\u00e4rkihankkeen strategia eli<strong> Maan paras oppimispolku, <\/strong>jonka pyrkimyksen\u00e4 on vahvistaa alueen osaamista ja kehitt\u00e4\u00e4 ratkaisuja, joilla vastataan tulevaisuuden osaamistarpeisiin.<sup data-fn=\"96716e5e-e2cf-451e-be6c-3435a3ea14c9\" class=\"fn\"><a href=\"#96716e5e-e2cf-451e-be6c-3435a3ea14c9\" id=\"96716e5e-e2cf-451e-be6c-3435a3ea14c9-link\">5<\/a><\/sup>\u202f\u00a0<\/p>\n\n\n\n<p><strong>Kuva 3. <\/strong>Lukiokoulutuksen laatustrategian tavoitteet, visio sek\u00e4 koulutuksen j\u00e4rjest\u00e4j\u00e4n jatkuva laadunhallinta ja toiminnan kehitt\u00e4minen&nbsp;<\/p>\n\n\n<div class=\"wp-block-image\">\n<figure class=\"aligncenter size-full\"><img loading=\"lazy\" decoding=\"async\" width=\"1024\" height=\"923\" src=\"https:\/\/blog.edu.turku.fi\/laadukkaasti-turun-lukioissa\/files\/2025\/01\/Lukion-laatustrategia-5-uusi-kuva-1.jpg\" alt=\"\" class=\"wp-image-1175\" style=\"object-fit:cover\" srcset=\"https:\/\/blog.edu.turku.fi\/laadukkaasti-turun-lukioissa\/files\/2025\/01\/Lukion-laatustrategia-5-uusi-kuva-1.jpg 1024w, https:\/\/blog.edu.turku.fi\/laadukkaasti-turun-lukioissa\/files\/2025\/01\/Lukion-laatustrategia-5-uusi-kuva-1-300x270.jpg 300w, https:\/\/blog.edu.turku.fi\/laadukkaasti-turun-lukioissa\/files\/2025\/01\/Lukion-laatustrategia-5-uusi-kuva-1-768x692.jpg 768w\" sizes=\"auto, (max-width: 709px) 85vw, (max-width: 909px) 67vw, (max-width: 1362px) 62vw, 840px\" \/><\/figure>\n<\/div>\n\n\n<p><\/p>\n\n\n\n<p><strong>Turun lukiokoulutuksen paikallisesti tarkasteltavat laadun strategiset tavoitteet ovat seuraavat:<\/strong><\/p>\n\n\n\n<p><strong>Oppiva ja kehittyv\u00e4 organisaatio <\/strong>on opetuksen kehitt\u00e4mist\u00e4, kaikkien osallistamista, henkil\u00f6st\u00f6n osaamisesta huolehtimista sek\u00e4 joustavuutta ja kyky\u00e4 muuttaa toimintakulttuuria.<\/p>\n\n\n\n<p><br><strong>Opiskelija- ja oppimiskeskeisyys <\/strong>on oppimisen halun sytytt\u00e4mist\u00e4 ja yll\u00e4pit\u00e4mist\u00e4, laadukasta opetusta, monipuolista, monipuolista ja kiinnostavaa opintotarjontaa, monipuolisen toiminnan ja opetuksen mahdollistavia toimintaymp\u00e4rist\u00f6j\u00e4 sek\u00e4 riitt\u00e4vi\u00e4 resursseja.<\/p>\n\n\n\n<p><br><strong>Hyvinvointi<\/strong> on hyv\u00e4n huomaamista, kohtaamista, opiskelijoiden ja henkil\u00f6kunnan hyvinvoinnista huolehtimista sek\u00e4 ty\u00f6nteon ja sen rajojen arvostamista.<\/p>\n\n\n\n<p>Turun lukiokoulutukselle laaditut <a href=\"https:\/\/blog.edu.turku.fi\/laadukkaasti-turun-lukioissa\/laatukriteerit\/\">laatukriteerit <\/a>tukevat kehitt\u00e4misty\u00f6t\u00e4 ja strategisten tavoitteiden saavuttamista.<\/p>\n\n\n\n<h4 class=\"wp-block-heading\">Laadunhallinnan prosessit&nbsp;<\/h4>\n\n\n\n<p>Turun lukiokoulutuksen laadunhallinnan prosessit n\u00e4kyv\u00e4t kuvassa 4. Turun lukiokoulutuksen laadunhallinnan kokonaisuus. Laadunhallinnassa toimijoina ovat opiskelijat, opettajat, ohjauksen ja tuen henkil\u00f6st\u00f6, lukioiden ja lukiokoulutuksen johto ja hallinto. Koulutuksen j\u00e4rjest\u00e4j\u00e4n\u00e4 Turun kaupunki vastaa osaltaan laadunhallintaan liittyvist\u00e4 palveluista. T\u00e4m\u00e4n lis\u00e4ksi laadunhallintaan vaikuttavat paikalliset ja valtakunnalliset p\u00e4\u00e4t\u00f6ksentekij\u00e4t.\u202f&nbsp;<\/p>\n\n\n\n<p>Laadunhallinnassa <strong>keskeist\u00e4 on opiskelijan laadukas oppiminen,<\/strong> jonka mahdollistavat laadukas opetus, ohjaus, tuki sek\u00e4 oppimisymp\u00e4rist\u00f6. Laadukas lukiopolku alkaa opiskelijavalinnoista ja johtaa ylioppilaaksi valmistumiseen ja opiskelijoiden kehittymiseen osaaviksi, osallistuviksi ja tasapainoisiksi yhteiskunnan j\u00e4seniksi.\u202f&nbsp;<\/p>\n\n\n\n<p><strong>Kuva 4. <\/strong>Turun lukiokoulutuksen laadunhallinnan kokonaisuus&nbsp;<\/p>\n\n\n<div class=\"wp-block-image\">\n<figure class=\"aligncenter size-large\"><img loading=\"lazy\" decoding=\"async\" width=\"1920\" height=\"1921\" src=\"https:\/\/blog.edu.turku.fi\/laadukkaasti-turun-lukioissa\/files\/2024\/10\/Laadukas-oppiminen-1.jpg\" alt=\"\" class=\"wp-image-642\" style=\"object-fit:cover\" srcset=\"https:\/\/blog.edu.turku.fi\/laadukkaasti-turun-lukioissa\/files\/2024\/10\/Laadukas-oppiminen-1.jpg 1920w, https:\/\/blog.edu.turku.fi\/laadukkaasti-turun-lukioissa\/files\/2024\/10\/Laadukas-oppiminen-1-150x150.jpg 150w, https:\/\/blog.edu.turku.fi\/laadukkaasti-turun-lukioissa\/files\/2024\/10\/Laadukas-oppiminen-1-300x300.jpg 300w, https:\/\/blog.edu.turku.fi\/laadukkaasti-turun-lukioissa\/files\/2024\/10\/Laadukas-oppiminen-1-1024x1024.jpg 1024w\" sizes=\"auto, (max-width: 709px) 85vw, (max-width: 909px) 67vw, (max-width: 1362px) 62vw, 840px\" \/><\/figure>\n<\/div>\n\n\n<p><\/p>\n\n\n\n<p>Henkil\u00f6st\u00f6n rekrytoinnit ja henkil\u00f6st\u00f6n osaamisen p\u00e4ivitt\u00e4minen ja kehitt\u00e4minen takaavat laadukkaan opetuksen, ohjauksen ja tuen opiskelijoille. Turvallinen oppimisymp\u00e4rist\u00f6 tukee sek\u00e4 opiskelijoiden ett\u00e4 henkil\u00f6st\u00f6n hyvinvointia.<\/p>\n\n\n\n<p>Turun lukioiden laadunhallinnan painopisteit\u00e4 ja tavoitteita linjaavat valtakunnalliset ja paikalliset strategiat. Lis\u00e4ksi opetuksen j\u00e4rjest\u00e4j\u00e4n omat paikalliset kehitt\u00e4mistavoitteet, niiden saavuttamisen aikataulut (vrt. <a href=\"https:\/\/blog.edu.turku.fi\/laadukkaasti-turun-lukioissa\/laatukasikirja\/lukuvuosittainen-laatutyon-toimintamalli-lukioissa\/\">laatuty\u00f6n toimintamalli<\/a>, kuva 5 seuraavalla sivulla), laatutavoitteet ja laatuun liittyv\u00e4t linjaukset (vrt. luku <a href=\"https:\/\/blog.edu.turku.fi\/laadukkaasti-turun-lukioissa\/laatukasikirja\/laadun-arviointi-laatukriteerit-ja-laadunhallinnan-vuosikello\/\">Laadun arviointi, laatukriteerit ja laadunhallinnan vuosikello<\/a>) vaikuttavat laatuty\u00f6h\u00f6n.&nbsp; Lukiokoulutuksen opetussuunnitelma m\u00e4\u00e4rittelee koulutusteht\u00e4v\u00e4n ja toiminnan arvoperustan, joita on t\u00e4ydennetty paikallisilla arvoilla. &nbsp;<\/p>\n\n\n\n<p><\/p>\n\n\n\n<p class=\"has-medium-font-size\"><a href=\"https:\/\/blog.edu.turku.fi\/laadukkaasti-turun-lukioissa\/laatukasikirja\/lukuvuosittainen-laatutyon-toimintamalli-lukioissa\/\" data-type=\"page\" data-id=\"171\">Seuraava sivu: Lukuvuosittainen laatuty\u00f6n toimintamalli lukioissa<\/a><\/p>\n\n\n\n<hr class=\"wp-block-separator has-alpha-channel-opacity\" \/>\n\n\n\n<div class=\"wp-block-columns is-layout-flex wp-container-core-columns-is-layout-9d6595d7 wp-block-columns-is-layout-flex\">\n<div class=\"wp-block-column is-layout-flow wp-block-column-is-layout-flow\" style=\"flex-basis:100%\">\n<div class=\"wp-block-columns is-layout-flex wp-container-core-columns-is-layout-9d6595d7 wp-block-columns-is-layout-flex\">\n<div class=\"wp-block-column is-layout-flow wp-block-column-is-layout-flow\" style=\"flex-basis:100%\"><ol class=\"wp-block-footnotes\"><li id=\"2a1cb638-f532-4c59-b23f-a93833dac870\">esim. <a href=\"https:\/\/www.vamk.fi\/tietoa\/korkeakoulu\/laatu\/laatukasikirja-2023-25?highlight=laadunhallinta\">https:\/\/www.vamk.fi\/tietoa\/korkeakoulu\/laatu\/laatukasikirja-2023-25?highlight=laadunhallinta<\/a>\u00a0 <a href=\"#2a1cb638-f532-4c59-b23f-a93833dac870-link\" aria-label=\"Siirry alaviitteeseen 1\">\u21a9\ufe0e<\/a><\/li><li id=\"657957f8-8e11-4fea-879a-e97a1c5e36b7\"><a href=\"https:\/\/www.karvi.fi\/fi\/tietoa-meista\/tietoa-arvioinneista\/arvioinnin-ja-laadunhallinnan-tuen-kasitteet\" target=\"_blank\" rel=\"noreferrer noopener\">Arvioinnin ja laadunhallinnan tuen k\u00e4sitteet | Kansallinen koulutuksen arviointikeskus (Karvi)<\/a> <a href=\"#657957f8-8e11-4fea-879a-e97a1c5e36b7-link\" aria-label=\"Siirry alaviitteeseen 2\">\u21a9\ufe0e<\/a><\/li><li id=\"f37ab5aa-2612-4c77-9567-643509bfe32f\"><a href=\"https:\/\/julkaisut.valtioneuvosto.fi\/bitstream\/handle\/10024\/164436\/OKM_2022_43.pdf?sequence=1&amp;isAllowed=y\" target=\"_blank\" rel=\"noreferrer noopener\">Lukiokoulutuksen laatustrategia (valtioneuvosto.fi)<\/a>, my\u00f6s <a href=\"https:\/\/www.utu.fi\/sites\/default\/files\/public%3A\/media\/file\/Turun%20yliopiston%20laatuk%C3%A4sikirja.pdf\">Turun yliopiston laatuk\u00e4sikirja 2022<\/a> <a href=\"#f37ab5aa-2612-4c77-9567-643509bfe32f-link\" aria-label=\"Siirry alaviitteeseen 3\">\u21a9\ufe0e<\/a><\/li><li id=\"51ec5cdb-a1de-427c-b019-2d7ed4897002\"><a href=\"https:\/\/blog.edu.turku.fi\/laadukkaasti-turun-lukioissa\/files\/2025\/03\/Tuen-ja-ohjauksen-strategia-lukiokoulutus-ja-ammatillinen-koulutus-2024-2030.pdf\">Toisen asteen tuen ja ohjauksen strategia<\/a> <a href=\"#51ec5cdb-a1de-427c-b019-2d7ed4897002-link\" aria-label=\"Siirry alaviitteeseen 4\">\u21a9\ufe0e<\/a><\/li><li id=\"96716e5e-e2cf-451e-be6c-3435a3ea14c9\"><a href=\"https:\/\/www.turku.fi\/osaamisen-karkihanke\">Osaamisen k\u00e4rkihanke | Turku.fi<\/a> <a href=\"#96716e5e-e2cf-451e-be6c-3435a3ea14c9-link\" aria-label=\"Siirry alaviitteeseen 5\">\u21a9\ufe0e<\/a><\/li><\/ol><\/div>\n<\/div>\n<\/div>\n<\/div>\n","protected":false},"excerpt":{"rendered":"<p>Laadunhallinta Laadunhallinnalla tarkoitetaan toimintaa tai j\u00e4rjestelm\u00e4\u00e4, joka kattaa organisaation henkil\u00f6st\u00f6n, palvelut, koulutuksen, tilat ja laitteet sek\u00e4 m\u00e4\u00e4rittelee n\u00e4iden roolit asetettujen laatutavoitteiden saavuttamisessa. Laadunhallinnasta voidaan k\u00e4ytt\u00e4\u00e4 my\u00f6s nimityksi\u00e4 laatuj\u00e4rjestelm\u00e4 tai laadunhallintaj\u00e4rjestelm\u00e4. Laadunhallinta Turun lukioissa pohjautuu vuoteen 2030 asti ulottuvan Lukiokoulutuksen laatustrategian sis\u00e4lt\u00e4miin tavoitteisiin ja visioihin sek\u00e4 lukiolakiin.3 Strategian tavoitteet, visio sek\u00e4 koulutuksen j\u00e4rjest\u00e4j\u00e4n jatkuva laadunhallinta ja &hellip; <a href=\"https:\/\/blog.edu.turku.fi\/laadukkaasti-turun-lukioissa\/laatukasikirja\/lukiokoulutuksen-laadunhallinta-ja-sen-prosessit\/\" class=\"more-link\">Jatka lukemista<span class=\"screen-reader-text\"> &#8221;Lukiokoulutuksen laadunhallinta ja sen prosessit&#8221;<\/span><\/a><\/p>\n","protected":false},"author":56,"featured_media":0,"parent":13,"menu_order":0,"comment_status":"closed","ping_status":"closed","template":"","meta":{"footnotes":"[{\"id\":\"2a1cb638-f532-4c59-b23f-a93833dac870\",\"content\":\"esim. <a href=\\\"https:\\\/\\\/www.vamk.fi\\\/tietoa\\\/korkeakoulu\\\/laatu\\\/laatukasikirja-2023-25?highlight=laadunhallinta\\\">https:\\\/\\\/www.vamk.fi\\\/tietoa\\\/korkeakoulu\\\/laatu\\\/laatukasikirja-2023-25?highlight=laadunhallinta<\\\/a>\\u00a0\"},{\"id\":\"657957f8-8e11-4fea-879a-e97a1c5e36b7\",\"content\":\"<a href=\\\"https:\\\/\\\/www.karvi.fi\\\/fi\\\/tietoa-meista\\\/tietoa-arvioinneista\\\/arvioinnin-ja-laadunhallinnan-tuen-kasitteet\\\" target=\\\"_blank\\\" rel=\\\"noreferrer noopener\\\">Arvioinnin ja laadunhallinnan tuen k\\u00e4sitteet | Kansallinen koulutuksen arviointikeskus (Karvi)<\\\/a>\"},{\"id\":\"f37ab5aa-2612-4c77-9567-643509bfe32f\",\"content\":\"<a href=\\\"https:\\\/\\\/julkaisut.valtioneuvosto.fi\\\/bitstream\\\/handle\\\/10024\\\/164436\\\/OKM_2022_43.pdf?sequence=1&amp;isAllowed=y\\\" target=\\\"_blank\\\" rel=\\\"noreferrer noopener\\\">Lukiokoulutuksen laatustrategia (valtioneuvosto.fi)<\\\/a>, my\\u00f6s <a href=\\\"https:\\\/\\\/www.utu.fi\\\/sites\\\/default\\\/files\\\/public%3A\\\/media\\\/file\\\/Turun%20yliopiston%20laatuk%C3%A4sikirja.pdf\\\">Turun yliopiston laatuk\\u00e4sikirja 2022<\\\/a>\"},{\"id\":\"51ec5cdb-a1de-427c-b019-2d7ed4897002\",\"content\":\"<a href=\\\"https:\\\/\\\/blog.edu.turku.fi\\\/laadukkaasti-turun-lukioissa\\\/files\\\/2025\\\/03\\\/Tuen-ja-ohjauksen-strategia-lukiokoulutus-ja-ammatillinen-koulutus-2024-2030.pdf\\\">Toisen asteen tuen ja ohjauksen strategia<\\\/a>\"},{\"id\":\"96716e5e-e2cf-451e-be6c-3435a3ea14c9\",\"content\":\"<a href=\\\"https:\\\/\\\/www.turku.fi\\\/osaamisen-karkihanke\\\">Osaamisen k\\u00e4rkihanke | Turku.fi<\\\/a>\"}]"},"class_list":["post-168","page","type-page","status-publish","hentry"],"_links":{"self":[{"href":"https:\/\/blog.edu.turku.fi\/laadukkaasti-turun-lukioissa\/wp-json\/wp\/v2\/pages\/168","targetHints":{"allow":["GET"]}}],"collection":[{"href":"https:\/\/blog.edu.turku.fi\/laadukkaasti-turun-lukioissa\/wp-json\/wp\/v2\/pages"}],"about":[{"href":"https:\/\/blog.edu.turku.fi\/laadukkaasti-turun-lukioissa\/wp-json\/wp\/v2\/types\/page"}],"author":[{"embeddable":true,"href":"https:\/\/blog.edu.turku.fi\/laadukkaasti-turun-lukioissa\/wp-json\/wp\/v2\/users\/56"}],"replies":[{"embeddable":true,"href":"https:\/\/blog.edu.turku.fi\/laadukkaasti-turun-lukioissa\/wp-json\/wp\/v2\/comments?post=168"}],"version-history":[{"count":115,"href":"https:\/\/blog.edu.turku.fi\/laadukkaasti-turun-lukioissa\/wp-json\/wp\/v2\/pages\/168\/revisions"}],"predecessor-version":[{"id":1677,"href":"https:\/\/blog.edu.turku.fi\/laadukkaasti-turun-lukioissa\/wp-json\/wp\/v2\/pages\/168\/revisions\/1677"}],"up":[{"embeddable":true,"href":"https:\/\/blog.edu.turku.fi\/laadukkaasti-turun-lukioissa\/wp-json\/wp\/v2\/pages\/13"}],"wp:attachment":[{"href":"https:\/\/blog.edu.turku.fi\/laadukkaasti-turun-lukioissa\/wp-json\/wp\/v2\/media?parent=168"}],"curies":[{"name":"wp","href":"https:\/\/api.w.org\/{rel}","templated":true}]}}