{"id":165,"date":"2024-08-14T11:07:11","date_gmt":"2024-08-14T08:07:11","guid":{"rendered":"https:\/\/blog.edu.turku.fi\/laadukkaasti-turun-lukioissa\/?page_id=165"},"modified":"2025-01-29T13:56:21","modified_gmt":"2025-01-29T11:56:21","slug":"lukiokoulutuksen-laadunhallinnan-toimijat-tehtavat-ja-vastuut","status":"publish","type":"page","link":"https:\/\/blog.edu.turku.fi\/laadukkaasti-turun-lukioissa\/laatukasikirja\/lukiokoulutuksen-laadunhallinnan-toimijat-tehtavat-ja-vastuut\/","title":{"rendered":"Lukiokoulutuksen laadunhallinnan  toimijat, teht\u00e4v\u00e4t ja vastuut"},"content":{"rendered":"\n<p>Turun lukiokoulutuksen<a href=\"https:\/\/blog.edu.turku.fi\/laadukkaasti-turun-lukioissa\/laatukasikirja\/lukiokoulutuksen-laadunhallinta-ja-sen-prosessit\/\"> laadunhallintaan <\/a>sis\u00e4ltyv\u00e4t<strong> <\/strong>toiminnot ja prosessit sek\u00e4 lukiokoulutuksen laatuty\u00f6n <a href=\"https:\/\/blog.edu.turku.fi\/laadukkaasti-turun-lukioissa\/laatukasikirja\/lukuvuosittainen-laatutyon-toimintamalli-lukioissa\/\">toimintamallin<\/a> mukaiset vastuutoimijat ja teht\u00e4v\u00e4t on koottu oheiseen taulukkoon 2.<\/p>\n\n\n\n<h5 class=\"wp-block-heading\">Taulukko 2:<strong> Turun lukiokoulutuksen  laadunhallinnan toimijat, teht\u00e4v\u00e4t ja vastuut<\/strong><\/h5>\n\n\n\n<figure class=\"wp-block-table aligncenter is-style-regular\"><table class=\"has-fixed-layout\"><thead><tr><th><strong>Vastuuhenkil\u00f6 tai vastuutaho<\/strong><\/th><th class=\"has-text-align-left\" data-align=\"left\"><strong>Teht\u00e4v\u00e4t ja vastuut<\/strong><\/th><\/tr><\/thead><tbody><tr><td>Palvelualueen teht\u00e4v\u00e4t ja organisaatio<\/td><td class=\"has-text-align-left\" data-align=\"left\">Palvelualueen teht\u00e4v\u00e4n\u00e4 on vastata suomenkielisen lukiokoulutuksen ja vapaan sivistysty\u00f6n j\u00e4rjest\u00e4misest\u00e4 ja kehitt\u00e4misest\u00e4.&nbsp;&nbsp;&nbsp;&nbsp;<br>Palvelualuetta johtaa palvelualuejohtaja.&nbsp;&nbsp;<br>Kukin palvelualueella toimiva oppilaitos on oma toiminnallinen ja taloudellinen vastuualueensa, jota johtaa lukion rehtori.&nbsp;&nbsp;&nbsp;&nbsp;<\/td><\/tr><tr><td>Palvelualuejohtaja<\/td><td class=\"has-text-align-left\" data-align=\"left\">Kokonaisvastuu lukiokoulutuksen laadunhallinnasta ja laatuty\u00f6st\u00e4.&nbsp;<br>Yksik\u00f6iden kehitt\u00e4miskeskustelut rehtoreiden ja apulaisrehtoreiden kanssa.&nbsp;<br>Lukioiden lukuvuosisuunnitelmien hyv\u00e4ksyminen.&nbsp; Laadunhallinta sis\u00e4ltyy lukuvuosisuunnitelmaan.&nbsp;<\/td><\/tr><tr><td>Johtoryhm\u00e4<\/td><td class=\"has-text-align-left\" data-align=\"left\">Palvelualueen johtoryhm\u00e4n muodostavat palvelualuejohtaja, lukioiden rehtorit ja apulaisrehtorit.&nbsp;&nbsp;<br>Johtoryhm\u00e4 johtaa ja p\u00e4\u00e4tt\u00e4\u00e4 lukiokoulutuksen palvelualueen laatuty\u00f6st\u00e4 ja p\u00e4\u00e4tt\u00e4\u00e4 lukuvuosittain yhteiset kehitt\u00e4miskohteet.&nbsp;<\/td><\/tr><tr><td>YT-ryhm\u00e4<\/td><td class=\"has-text-align-left\" data-align=\"left\">Henkil\u00f6st\u00f6\u00e4 koskevista asioista p\u00e4\u00e4tt\u00e4minen<\/td><\/tr><tr><td>Rehtori<\/td><td class=\"has-text-align-left\" data-align=\"left\">Kokonaisvastuu lukiokoulutuksen laadunhallinnan toteutuksesta ja lukion vuosisuunnitelman mukaisesta laatuty\u00f6st\u00e4.<br>Johtaa, tukee ja arvioi lukuvuosisuunnitelman mukaista laatuty\u00f6t\u00e4 lukiossaan.&nbsp;&nbsp;<\/td><\/tr><tr><td>Lukion<br>laatuyhteyshenkil\u00f6<\/td><td class=\"has-text-align-left\" data-align=\"left\">Koordinoi lukuvuosisuunnitelman ja laatuj\u00e4rjestelm\u00e4n mukaisen laatuty\u00f6n toteutusta yhteisty\u00f6ss\u00e4 rehtoreiden, henkil\u00f6st\u00f6n, opiskelijoiden ja sidosryhmien kanssa.&nbsp;&nbsp;<br>Tekee yhteisty\u00f6t\u00e4 muiden lukioiden laatuvastaavien kanssa.&nbsp;<br>Osallistuu lukiokoulutuksen yhteiseen laatuty\u00f6n arviointiin, raportointiin sek\u00e4 kehitt\u00e4mistoiminnan suunnitteluun.&nbsp;<\/td><\/tr><tr><td>Opetuksen, tuen ja ohjauksen henkil\u00f6st\u00f6&nbsp;<\/td><td class=\"has-text-align-left\" data-align=\"left\">Osallistuu laatuty\u00f6n suunnitteluun, kehitt\u00e4miseen, toteuttamiseen ja arviointiin teht\u00e4v\u00e4kuvauksensa mukaisesti.&nbsp;&nbsp;<\/td><\/tr><tr><td>Opiskelija \/ opiskelijakunta<strong>&nbsp;&nbsp;<\/strong><\/td><td class=\"has-text-align-left\" data-align=\"left\">Osallistuu lukion toiminnan kehitt\u00e4miseen. Antaa palautetta ja osallistuu lukion toiminnan arviointeihin ja arvioi omaa oppimistaan.&nbsp;&nbsp;<\/td><\/tr><tr><td>Opiskeluhuollon ohjausryhm\u00e4&nbsp;<\/td><td class=\"has-text-align-left\" data-align=\"left\">Vastaa opiskeluhuollon yleisest\u00e4 suunnittelusta, kehitt\u00e4misest\u00e4, ja arvioinnista.&nbsp;&nbsp;<\/td><\/tr><tr><td>Lukiokohtainen opiskeluhuoltoryhm\u00e4 (LUMO)<\/td><td class=\"has-text-align-left\" data-align=\"left\">Vastaa yhteis\u00f6llisen opiskeluhuollon toiminnan suunnittelusta, toteuttamisesta, arvioinnista ja kehitt\u00e4misest\u00e4<\/td><\/tr><\/tbody><\/table><\/figure>\n\n\n\n<p class=\"has-medium-font-size\"><a href=\"https:\/\/blog.edu.turku.fi\/laadukkaasti-turun-lukioissa\/laatukasikirja\/laadun-arviointi-laatukriteerit-ja-laadunhallinnan-vuosikello\/\" data-type=\"page\" data-id=\"591\">Seuraava sivu: Laadunarviointi, laatukriteerit ja laadunhallinnan vuosikello<\/a><\/p>\n","protected":false},"excerpt":{"rendered":"<p>Turun lukiokoulutuksen laadunhallintaan sis\u00e4ltyv\u00e4t toiminnot ja prosessit sek\u00e4 lukiokoulutuksen laatuty\u00f6n toimintamallin mukaiset vastuutoimijat ja teht\u00e4v\u00e4t on koottu oheiseen taulukkoon 2. Taulukko 2: Turun lukiokoulutuksen laadunhallinnan toimijat, teht\u00e4v\u00e4t ja vastuut Vastuuhenkil\u00f6 tai vastuutaho Teht\u00e4v\u00e4t ja vastuut Palvelualueen teht\u00e4v\u00e4t ja organisaatio Palvelualueen teht\u00e4v\u00e4n\u00e4 on vastata suomenkielisen lukiokoulutuksen ja vapaan sivistysty\u00f6n j\u00e4rjest\u00e4misest\u00e4 ja kehitt\u00e4misest\u00e4.&nbsp;&nbsp;&nbsp;&nbsp;Palvelualuetta johtaa palvelualuejohtaja.&nbsp;&nbsp;Kukin palvelualueella toimiva &hellip; <a href=\"https:\/\/blog.edu.turku.fi\/laadukkaasti-turun-lukioissa\/laatukasikirja\/lukiokoulutuksen-laadunhallinnan-toimijat-tehtavat-ja-vastuut\/\" class=\"more-link\">Jatka lukemista<span class=\"screen-reader-text\"> &#8221;Lukiokoulutuksen laadunhallinnan  toimijat, teht\u00e4v\u00e4t ja vastuut&#8221;<\/span><\/a><\/p>\n","protected":false},"author":56,"featured_media":0,"parent":13,"menu_order":0,"comment_status":"closed","ping_status":"closed","template":"","meta":{"footnotes":""},"class_list":["post-165","page","type-page","status-publish","hentry"],"_links":{"self":[{"href":"https:\/\/blog.edu.turku.fi\/laadukkaasti-turun-lukioissa\/wp-json\/wp\/v2\/pages\/165","targetHints":{"allow":["GET"]}}],"collection":[{"href":"https:\/\/blog.edu.turku.fi\/laadukkaasti-turun-lukioissa\/wp-json\/wp\/v2\/pages"}],"about":[{"href":"https:\/\/blog.edu.turku.fi\/laadukkaasti-turun-lukioissa\/wp-json\/wp\/v2\/types\/page"}],"author":[{"embeddable":true,"href":"https:\/\/blog.edu.turku.fi\/laadukkaasti-turun-lukioissa\/wp-json\/wp\/v2\/users\/56"}],"replies":[{"embeddable":true,"href":"https:\/\/blog.edu.turku.fi\/laadukkaasti-turun-lukioissa\/wp-json\/wp\/v2\/comments?post=165"}],"version-history":[{"count":30,"href":"https:\/\/blog.edu.turku.fi\/laadukkaasti-turun-lukioissa\/wp-json\/wp\/v2\/pages\/165\/revisions"}],"predecessor-version":[{"id":1228,"href":"https:\/\/blog.edu.turku.fi\/laadukkaasti-turun-lukioissa\/wp-json\/wp\/v2\/pages\/165\/revisions\/1228"}],"up":[{"embeddable":true,"href":"https:\/\/blog.edu.turku.fi\/laadukkaasti-turun-lukioissa\/wp-json\/wp\/v2\/pages\/13"}],"wp:attachment":[{"href":"https:\/\/blog.edu.turku.fi\/laadukkaasti-turun-lukioissa\/wp-json\/wp\/v2\/media?parent=165"}],"curies":[{"name":"wp","href":"https:\/\/api.w.org\/{rel}","templated":true}]}}