{"id":162,"date":"2024-08-14T11:06:55","date_gmt":"2024-08-14T08:06:55","guid":{"rendered":"https:\/\/blog.edu.turku.fi\/laadukkaasti-turun-lukioissa\/?page_id=162"},"modified":"2024-12-11T10:14:40","modified_gmt":"2024-12-11T08:14:40","slug":"lukiokoulutuksen-tehtavat","status":"publish","type":"page","link":"https:\/\/blog.edu.turku.fi\/laadukkaasti-turun-lukioissa\/laatukasikirja\/lukiokoulutuksen-tehtavat\/","title":{"rendered":"Lukiokoulutuksen teht\u00e4v\u00e4t"},"content":{"rendered":"\n<p>Lukiokoulutuksen teht\u00e4v\u00e4t m\u00e4\u00e4ritell\u00e4\u00e4n lukiolaissa <a href=\"https:\/\/finlex.fi\/fi\/laki\/ajantasa\/2018\/20180714\" target=\"_blank\" rel=\"noreferrer noopener\">(714\/2018<\/a>) ja valtakunnallisen lukion opetussuunnitelman perusteissa <a href=\"https:\/\/eperusteet.opintopolku.fi\/#\/_ftn8\/opetussuunnitelma\/11548134\/tiedot\/tekstikappale\/26870566\" target=\"_blank\" rel=\"noreferrer noopener\">(LOPS2021)<\/a>. Lukiokoulutuksen teht\u00e4v\u00e4n\u00e4 on laaja-alaisen yleissivistyksen vahvistaminen. Sen tarkoituksena on tukea opiskelijoiden kasvamista hyviksi, tasapainoisiksi ja sivistyneiksi ihmisiksi ja aktiivisiksi yhteiskunnan j\u00e4seniksi. Lukiokoulutus kehitt\u00e4\u00e4 opiskelijan jatko-opinto-, ty\u00f6el\u00e4m\u00e4- ja kansainv\u00e4lisyysvalmiuksia sek\u00e4 mahdollistaa jatkuvan oppimisen.&nbsp;<\/p>\n\n\n\n<p>Lukiolain mukaan lukiokoulutus antaa valmiudet korkeakoulututkintoon johtavien opintojen aloittamiseen. Lukiokoulutuksessa yleissivistys koostuu arvoista, tiedoista, taidoista, asenteista ja tahdosta, joiden avulla kriittiseen ja itsen\u00e4iseen ajatteluun pystyv\u00e4t yksil\u00f6t osaavat toimia vastuullisesti, my\u00f6t\u00e4tuntoisesti, yhteis\u00f6llisesti ja itse\u00e4\u00e4n kehitt\u00e4en.&nbsp;Lukiokoulutuksen aikana opiskelija rakentaa identiteetti\u00e4\u00e4n, ihmisk\u00e4sityst\u00e4\u00e4n, maailmankuvaansa ja -katsomustaan sek\u00e4 paikkaansa maailmassa. Samalla opiskelija kehitt\u00e4\u00e4 suhdettaan menneisyyteen ja suuntautuu tulevaisuuteen. Lukiokoulutus syvent\u00e4\u00e4 opiskelijan kiinnostusta tieteiden ja taiteiden maailmaan sek\u00e4 kehitt\u00e4\u00e4 valmiuksia el\u00e4m\u00e4nhallintaan ja ty\u00f6el\u00e4m\u00e4\u00e4n.&nbsp;<\/p>\n\n\n\n<p>Turun lukiokoulutuksen paikallisessa opetussuunnitelmassa kuvataan lukioiden teht\u00e4v\u00e4ksi:&nbsp;<\/p>\n\n\n\n<ul class=\"wp-block-list\">\n<li>Yleissivistyksen, sivistyksen, l\u00e4nsimaisten arvojen ja osaamisen v\u00e4litt\u00e4minen uusille sukupolville.<\/li>\n\n\n\n<li>Opiskelijoiden kasvattaminen osaaviksi, osallistuviksi ja tasapainoisiksi yhteiskunnan j\u00e4seniksi.&nbsp;<\/li>\n\n\n\n<li>Suomalaisen yhteiskunnan menestyksen kasvattaminen.&nbsp;<\/li>\n<\/ul>\n\n\n\n<p><\/p>\n\n\n\n<p class=\"has-medium-font-size\"><a href=\"https:\/\/blog.edu.turku.fi\/laadukkaasti-turun-lukioissa\/laatukasikirja\/lukioiden-laatutyota-ohjaavat-arvot-ja-periaatteet\/\" data-type=\"page\" data-id=\"159\">Seuraava luku: Lukioiden laatuty\u00f6t\u00e4 ohjaavat arvot ja periaatteet<\/a><\/p>\n","protected":false},"excerpt":{"rendered":"<p>Lukiokoulutuksen teht\u00e4v\u00e4t m\u00e4\u00e4ritell\u00e4\u00e4n lukiolaissa (714\/2018) ja valtakunnallisen lukion opetussuunnitelman perusteissa (LOPS2021). Lukiokoulutuksen teht\u00e4v\u00e4n\u00e4 on laaja-alaisen yleissivistyksen vahvistaminen. Sen tarkoituksena on tukea opiskelijoiden kasvamista hyviksi, tasapainoisiksi ja sivistyneiksi ihmisiksi ja aktiivisiksi yhteiskunnan j\u00e4seniksi. Lukiokoulutus kehitt\u00e4\u00e4 opiskelijan jatko-opinto-, ty\u00f6el\u00e4m\u00e4- ja kansainv\u00e4lisyysvalmiuksia sek\u00e4 mahdollistaa jatkuvan oppimisen.&nbsp; Lukiolain mukaan lukiokoulutus antaa valmiudet korkeakoulututkintoon johtavien opintojen aloittamiseen. Lukiokoulutuksessa yleissivistys koostuu &hellip; <a href=\"https:\/\/blog.edu.turku.fi\/laadukkaasti-turun-lukioissa\/laatukasikirja\/lukiokoulutuksen-tehtavat\/\" class=\"more-link\">Jatka lukemista<span class=\"screen-reader-text\"> &#8221;Lukiokoulutuksen teht\u00e4v\u00e4t&#8221;<\/span><\/a><\/p>\n","protected":false},"author":56,"featured_media":0,"parent":13,"menu_order":0,"comment_status":"closed","ping_status":"closed","template":"","meta":{"footnotes":""},"class_list":["post-162","page","type-page","status-publish","hentry"],"_links":{"self":[{"href":"https:\/\/blog.edu.turku.fi\/laadukkaasti-turun-lukioissa\/wp-json\/wp\/v2\/pages\/162","targetHints":{"allow":["GET"]}}],"collection":[{"href":"https:\/\/blog.edu.turku.fi\/laadukkaasti-turun-lukioissa\/wp-json\/wp\/v2\/pages"}],"about":[{"href":"https:\/\/blog.edu.turku.fi\/laadukkaasti-turun-lukioissa\/wp-json\/wp\/v2\/types\/page"}],"author":[{"embeddable":true,"href":"https:\/\/blog.edu.turku.fi\/laadukkaasti-turun-lukioissa\/wp-json\/wp\/v2\/users\/56"}],"replies":[{"embeddable":true,"href":"https:\/\/blog.edu.turku.fi\/laadukkaasti-turun-lukioissa\/wp-json\/wp\/v2\/comments?post=162"}],"version-history":[{"count":10,"href":"https:\/\/blog.edu.turku.fi\/laadukkaasti-turun-lukioissa\/wp-json\/wp\/v2\/pages\/162\/revisions"}],"predecessor-version":[{"id":891,"href":"https:\/\/blog.edu.turku.fi\/laadukkaasti-turun-lukioissa\/wp-json\/wp\/v2\/pages\/162\/revisions\/891"}],"up":[{"embeddable":true,"href":"https:\/\/blog.edu.turku.fi\/laadukkaasti-turun-lukioissa\/wp-json\/wp\/v2\/pages\/13"}],"wp:attachment":[{"href":"https:\/\/blog.edu.turku.fi\/laadukkaasti-turun-lukioissa\/wp-json\/wp\/v2\/media?parent=162"}],"curies":[{"name":"wp","href":"https:\/\/api.w.org\/{rel}","templated":true}]}}