{"id":156,"date":"2024-08-14T11:06:20","date_gmt":"2024-08-14T08:06:20","guid":{"rendered":"https:\/\/blog.edu.turku.fi\/laadukkaasti-turun-lukioissa\/?page_id=156"},"modified":"2025-01-24T10:18:40","modified_gmt":"2025-01-24T08:18:40","slug":"turun-suomenkielinen-lukiokoulutus","status":"publish","type":"page","link":"https:\/\/blog.edu.turku.fi\/laadukkaasti-turun-lukioissa\/laatukasikirja\/turun-suomenkielinen-lukiokoulutus\/","title":{"rendered":"Turun suomenkielinen lukiokoulutus"},"content":{"rendered":"\n<p>Turun kaupungin suomenkieliset p\u00e4iv\u00e4lukiot (kuva 1) ovat Kerttulin lukio, Luostarivuoren Lyseon lukio, Puolalanm\u00e4en lukio, Turun Klassillinen lukio ja Turun Suomalaisen Yhteiskoulun lukio. P\u00e4iv\u00e4lukioiden lis\u00e4ksi on Turun iltalukio. P\u00e4iv\u00e4lukioissa on yhteens\u00e4 n. 3850 opiskelijaa. Turun iltalukiossa opiskelee tutkintotavoitteisesti vuosittain n. 350 opiskelijaa. Turun iltalukio tarjoaa aikuisten lukiokoulutusta.<\/p>\n\n\n\n<p><\/p>\n\n\n\n<p><strong>Kuva 1. &nbsp;<\/strong>Turun suomenkielinen lukiokoulutus<\/p>\n\n\n\n<figure class=\"wp-block-image size-large\"><img loading=\"lazy\" decoding=\"async\" width=\"1024\" height=\"576\" src=\"https:\/\/blog.edu.turku.fi\/laadukkaasti-turun-lukioissa\/files\/2025\/01\/Turun-suomenkielinen-lukiokoulutus-2-B-korjattu-1024x576.png\" alt=\"\" class=\"wp-image-1146\" srcset=\"https:\/\/blog.edu.turku.fi\/laadukkaasti-turun-lukioissa\/files\/2025\/01\/Turun-suomenkielinen-lukiokoulutus-2-B-korjattu-1024x576.png 1024w, https:\/\/blog.edu.turku.fi\/laadukkaasti-turun-lukioissa\/files\/2025\/01\/Turun-suomenkielinen-lukiokoulutus-2-B-korjattu-300x169.png 300w\" sizes=\"auto, (max-width: 709px) 85vw, (max-width: 909px) 67vw, (max-width: 1362px) 62vw, 840px\" \/><\/figure>\n\n\n\n<p><\/p>\n\n\n\n<p>Lukioissa on yleislinjojen lis\u00e4ksi valtakunnallisen koulutusteht\u00e4v\u00e4n saaneita linjoja seuraavasti:<\/p>\n\n\n\n<ul class=\"wp-block-list\">\n<li>ICT-linja, Kerttulin lukio<\/li>\n\n\n\n<li>Ilmaisutaidon linja, Turun Klassillinen lukio<\/li>\n\n\n\n<li>Luonnontiedelinja, Turun Suomalaisen Yhteiskoulun lukio<\/li>\n\n\n\n<li>Musiikkilinja, Puolalanm\u00e4en lukio<\/li>\n\n\n\n<li>Urheilulinja, Kerttulin lukio<\/li>\n<\/ul>\n\n\n\n<p>Valtakunnallisen koulutusteht\u00e4v\u00e4n saaneiden linjojen lis\u00e4ksi Turun Suomalaisen Yhteiskoulun lukiossa toimii merilinja, joka on kaupunkikohtainen erityislinja.<\/p>\n\n\n\n<p>Erityislinjat antavat lukioille mahdollisuuden laajentaa opetustarjontaa sellaisiin aloihin, joilla ei ole vakiintunutta asemaa lukiokoulutuksessa tai jotka tarjoavat opiskelijoille jo lukioaikana mahdollisuuden syventy\u00e4 tiettyihin aihealueisiin. Valtakunnallisesti erityislinjat laajentavat ja vahvistavat erityisalojen osaamista.<\/p>\n\n\n\n<p><strong>Taulukko 1.  <\/strong>Aloituspaikat Turun lukioissa<\/p>\n\n\n\n<figure class=\"wp-block-table\"><table class=\"has-fixed-layout\"><tbody><tr><td><strong>Lukio<\/strong>\u202f&nbsp;<\/td><td><strong>Aloituspaikat<\/strong>&nbsp;<\/td><td><strong>Aloituspaikat linjoittain<\/strong>\u202f&nbsp;<\/td><\/tr><tr><td>Kerttulin lukio\u202f\u202f\u202f\u202f&nbsp;<\/td><td>180\u202f&nbsp;<\/td><td>Yleislinja 76, ICT-linja 34, Urheilulinja 70\u202f&nbsp;<\/td><\/tr><tr><td>Luostarivuoren Lyseon lukio\u202f\u202f&nbsp;<\/td><td>294\u202f&nbsp;<\/td><td>Yleislinja 294\u202f&nbsp;<\/td><\/tr><tr><td>Puolalanm\u00e4en lukio\u202f\u202f\u202f&nbsp;<\/td><td>165\u202f&nbsp;<\/td><td>Yleislinja 113, Musiikkilinja 52\u202f&nbsp;<\/td><\/tr><tr><td>Turun Klassillinen lukio\u202f\u202f&nbsp;<\/td><td>234\u202f&nbsp;<\/td><td>Yleislinja 174, Ilmaisutaidon linja 60\u202f&nbsp;<\/td><\/tr><tr><td>Turun Suomalaisen Yhteiskoulun lukio\u202f&nbsp;<\/td><td>240\u202f&nbsp;<\/td><td>Yleislinja 135, Luonnontiedelinja 75, Merilinja 30\u202f&nbsp;<\/td><\/tr><\/tbody><\/table><figcaption class=\"wp-element-caption\">Turun suomenkieliseen lukiokoulutukseen valitaan vuosittain 1 113 uutta opiskelijaa. Kasvatus- ja opetuslautakunnan suomenkielinen jaosto on p\u00e4\u00e4tt\u00e4nyt, ett\u00e4 lukioiden alin sis\u00e4\u00e4nottokeskiarvo on 7,3.<\/figcaption><\/figure>\n\n\n\n<p><\/p>\n\n\n\n<p><strong>Turun iltalukio<\/strong> tarjoaa my\u00f6s yksitt\u00e4isten oppiaineiden opiskelumahdollisuuden ja n\u00e4it\u00e4 opiskelijoita on kes\u00e4lukiotoiminta mukaan luettuna vuositasolla yli 2 000. Tutkintokoulutukseen valmentavaa eli TUVA-koulutusta j\u00e4rjestet\u00e4\u00e4n erityisesti lukioon hakeutuville nuorille. Turun iltalukion laaja opintotarjonta on Turun kaupungin p\u00e4iv\u00e4lukioiden opiskelijoiden k\u00e4ytett\u00e4viss\u00e4 maksutta. Opetusta annetaan luokkaopetuksena, verkossa sek\u00e4 hybridimuotoisesti.&nbsp;&nbsp;<\/p>\n\n\n\n<p>Turun kaupungin lukiokoulutus on mukana <strong>et\u00e4- ja verkko-opetusta tarjoavassa Turun seudun toisen asteen yhteisty\u00f6ss\u00e4 <\/strong>Halikon, Kaarinan, Laitilan, Liedon, Myn\u00e4m\u00e4en, Nousiaisten, Naantalin, Paimion, Paraisten, Raision, Elisenvaaran ja Salon lukioiden sek\u00e4 Turun ammatti-instituutin kanssa. Yhteisty\u00f6renkaassa j\u00e4rjestett\u00e4v\u00e4t opintojaksot ovat p\u00e4\u00e4s\u00e4\u00e4nt\u00f6isesti maksuttomia toiminnassa mukana olevien oppilaitosten opiskelijoille.<\/p>\n\n\n\n<p><\/p>\n\n\n\n<p class=\"has-medium-font-size\"><a href=\"https:\/\/blog.edu.turku.fi\/laadukkaasti-turun-lukioissa\/laatukasikirja\/lukiokoulutuksen-tehtavat\/\" data-type=\"page\" data-id=\"162\">Seuraava luku: Lukiokoulutuksen teht\u00e4v\u00e4t<\/a><\/p>\n\n\n\n<p><\/p>\n","protected":false},"excerpt":{"rendered":"<p>Turun kaupungin suomenkieliset p\u00e4iv\u00e4lukiot (kuva 1) ovat Kerttulin lukio, Luostarivuoren Lyseon lukio, Puolalanm\u00e4en lukio, Turun Klassillinen lukio ja Turun Suomalaisen Yhteiskoulun lukio. P\u00e4iv\u00e4lukioiden lis\u00e4ksi on Turun iltalukio. P\u00e4iv\u00e4lukioissa on yhteens\u00e4 n. 3850 opiskelijaa. Turun iltalukiossa opiskelee tutkintotavoitteisesti vuosittain n. 350 opiskelijaa. Turun iltalukio tarjoaa aikuisten lukiokoulutusta. Kuva 1. &nbsp;Turun suomenkielinen lukiokoulutus Lukioissa on yleislinjojen lis\u00e4ksi &hellip; <a href=\"https:\/\/blog.edu.turku.fi\/laadukkaasti-turun-lukioissa\/laatukasikirja\/turun-suomenkielinen-lukiokoulutus\/\" class=\"more-link\">Jatka lukemista<span class=\"screen-reader-text\"> &#8221;Turun suomenkielinen lukiokoulutus&#8221;<\/span><\/a><\/p>\n","protected":false},"author":56,"featured_media":0,"parent":13,"menu_order":0,"comment_status":"closed","ping_status":"closed","template":"","meta":{"footnotes":""},"class_list":["post-156","page","type-page","status-publish","hentry"],"_links":{"self":[{"href":"https:\/\/blog.edu.turku.fi\/laadukkaasti-turun-lukioissa\/wp-json\/wp\/v2\/pages\/156","targetHints":{"allow":["GET"]}}],"collection":[{"href":"https:\/\/blog.edu.turku.fi\/laadukkaasti-turun-lukioissa\/wp-json\/wp\/v2\/pages"}],"about":[{"href":"https:\/\/blog.edu.turku.fi\/laadukkaasti-turun-lukioissa\/wp-json\/wp\/v2\/types\/page"}],"author":[{"embeddable":true,"href":"https:\/\/blog.edu.turku.fi\/laadukkaasti-turun-lukioissa\/wp-json\/wp\/v2\/users\/56"}],"replies":[{"embeddable":true,"href":"https:\/\/blog.edu.turku.fi\/laadukkaasti-turun-lukioissa\/wp-json\/wp\/v2\/comments?post=156"}],"version-history":[{"count":34,"href":"https:\/\/blog.edu.turku.fi\/laadukkaasti-turun-lukioissa\/wp-json\/wp\/v2\/pages\/156\/revisions"}],"predecessor-version":[{"id":1148,"href":"https:\/\/blog.edu.turku.fi\/laadukkaasti-turun-lukioissa\/wp-json\/wp\/v2\/pages\/156\/revisions\/1148"}],"up":[{"embeddable":true,"href":"https:\/\/blog.edu.turku.fi\/laadukkaasti-turun-lukioissa\/wp-json\/wp\/v2\/pages\/13"}],"wp:attachment":[{"href":"https:\/\/blog.edu.turku.fi\/laadukkaasti-turun-lukioissa\/wp-json\/wp\/v2\/media?parent=156"}],"curies":[{"name":"wp","href":"https:\/\/api.w.org\/{rel}","templated":true}]}}