{"id":153,"date":"2024-08-14T11:03:40","date_gmt":"2024-08-14T08:03:40","guid":{"rendered":"https:\/\/blog.edu.turku.fi\/laadukkaasti-turun-lukioissa\/?page_id=153"},"modified":"2025-01-27T15:08:17","modified_gmt":"2025-01-27T13:08:17","slug":"johdanto","status":"publish","type":"page","link":"https:\/\/blog.edu.turku.fi\/laadukkaasti-turun-lukioissa\/laatukasikirja\/johdanto\/","title":{"rendered":"Johdanto"},"content":{"rendered":"\n<p>Laatuk\u00e4sikirja on tarkoitettu Turun lukiokoulutuksen henkil\u00f6kunnan, opiskelijoiden ja johdon ty\u00f6v\u00e4lineeksi. K\u00e4sikirja tukee lukiokoulutuksen laadunhallintaa, kehitt\u00e4misty\u00f6t\u00e4 ja opetussuunnitelmassa m\u00e4\u00e4riteltyjen teht\u00e4vien laadukasta hoitamista.&nbsp;K\u00e4sikirja antaa my\u00f6s lukiokoulutuksen sidosryhmille kuvan Turun lukiokoulutuksen laadunhallinnan periaatteista ja k\u00e4yt\u00e4nn\u00f6ist\u00e4.&nbsp;K\u00e4sikirja sis\u00e4lt\u00e4\u00e4 kuvauksen siit\u00e4, miten Turun lukioiden opetuksen laadun kehitt\u00e4minen ja laadunhallinta varmistetaan lukiolain (714\/2018, 56\u00a7) edellytt\u00e4m\u00e4ll\u00e4 tavalla.<\/p>\n\n\n\n<p>Opetus- ja kulttuuriministeri\u00f6n julkaiseman <strong>Lukiokoulutuksen laatustrategian<\/strong><sup data-fn=\"f6e1e7f4-4731-4ff6-b1bb-b88080d39846\" class=\"fn\"><a href=\"#f6e1e7f4-4731-4ff6-b1bb-b88080d39846\" id=\"f6e1e7f4-4731-4ff6-b1bb-b88080d39846-link\">1<\/a><\/sup> vision mukaan lukiokoulutuksen laadunhallinta on vuoteen 2030 menness\u00e4 systemaattista, vakiintunutta ja tietoperustaista toimintaa, jolla on yhteisesti sovitut tavoitteet. Laatustrategia linjaa koulutuksen paikallista kehitt\u00e4mist\u00e4 ja laadunhallinta tukee lukiokoulutusteht\u00e4v\u00e4n toteuttamista. Laadunhallinnan toimivat prosessit vahvistavat laajaa yleissivistyst\u00e4 ja laadukasta oppimista. Laadunhallinnalla parannetaan koulutuksen saavutettavuutta, koulutuksellista tasa-arvoa, yhdenvertaisuutta, opiskelijal\u00e4ht\u00f6isyytt\u00e4, hyvinvointia ja toimintakulttuurin kehitt\u00e4mist\u00e4.&nbsp;<\/p>\n\n\n\n<p>Turun kaupungin visiona on tarjota varhaiskasvatuksesta korkeakoulutukseen ulottuva maan paras oppimispolku. Vision tavoite on varmistaa osaamis- ja koulutustason nousu kaikissa ik\u00e4luokissa: \u201cVuonna 2040 vetovoimainen ja monimuotoinen Turku on globaali edell\u00e4k\u00e4vij\u00e4 oppimis- ja osaamisymp\u00e4rist\u00f6n\u00e4. Kaupunki tarjoaa erinomaiset puitteet monialaiseen osaamisten uudistamiseen ja niiden kest\u00e4v\u00e4\u00e4n hy\u00f6dynt\u00e4miseen.\u201d\u202f<\/p>\n\n\n\n<p><\/p>\n\n\n\n<p><\/p>\n\n\n\n<figure class=\"wp-block-image size-large\"><img loading=\"lazy\" decoding=\"async\" width=\"1024\" height=\"112\" src=\"https:\/\/blog.edu.turku.fi\/laadukkaasti-turun-lukioissa\/files\/2024\/10\/Maan-paras-oppimispolku-3-1024x112.jpg\" alt=\"\" class=\"wp-image-625\" srcset=\"https:\/\/blog.edu.turku.fi\/laadukkaasti-turun-lukioissa\/files\/2024\/10\/Maan-paras-oppimispolku-3-1024x112.jpg 1024w, https:\/\/blog.edu.turku.fi\/laadukkaasti-turun-lukioissa\/files\/2024\/10\/Maan-paras-oppimispolku-3-300x33.jpg 300w, https:\/\/blog.edu.turku.fi\/laadukkaasti-turun-lukioissa\/files\/2024\/10\/Maan-paras-oppimispolku-3.jpg 1921w\" sizes=\"auto, (max-width: 709px) 85vw, (max-width: 909px) 67vw, (max-width: 1362px) 62vw, 840px\" \/><\/figure>\n\n\n\n<p><\/p>\n\n\n\n<p>Lukiokoulutuksen omana, kaupungin visiota t\u00e4ydent\u00e4v\u00e4n\u00e4 visiona on hyvinvoiva, kehittyv\u00e4, oppiva ja ajassa el\u00e4v\u00e4 sek\u00e4 tarpeen mukaan muuttuva oppimiseen keskittyv\u00e4 organisaatio.<\/p>\n\n\n\n<p class=\"has-text-align-left\">Valtakunnallisen lukiokoulutuksen laatustrategian visio sek\u00e4 Turun kaupungin visio muodostavat kokonaisuuden, johon Turun lukiokoulutuksen laadunhallinta ja laadun kehitt\u00e4misty\u00f6 perustuvat.&nbsp;Laadunhallinta sis\u00e4ltyy&nbsp;lukiokoulutuksen ja lukioiden vuosisuunnitelmaan. Kehitt\u00e4miskohteet sovitaan laatuk\u00e4sikirjassa kuvatun laatuty\u00f6n toimintamallin mukaisesti.&nbsp;Vuosisuunnitelmaa toteuttavat eri toimijat omien teht\u00e4viens\u00e4 ja vastuidensa mukaisesti hy\u00f6dynt\u00e4en arviointi- ja palautetietoa. Lukiokoulutuksen ja lukioiden laadunhallintaa ja laatuty\u00f6t\u00e4 tukevat lukiokoulutuksen laatukriteerist\u00f6 sek\u00e4 laadunhallinnan vuosikello.<\/p>\n\n\n\n<p class=\"has-medium-font-size\"><a href=\"https:\/\/blog.edu.turku.fi\/laadukkaasti-turun-lukioissa\/laatukasikirja\/turun-suomenkielinen-lukiokoulutus\/\" data-type=\"page\" data-id=\"156\">Seuraava luku: Turun suomenkielinen lukiokoulutus<\/a><\/p>\n\n\n\n<hr class=\"wp-block-separator has-alpha-channel-opacity\" \/>\n\n\n<ol class=\"wp-block-footnotes\"><li id=\"f6e1e7f4-4731-4ff6-b1bb-b88080d39846\"><a href=\"https:\/\/julkaisut.valtioneuvosto.fi\/handle\/10024\/164436\">Lukiokoulutuksen laatustrategia &#8211; Valto (valtioneuvosto.fi)<\/a> <a href=\"#f6e1e7f4-4731-4ff6-b1bb-b88080d39846-link\" aria-label=\"Siirry alaviitteeseen 1\">\u21a9\ufe0e<\/a><\/li><\/ol>\n\n\n<p><\/p>\n","protected":false},"excerpt":{"rendered":"<p>Laatuk\u00e4sikirja on tarkoitettu Turun lukiokoulutuksen henkil\u00f6kunnan, opiskelijoiden ja johdon ty\u00f6v\u00e4lineeksi. K\u00e4sikirja tukee lukiokoulutuksen laadunhallintaa, kehitt\u00e4misty\u00f6t\u00e4 ja opetussuunnitelmassa m\u00e4\u00e4riteltyjen teht\u00e4vien laadukasta hoitamista.&nbsp;K\u00e4sikirja antaa my\u00f6s lukiokoulutuksen sidosryhmille kuvan Turun lukiokoulutuksen laadunhallinnan periaatteista ja k\u00e4yt\u00e4nn\u00f6ist\u00e4.&nbsp;K\u00e4sikirja sis\u00e4lt\u00e4\u00e4 kuvauksen siit\u00e4, miten Turun lukioiden opetuksen laadun kehitt\u00e4minen ja laadunhallinta varmistetaan lukiolain (714\/2018, 56\u00a7) edellytt\u00e4m\u00e4ll\u00e4 tavalla. Opetus- ja kulttuuriministeri\u00f6n julkaiseman Lukiokoulutuksen laatustrategian &hellip; <a href=\"https:\/\/blog.edu.turku.fi\/laadukkaasti-turun-lukioissa\/laatukasikirja\/johdanto\/\" class=\"more-link\">Jatka lukemista<span class=\"screen-reader-text\"> &#8221;Johdanto&#8221;<\/span><\/a><\/p>\n","protected":false},"author":56,"featured_media":0,"parent":13,"menu_order":0,"comment_status":"closed","ping_status":"closed","template":"","meta":{"footnotes":"[{\"id\":\"f6e1e7f4-4731-4ff6-b1bb-b88080d39846\",\"content\":\"<a href=\\\"https:\\\/\\\/julkaisut.valtioneuvosto.fi\\\/handle\\\/10024\\\/164436\\\">Lukiokoulutuksen laatustrategia - Valto (valtioneuvosto.fi)<\\\/a>\"}]"},"class_list":["post-153","page","type-page","status-publish","hentry"],"_links":{"self":[{"href":"https:\/\/blog.edu.turku.fi\/laadukkaasti-turun-lukioissa\/wp-json\/wp\/v2\/pages\/153","targetHints":{"allow":["GET"]}}],"collection":[{"href":"https:\/\/blog.edu.turku.fi\/laadukkaasti-turun-lukioissa\/wp-json\/wp\/v2\/pages"}],"about":[{"href":"https:\/\/blog.edu.turku.fi\/laadukkaasti-turun-lukioissa\/wp-json\/wp\/v2\/types\/page"}],"author":[{"embeddable":true,"href":"https:\/\/blog.edu.turku.fi\/laadukkaasti-turun-lukioissa\/wp-json\/wp\/v2\/users\/56"}],"replies":[{"embeddable":true,"href":"https:\/\/blog.edu.turku.fi\/laadukkaasti-turun-lukioissa\/wp-json\/wp\/v2\/comments?post=153"}],"version-history":[{"count":39,"href":"https:\/\/blog.edu.turku.fi\/laadukkaasti-turun-lukioissa\/wp-json\/wp\/v2\/pages\/153\/revisions"}],"predecessor-version":[{"id":1191,"href":"https:\/\/blog.edu.turku.fi\/laadukkaasti-turun-lukioissa\/wp-json\/wp\/v2\/pages\/153\/revisions\/1191"}],"up":[{"embeddable":true,"href":"https:\/\/blog.edu.turku.fi\/laadukkaasti-turun-lukioissa\/wp-json\/wp\/v2\/pages\/13"}],"wp:attachment":[{"href":"https:\/\/blog.edu.turku.fi\/laadukkaasti-turun-lukioissa\/wp-json\/wp\/v2\/media?parent=153"}],"curies":[{"name":"wp","href":"https:\/\/api.w.org\/{rel}","templated":true}]}}