{"id":8,"date":"2024-09-11T15:21:41","date_gmt":"2024-09-11T12:21:41","guid":{"rendered":"https:\/\/blog.edu.turku.fi\/koululiikunta\/?page_id=8"},"modified":"2026-04-13T16:10:04","modified_gmt":"2026-04-13T13:10:04","slug":"etusivu","status":"publish","type":"page","link":"https:\/\/blog.edu.turku.fi\/koululiikunta\/","title":{"rendered":"Ajankohtaiset"},"content":{"rendered":"\n<h2 class=\"wp-block-heading\"><\/h2>\n\n\n\n<ul class=\"wp-block-list\">\n<li>HUOM!! Timmi -tilavarausohjelman kirjautumisosoite on muuttunut. Uusi osoite on <strong>turku.timmi.fi<\/strong> (vanha osoite timmi.turku.fi ei siis toimi en\u00e4\u00e4).<\/li>\n<\/ul>\n\n\n\n<p><strong>ALAKOULU:<\/strong><br>-Katukorikseen ilmoittautuminen ti 14.4. klo 12 menness\u00e4.<br>-Viestikarnevaaleihin ilmoittautuminen ma 4.5. menness\u00e4.<br>-Oppilasurheilutoimikunnan kokous Teamsilla to 23.4. klo 14.15-15.30<\/p>\n\n\n\n<p><strong>YL\u00c4KOULU:<\/strong><br>-Pes\u00e4palloon ilmoittautuminen 7.4. menness\u00e4<br>-Oppilasurheilutoimikunnan kokous Kupittaan palloiluhallilla ke 12.5. klo 15-17. Ilmoittautuminen pe 24.4. menness\u00e4.<\/p>\n\n\n\n<p><strong>LUKIO:<\/strong><br>-Pes\u00e4palloon ilmoittautuminen 7.4. menness\u00e4<br>-Oppilasurheilutoimikunnan kokous Kupittaan palloiluhallilla ke 12.5. klo 15-17. Ilmoittautuminen pe 24.4. menness\u00e4<\/p>\n\n\n\n<p><strong>HUOM! Kaikkiin kilpailuihin ja tapahtumiin ilmoittautumiset tehd\u00e4\u00e4n koululiikkuu -ilmoittautumisohjelman kautta, mik\u00e4li toisin ei informoida. Ilmoittautumislinkki alapuolella.<\/strong><\/p>\n\n\n\n<p><a href=\"https:\/\/koululiikkuu.fi\/koululiikkuu\/turku_kl\/\" target=\"_blank\" rel=\"noreferrer noopener\">&gt;&gt;Linkki ilmoittautumisohjelmaan&nbsp;<\/a>(k\u00e4yt\u00e4 jatkossa vain Google Crome -selainta)<\/p>\n\n\n\n<p><\/p>\n\n\n\n<h2 class=\"wp-block-heading\">Lis\u00e4tietoja antavat:<\/h2>\n\n\n\n<p><br><a href=\"https:\/\/www.turku.fi\/henkilo\/harri-karjalainen\">Harri Karjalainen<\/a><\/p>\n\n\n\n<p><\/p>\n","protected":false},"excerpt":{"rendered":"<p>ALAKOULU:-Katukorikseen ilmoittautuminen ti 14.4. klo 12 menness\u00e4.-Viestikarnevaaleihin ilmoittautuminen ma 4.5. menness\u00e4.-Oppilasurheilutoimikunnan kokous Teamsilla to 23.4. klo 14.15-15.30 YL\u00c4KOULU:-Pes\u00e4palloon ilmoittautuminen 7.4. menness\u00e4-Oppilasurheilutoimikunnan kokous Kupittaan palloiluhallilla ke 12.5. klo 15-17. Ilmoittautuminen pe 24.4. menness\u00e4. LUKIO:-Pes\u00e4palloon ilmoittautuminen 7.4. menness\u00e4-Oppilasurheilutoimikunnan kokous Kupittaan palloiluhallilla ke 12.5. klo 15-17. Ilmoittautuminen pe 24.4. menness\u00e4 HUOM! Kaikkiin kilpailuihin ja tapahtumiin ilmoittautumiset tehd\u00e4\u00e4n koululiikkuu &hellip; <a href=\"https:\/\/blog.edu.turku.fi\/koululiikunta\/\" class=\"more-link\">Jatka lukemista<span class=\"screen-reader-text\"> &#8221;Ajankohtaiset&#8221;<\/span><\/a><\/p>\n","protected":false},"author":56,"featured_media":0,"parent":0,"menu_order":0,"comment_status":"closed","ping_status":"closed","template":"","meta":{"footnotes":""},"class_list":["post-8","page","type-page","status-publish","hentry"],"_links":{"self":[{"href":"https:\/\/blog.edu.turku.fi\/koululiikunta\/wp-json\/wp\/v2\/pages\/8","targetHints":{"allow":["GET"]}}],"collection":[{"href":"https:\/\/blog.edu.turku.fi\/koululiikunta\/wp-json\/wp\/v2\/pages"}],"about":[{"href":"https:\/\/blog.edu.turku.fi\/koululiikunta\/wp-json\/wp\/v2\/types\/page"}],"author":[{"embeddable":true,"href":"https:\/\/blog.edu.turku.fi\/koululiikunta\/wp-json\/wp\/v2\/users\/56"}],"replies":[{"embeddable":true,"href":"https:\/\/blog.edu.turku.fi\/koululiikunta\/wp-json\/wp\/v2\/comments?post=8"}],"version-history":[{"count":66,"href":"https:\/\/blog.edu.turku.fi\/koululiikunta\/wp-json\/wp\/v2\/pages\/8\/revisions"}],"predecessor-version":[{"id":758,"href":"https:\/\/blog.edu.turku.fi\/koululiikunta\/wp-json\/wp\/v2\/pages\/8\/revisions\/758"}],"wp:attachment":[{"href":"https:\/\/blog.edu.turku.fi\/koululiikunta\/wp-json\/wp\/v2\/media?parent=8"}],"curies":[{"name":"wp","href":"https:\/\/api.w.org\/{rel}","templated":true}]}}