{"id":51,"date":"2024-10-18T09:37:55","date_gmt":"2024-10-18T06:37:55","guid":{"rendered":"https:\/\/blog.edu.turku.fi\/koululiikunta\/?page_id=51"},"modified":"2026-03-09T08:46:56","modified_gmt":"2026-03-09T06:46:56","slug":"luokkien-1-6-tapahtumakalenteri","status":"publish","type":"page","link":"https:\/\/blog.edu.turku.fi\/koululiikunta\/luokkien-1-6-tapahtumakalenteri\/","title":{"rendered":"Luokkien 1-6 tapahtumakalenteri"},"content":{"rendered":"\n<div class=\"wp-block-columns is-layout-flex wp-container-core-columns-is-layout-9d6595d7 wp-block-columns-is-layout-flex\">\n<div class=\"wp-block-column is-vertically-aligned-center is-layout-flow wp-block-column-is-layout-flow\" style=\"flex-basis:100%\">\n<p><\/p>\n\n\n\n<figure class=\"wp-block-table is-style-stripes\"><table class=\"has-fixed-layout\"><tbody><tr><td><strong>Tapahtumat<\/strong><\/td><td><strong>Luokka<\/strong><\/td><td><strong>Paikka<\/strong><\/td><td><strong>A<\/strong>i<strong>ka<\/strong><\/td><td>I<strong>lm.pv.<\/strong><\/td><\/tr><tr><td>Boostii-\/&nbsp;<a href=\"https:\/\/www.turku.fi\/\" target=\"_blank\" rel=\"noreferrer noopener\">School Action Day -harrastemessut<\/a><\/td><td>3-6<\/td><td>Kupittaan palloiluhalli<\/td><td>26.9.2025<\/td><td>15.9.2025 Lyyti ohjelman kautta<\/td><\/tr><tr><td><a href=\"https:\/\/www.edu.fi\/move\">MOVE<\/a>&nbsp;-mittaukset<\/td><td>5-luokat<\/td><td>Kouluilla<\/td><td>1-30.9.2025<\/td><td>Valtion liikuntaneuvostolta ohjeet&nbsp;suoraan kouluille. Turun oma Move! -ohjeistus l\u00f6ytyy&nbsp;<a href=\"https:\/\/blog.edu.turku.fi\/move\/\">https:\/\/blog.edu.turku.fi\/move\/<\/a><\/td><\/tr><tr><td>Valtakunnallinen<br><a href=\"https:\/\/www.liikenneturva.fi\/fi\/opettajille\/liikenneturvallisuusviikko\">Liikenneturvallisuusviikko<\/a><\/td><td>Kaikki luokka-asteet<\/td><td>Kouluilla<\/td><td>9\/2025<\/td><td>\u200bei erillist\u00e4 ilmoittautumista<\/td><\/tr><tr><td>V\u00c4LKKIS &#8211; koulutukset<\/td><td>5 ja 6luokkalaiset<\/td><td>Kouluilla<\/td><td>vk 38-40<\/td><td>\u200bma 25.8.25<\/td><\/tr><tr><td>Suunnistusviikot<\/td><td>luokat 4-9 ja lukiot<\/td><td><br>Moisio, J\u00e4k\u00e4rl\u00e4, Lauste, Pansio \/Aunela, Impivaara, Ispoinen \/Luolavuori, Varissuo, Runosm\u00e4ki, Hirvensalo, Nummi\/Halinen<\/td><td>viikot 38-41<\/td><td>kts. tiedote<\/td><\/tr><tr><td>Joukkueyleisurheilukilpailut<\/td><td>6. luokat<\/td><td>Kupittaan urheiluhalli<\/td><td>ti&nbsp;30.9.25&nbsp;<\/td><td>ma&nbsp; 16.9.25<\/td><\/tr><tr><td>Joukkueyleisurheilukilpailut<\/td><td>4. luokat<\/td><td>Kupittaan urheiluhalli<\/td><td>to 2.10.25<\/td><td>ma 16.9.25<\/td><\/tr><tr><td>Luokkal\u00e4tk\u00e4 I<br>(TPS toteuttajana)<\/td><td> 1-2 luokat<\/td><td>Impivaaran j\u00e4\u00e4hallissa<\/td><td>Tapahtuma peruttu!!<\/td><td>PERUTTU!<\/td><\/tr><tr><td>Pallosankarit -tapahtuma<\/td><td>1-6 luokat (pienluokat, erityiskoulut, VALMO-luokat)<\/td><td>Impivaaran jalkapallohalli<\/td><td>pe 14.11.25<\/td><td>ti 28.10.25<\/td><\/tr><tr><td>Vesisankarit -tapahtuma<\/td><td>4. lk<\/td><td>Impivaaran uimahalli<\/td><td>to 20.11.25 klo 11-14<\/td><td>ilm. my\u00f6hemmin<\/td><\/tr><tr><td>Viestiuintikilpailut<\/td><td>3-6 luokat<\/td><td>Impivaaran uimahalli<\/td><td>to 29.1.26&nbsp;klo 12-14<\/td><td>ma 12.1.26<\/td><\/tr><tr><td>Boostii-messut<\/td><td><\/td><td>Kupittaan Palloiluhalli<\/td><td>14.1.26<\/td><td><\/td><\/tr><tr><td>J\u00e4\u00e4-reik\u00e4kiekko<\/td><td>4-6lk<\/td><td>Varissuon j\u00e4\u00e4halli<\/td><td>11.2.\/12.2. ja 13.2.2026<\/td><td>22.1.26<\/td><\/tr><tr><td>Luokkal\u00e4tk\u00e4 II (TuTo toteuttajana)<\/td><td>1-4 luokat<\/td><td>Varissuon j\u00e4\u00e4halli<\/td><td>Tapahtuma peruttu!<\/td><td>PERUTTU!<\/td><\/tr><tr><td>Korisbuumi-kutsutapahtuma (tot. 2\/2027)<\/td><td>1-2 luokat<\/td><td>Kupittaan palloiluhallilla<\/td><td>&nbsp;Toteutuu seuraavaksi 2\/2027<br><\/td><td>kutsutapahtuma<\/td><\/tr><tr><td>Alueelliset Move -karnevaalitapahtumat<\/td><td>4- luokat<\/td><td>Nunnavuoren palloiluhalli 5.3.,<br>Kupittaan palloiluhalli 10.3, Aunelan palloiluhalli 25.3.<br><\/td><td>Kutsutapahtumat maaliskuussa.Tarkemmat tiedot l\u00e4hetet\u00e4\u00e4n s-postilla.&nbsp;<\/td><td>ilm. my\u00f6hemmin<\/td><\/tr><tr><td>The Beat Of Dance -tanssitapahtuma<\/td><td>kaikki luokka-asteet<\/td><td>Vimma<\/td><td>12.3.2026<\/td><td>ilm. my\u00f6hemmin<\/td><\/tr><tr><td>5. ja 6. luokkien salibandysarja<\/td><td>5. ja 6. luokat luokkasekajoukkuein<\/td><td>Hepokulta 18.3., W\u00e4in\u00f6 Aaltonen 20.3. Loppusarja W\u00e4in\u00f6 Aaltonen 31.3.<\/td><td>18.3. \/ 20.3. sek\u00e4 31.3.2026\u00a0<\/td><td>ke 18.2.26<\/td><\/tr><tr><td>Hese-kisa<\/td><td>5. ja 6. luokat<\/td><td>Paavo Nurmen Stadion<\/td><td>6.5.2026<\/td><td>Osall. ohjeet toimitettu kouluihin<\/td><\/tr><tr><td>Oppilasurheilutoimikunnan kokous<\/td><td>alakoulujen liikuntavastaavat<\/td><td>Teams et\u00e4kokokous<\/td><td>to 23.4.26 klo 14.15<\/td><td>Osall. linkki toimitetaan my\u00f6hemmin<\/td><\/tr><tr><td>Pirkka Street Basket -katukoristapahtuma<\/td><td>3. &#8211; 6. luokat<\/td><td>Kupittaan CM:n parkkipaikka<\/td><td>5\/2026<\/td><td>ke 29.4.2026<\/td><\/tr><tr><td>Koulujen tennisviikot<\/td><td>kaikki luokka-asteet<\/td><td><br>Impivaaran ja Urheilupuiston tenniskent\u00e4t<\/td><td>viikot 18-21<\/td><td>varaukset Timmin kautta<\/td><\/tr><tr><td>Jalkapallo<\/td><td>3-6 sek\u00e4 5-6 luokkien tyt\u00f6ille ja pojille omat sarjat koulujoukkuein<\/td><td>Alkusarjat koulujen l\u00e4hikentill\u00e4&nbsp; ja loppusarjat Kupittaalla.<\/td><td>Alkusarjat huhtikuussa<br>Loppusarjat: 24.4, 27.4, 28.4, 29.4, 4.5, 6.5, 7.5.<\/td><td>pe 13.3.26<\/td><\/tr><tr><td>Luokkien 1-3&nbsp;toiminnalliset luokkaretket<\/td><td>1.- 3. luokat<\/td><td>&nbsp;Impivaaran urheilukeskus<\/td><td>Ei j\u00e4rjestet\u00e4 vuonna 2026!\u00a0<\/td><td><\/td><\/tr><tr><td>Viestikarnevaalit ja joukkuemaastojuoksut<\/td><td>1.- 6. -luokat (sukkulaviestit)<br>3.- 6. -luokat (joukkuemaastojuoksut)<\/td><td>Paavo Nurmi Stadion + Karikon lenkki<\/td><td>ti 26.5.26<\/td><td>ma 4.5.26<\/td><\/tr><tr><td><\/td><td><\/td><td><\/td><td><\/td><td><\/td><\/tr><tr><td><\/td><td><\/td><td><\/td><td><\/td><td><\/td><\/tr><tr><td><\/td><td><\/td><td><\/td><td><\/td><td><\/td><\/tr><\/tbody><\/table><\/figure>\n<\/div>\n<\/div>\n\n\n\n<p><\/p>\n","protected":false},"excerpt":{"rendered":"<p>Tapahtumat Luokka Paikka Aika Ilm.pv. Boostii-\/&nbsp;School Action Day -harrastemessut 3-6 Kupittaan palloiluhalli 26.9.2025 15.9.2025 Lyyti ohjelman kautta MOVE&nbsp;-mittaukset 5-luokat Kouluilla 1-30.9.2025 Valtion liikuntaneuvostolta ohjeet&nbsp;suoraan kouluille. Turun oma Move! -ohjeistus l\u00f6ytyy&nbsp;https:\/\/blog.edu.turku.fi\/move\/ ValtakunnallinenLiikenneturvallisuusviikko Kaikki luokka-asteet Kouluilla 9\/2025 \u200bei erillist\u00e4 ilmoittautumista V\u00c4LKKIS &#8211; koulutukset 5 ja 6luokkalaiset Kouluilla vk 38-40 \u200bma 25.8.25 Suunnistusviikot luokat 4-9 ja lukiot Moisio, &hellip; <a href=\"https:\/\/blog.edu.turku.fi\/koululiikunta\/luokkien-1-6-tapahtumakalenteri\/\" class=\"more-link\">Jatka lukemista<span class=\"screen-reader-text\"> &#8221;Luokkien 1-6 tapahtumakalenteri&#8221;<\/span><\/a><\/p>\n","protected":false},"author":3349,"featured_media":0,"parent":0,"menu_order":0,"comment_status":"closed","ping_status":"closed","template":"","meta":{"footnotes":""},"class_list":["post-51","page","type-page","status-publish","hentry"],"_links":{"self":[{"href":"https:\/\/blog.edu.turku.fi\/koululiikunta\/wp-json\/wp\/v2\/pages\/51","targetHints":{"allow":["GET"]}}],"collection":[{"href":"https:\/\/blog.edu.turku.fi\/koululiikunta\/wp-json\/wp\/v2\/pages"}],"about":[{"href":"https:\/\/blog.edu.turku.fi\/koululiikunta\/wp-json\/wp\/v2\/types\/page"}],"author":[{"embeddable":true,"href":"https:\/\/blog.edu.turku.fi\/koululiikunta\/wp-json\/wp\/v2\/users\/3349"}],"replies":[{"embeddable":true,"href":"https:\/\/blog.edu.turku.fi\/koululiikunta\/wp-json\/wp\/v2\/comments?post=51"}],"version-history":[{"count":28,"href":"https:\/\/blog.edu.turku.fi\/koululiikunta\/wp-json\/wp\/v2\/pages\/51\/revisions"}],"predecessor-version":[{"id":743,"href":"https:\/\/blog.edu.turku.fi\/koululiikunta\/wp-json\/wp\/v2\/pages\/51\/revisions\/743"}],"wp:attachment":[{"href":"https:\/\/blog.edu.turku.fi\/koululiikunta\/wp-json\/wp\/v2\/media?parent=51"}],"curies":[{"name":"wp","href":"https:\/\/api.w.org\/{rel}","templated":true}]}}