{"id":427,"date":"2025-01-20T12:43:10","date_gmt":"2025-01-20T10:43:10","guid":{"rendered":"https:\/\/blog.edu.turku.fi\/koululiikunta\/?page_id=427"},"modified":"2025-06-10T10:12:30","modified_gmt":"2025-06-10T07:12:30","slug":"erityiskoulujen-tapahtumakalenteri","status":"publish","type":"page","link":"https:\/\/blog.edu.turku.fi\/koululiikunta\/erityiskoulujen-tapahtumakalenteri\/","title":{"rendered":"Erityiskoulujen tapahtumakalenteri"},"content":{"rendered":"\n<p>Lis\u00e4tietoa erityiskoulujen tapahtumista: Marianna Ylinampa, liikuntapalveluvastaava, marianna.ylinampa@turku.fi<\/p>\n\n\n\n<figure class=\"wp-block-table is-style-stripes\"><table class=\"has-fixed-layout\"><tbody><tr><td>Ta<strong>pahtuma<\/strong><\/td><td><strong>Luokka<\/strong><\/td><td><strong>Paikka<\/strong><\/td><td><strong>Aika<\/strong><\/td><td><strong>Ilm.pv.<\/strong><\/td><\/tr><tr><td>Erityiskoulujen ihmemaap\u00e4iv\u00e4<\/td><td>1-6.lk<\/td><td>Kupittaan urheiluhalli<\/td><td>ma 27.10.25<\/td><td>tiedotetaan s-postilla<\/td><\/tr><tr><td><\/td><td><\/td><td><\/td><td><\/td><td><\/td><\/tr><tr><td>Pallosankarit tapahtuma<\/td><td>1-6-lk (pienluokat, erityisluokat, valmo-luokat)<\/td><td>Impivaaran jp-halli<\/td><td>Pe 14.11.<\/td><td>ti 28.10<\/td><\/tr><tr><td>Erityiskoulujen laskettelup\u00e4iv\u00e4t<\/td><td>kaikki luokka-asteet<\/td><td>Hirvensalon hiihtokeskus<\/td><td>viikolla 6<br>(lumivarauksella)<\/td><td>19.1.2026<\/td><\/tr><tr><td>Erityiskoulujen ihmemaap\u00e4iv\u00e4<\/td><td>1-6.lk<\/td><td>Kupittaan urheiluhalli<\/td><td>ma 16.3. 2026<\/td><td>Tiedotetaan s-postilla<\/td><\/tr><tr><td>Erityisryhmien uintikurssi<\/td><td>liikunta-, aisti- ja kehitysvammaisille 7-16-vuotiaille oppilaille<\/td><td>Impivaaran ja Kaarinan uimahallit<\/td><td>kes\u00e4toimintaa viikot 23, 24<\/td><td>Erillinen tiedote ja ilm.lomake jaetaan oppilaille<\/td><\/tr><tr><td><\/td><td><\/td><td><\/td><td><\/td><td><\/td><\/tr><\/tbody><\/table><\/figure>\n","protected":false},"excerpt":{"rendered":"<p>Lis\u00e4tietoa erityiskoulujen tapahtumista: Marianna Ylinampa, liikuntapalveluvastaava, marianna.ylinampa@turku.fi Tapahtuma Luokka Paikka Aika Ilm.pv. Erityiskoulujen ihmemaap\u00e4iv\u00e4 1-6.lk Kupittaan urheiluhalli ma 27.10.25 tiedotetaan s-postilla Pallosankarit tapahtuma 1-6-lk (pienluokat, erityisluokat, valmo-luokat) Impivaaran jp-halli Pe 14.11. ti 28.10 Erityiskoulujen laskettelup\u00e4iv\u00e4t kaikki luokka-asteet Hirvensalon hiihtokeskus viikolla 6(lumivarauksella) 19.1.2026 Erityiskoulujen ihmemaap\u00e4iv\u00e4 1-6.lk Kupittaan urheiluhalli ma 16.3. 2026 Tiedotetaan s-postilla Erityisryhmien uintikurssi liikunta-, &hellip; <a href=\"https:\/\/blog.edu.turku.fi\/koululiikunta\/erityiskoulujen-tapahtumakalenteri\/\" class=\"more-link\">Jatka lukemista<span class=\"screen-reader-text\"> &#8221;Erityiskoulujen tapahtumakalenteri&#8221;<\/span><\/a><\/p>\n","protected":false},"author":3349,"featured_media":0,"parent":0,"menu_order":0,"comment_status":"closed","ping_status":"closed","template":"","meta":{"footnotes":""},"class_list":["post-427","page","type-page","status-publish","hentry"],"_links":{"self":[{"href":"https:\/\/blog.edu.turku.fi\/koululiikunta\/wp-json\/wp\/v2\/pages\/427","targetHints":{"allow":["GET"]}}],"collection":[{"href":"https:\/\/blog.edu.turku.fi\/koululiikunta\/wp-json\/wp\/v2\/pages"}],"about":[{"href":"https:\/\/blog.edu.turku.fi\/koululiikunta\/wp-json\/wp\/v2\/types\/page"}],"author":[{"embeddable":true,"href":"https:\/\/blog.edu.turku.fi\/koululiikunta\/wp-json\/wp\/v2\/users\/3349"}],"replies":[{"embeddable":true,"href":"https:\/\/blog.edu.turku.fi\/koululiikunta\/wp-json\/wp\/v2\/comments?post=427"}],"version-history":[{"count":10,"href":"https:\/\/blog.edu.turku.fi\/koululiikunta\/wp-json\/wp\/v2\/pages\/427\/revisions"}],"predecessor-version":[{"id":545,"href":"https:\/\/blog.edu.turku.fi\/koululiikunta\/wp-json\/wp\/v2\/pages\/427\/revisions\/545"}],"wp:attachment":[{"href":"https:\/\/blog.edu.turku.fi\/koululiikunta\/wp-json\/wp\/v2\/media?parent=427"}],"curies":[{"name":"wp","href":"https:\/\/api.w.org\/{rel}","templated":true}]}}