{"id":127,"date":"2024-12-10T15:13:26","date_gmt":"2024-12-10T13:13:26","guid":{"rendered":"https:\/\/blog.edu.turku.fi\/koululiikunta\/?page_id=127"},"modified":"2026-03-11T10:02:57","modified_gmt":"2026-03-11T08:02:57","slug":"koululaiskilpailujen-tiedotteet-ja-lajisaannot","status":"publish","type":"page","link":"https:\/\/blog.edu.turku.fi\/koululiikunta\/koululaiskilpailujen-tiedotteet-ja-lajisaannot\/","title":{"rendered":"Koululaiskilpailujen tiedotteet ja lajis\u00e4\u00e4nn\u00f6t"},"content":{"rendered":"\n<p>Koululiikunnassa kisataan&nbsp;monissa eri&nbsp;lajeissa.<\/p>\n\n\n\n<h6 class=\"wp-block-heading\"><strong>Yleiset tiedotteet ja lajis\u00e4\u00e4nn\u00f6t kaikille luokka-asteille<\/strong><\/h6>\n\n\n\n<p><a href=\"https:\/\/blog.edu.turku.fi\/move\/files\/2024\/12\/Jalkapallon-pienpelisaannot.pdf\">Jalkapallon pienpelis\u00e4\u00e4nn\u00f6t <\/a><\/p>\n\n\n\n<p><a href=\"https:\/\/blog.edu.turku.fi\/koululiikunta\/files\/2024\/12\/pesapallosaannot.pdf\">Koulupes\u00e4pallo s\u00e4\u00e4nn\u00f6t<\/a><\/p>\n\n\n\n<p><a href=\"https:\/\/blog.edu.turku.fi\/koululiikunta\/files\/2024\/12\/Koulujen-suunnistusviikot.pdf\">Koulujen suunnistusviikot<\/a><\/p>\n\n\n\n<h6 class=\"wp-block-heading\"><strong>Alakoulujen tapahtumatiedot ja s\u00e4\u00e4nn\u00f6t<\/strong><\/h6>\n\n\n\n<p><a href=\"https:\/\/blog.edu.turku.fi\/koululiikunta\/files\/2024\/12\/Viestikarnevaalit-ja-joukkuemaastojuoksut-2024.pdf\">Viestikarnevaalit-ja-joukkuemaastojuoksut-2024.pdf<\/a><\/p>\n\n\n\n<p><a href=\"https:\/\/blog.edu.turku.fi\/koululiikunta\/files\/2024\/12\/Alaluokkien-koripallosaannot.pdf\" data-type=\"link\" data-id=\"https:\/\/blog.edu.turku.fi\/koululiikunta\/files\/2024\/12\/Alaluokkien-koripallosaannot.pdf\">Alaluokkien koripallos\u00e4\u00e4nn\u00f6t<\/a><\/p>\n\n\n\n<p><a href=\"https:\/\/blog.edu.turku.fi\/koululiikunta\/files\/2025\/08\/Joukkueyleisurheilukilpailut-4-6.pdf\">Joukkueyleisurheilukilpailut 4-6-lk<\/a><\/p>\n\n\n\n<p><a href=\"https:\/\/blog.edu.turku.fi\/koululiikunta\/files\/2024\/12\/Viestiuintimestaruuskilpailujen-ohjeet-luokille-3-6.pdf\">Viestiuinti 3-6-lk ohjeet<\/a><\/p>\n\n\n\n<p><a href=\"https:\/\/blog.edu.turku.fi\/move\/files\/2025\/01\/Alakoulujen-viestiuinnit_2025.docx\">Alakoulujen-viestiuinnit tiedote ja er\u00e4jaot 2025<\/a><\/p>\n\n\n\n<p><a href=\"https:\/\/blog.edu.turku.fi\/koululiikunta\/files\/2024\/12\/Luokkien-5-ja-6-salibandysarjan-kilpailumaaraykset.pdf\">Luokkien-5-ja-6-salibandysarjan-kilpailumaaraykset<\/a><\/p>\n\n\n\n<p><a href=\"https:\/\/blog.edu.turku.fi\/koululiikunta\/files\/2024\/12\/luokkalatka_2024_infokirje_tuto.pdf\">luokkalatka_2024_infokirje_tuto.<\/a><\/p>\n\n\n\n<p><a href=\"https:\/\/blog.edu.turku.fi\/koululiikunta\/files\/2024\/12\/Luokkien-4-6-jaakiekko\u2013reikakiekkosarja-seka-reikakiekkosarja.pdf\">Luokkien-4-6-jaakiekko\u2013reikakiekkosarja-seka-reikakiekkosarja.pdf<\/a><\/p>\n\n\n\n<p><a href=\"https:\/\/blog.edu.turku.fi\/move\/files\/2025\/03\/NY.T-radan-kirjalliset-ohjeet-2025.pdf\">N.Y.T-radan-kirjalliset-ohjeet-2025.<\/a><a href=\"https:\/\/blog.edu.turku.fi\/koululiikunta\/files\/2024\/12\/NYT-kotiratakisa-1-4-luokkalaisille.pdf\"> <\/a><\/p>\n\n\n\n<figure class=\"wp-block-embed is-type-video is-provider-youtube wp-block-embed-youtube wp-embed-aspect-16-9 wp-has-aspect-ratio\"><div class=\"wp-block-embed__wrapper\">\n<iframe loading=\"lazy\" title=\"N.Y.T! -kotiratakisa 2024 (ohjeilla)\" width=\"840\" height=\"473\" src=\"https:\/\/www.youtube.com\/embed\/kHP4Hb9WbSw?feature=oembed\" frameborder=\"0\" allow=\"accelerometer; autoplay; clipboard-write; encrypted-media; gyroscope; picture-in-picture; web-share\" referrerpolicy=\"strict-origin-when-cross-origin\" allowfullscreen><\/iframe>\n<\/div><\/figure>\n\n\n\n<h6 class=\"wp-block-heading\"><strong>Yl\u00e4koulujen tapahtumatiedot ja s\u00e4\u00e4nn\u00f6t<\/strong><\/h6>\n\n\n\n<p><a href=\"https:\/\/blog.edu.turku.fi\/koululiikunta\/files\/2024\/12\/Kuntosaliviikot.pdf\">Kuntosaliviikot<\/a><\/p>\n\n\n\n<p><a href=\"https:\/\/blog.edu.turku.fi\/koululiikunta\/files\/2024\/12\/Ylakoululaisten-lajitutustumisviikot.pdf\">Yl\u00e4koululaisten lajitutustumisviikot<\/a><\/p>\n\n\n\n<p><a href=\"https:\/\/blog.edu.turku.fi\/koululiikunta\/files\/2024\/12\/Tiikerilentiksen-saannot.pdf\">Tiikerilentopallo s\u00e4\u00e4nn\u00f6t<\/a><\/p>\n\n\n\n<p><a href=\"https:\/\/blog.edu.turku.fi\/koululiikunta\/files\/2024\/12\/Luokkien-7-9-joukkueyleisurheilukilpailut-.pdf\">Luokkien-7-9-joukkueyleisurheilukilpailut<\/a><\/p>\n\n\n\n<p><a href=\"https:\/\/blog.edu.turku.fi\/koululiikunta\/files\/2024\/12\/Koripallosarjojen-saannot.pdf\">Koripallosarjojen-saannot<\/a><\/p>\n\n\n\n<p><a href=\"https:\/\/blog.edu.turku.fi\/koululiikunta\/files\/2024\/12\/Kaukalopallosaannot-koulupeleissa.pdf\">Kaukalopallosaannot-koulupeleissa<\/a> <\/p>\n\n\n\n<p><a href=\"https:\/\/blog.edu.turku.fi\/koululiikunta\/files\/2024\/12\/jpykpojat2024.pdf\">jpykpojat otteluohjelma 2024<\/a><\/p>\n\n\n\n<h6 class=\"wp-block-heading\"><strong>Lukioiden tapahtumatiedot ja s\u00e4\u00e4nn\u00f6t<\/strong><\/h6>\n\n\n\n<p><a href=\"https:\/\/blog.edu.turku.fi\/move\/files\/2024\/12\/Beach-volleyn-saannot.pdf\">Beach volleyn s\u00e4\u00e4nn\u00f6t<\/a><\/p>\n\n\n\n<p><a href=\"https:\/\/blog.edu.turku.fi\/koululiikunta\/files\/2024\/12\/Lentopallosaannot-lukion-sekajoukkueelle.pdf\">Lentopallosaannot-lukion-sekajoukkueelle<\/a><\/p>\n\n\n\n<p><a href=\"https:\/\/blog.edu.turku.fi\/koululiikunta\/files\/2024\/12\/Kuplajalkapallo.pdf\">Kuplajalkapallo s\u00e4\u00e4nn\u00f6t<\/a><\/p>\n\n\n\n<h6 class=\"wp-block-heading\"><strong>Erityiskoulujen tapahtumatiedot ja s\u00e4\u00e4nn\u00f6t<\/strong><\/h6>\n\n\n\n<p><a href=\"https:\/\/blog.edu.turku.fi\/koululiikunta\/files\/2024\/12\/Erityiskoulujen-ihmemaapaivat-2024-2025.pdf\">Erityiskoulujen-ihmemaapaivat-2024-2025<\/a><\/p>\n\n\n\n<p><a href=\"https:\/\/blog.edu.turku.fi\/move\/files\/2026\/01\/Erityiskoulujen-laskettupaivat-2026.pdf\">Erityiskoulujen-laskettupaivat-2026 <\/a><\/p>\n\n\n\n<p><a href=\"https:\/\/blog.edu.turku.fi\/koululiikunta\/files\/2025\/01\/Erityiskoulujen-laskettupaivat-2025-2-1-4.pdf\">Erityiskoulujen-laskettupaivat-2025<\/a><\/p>\n\n\n\n<p><a href=\"https:\/\/blog.edu.turku.fi\/koululiikunta\/files\/2024\/12\/Erityiskoulujen-laskettupaivat-2024.pdf\">Erityiskoulujen-laskettupaivat-2024<\/a><\/p>\n\n\n\n<p><a href=\"https:\/\/blog.edu.turku.fi\/koululiikunta\/files\/2024\/12\/pallosankarit_2024_info.doc\">pallosankarit_2024_info.<\/a><\/p>\n\n\n\n<p><\/p>\n","protected":false},"excerpt":{"rendered":"<p>Koululiikunnassa kisataan&nbsp;monissa eri&nbsp;lajeissa. Yleiset tiedotteet ja lajis\u00e4\u00e4nn\u00f6t kaikille luokka-asteille Jalkapallon pienpelis\u00e4\u00e4nn\u00f6t Koulupes\u00e4pallo s\u00e4\u00e4nn\u00f6t Koulujen suunnistusviikot Alakoulujen tapahtumatiedot ja s\u00e4\u00e4nn\u00f6t Viestikarnevaalit-ja-joukkuemaastojuoksut-2024.pdf Alaluokkien koripallos\u00e4\u00e4nn\u00f6t Joukkueyleisurheilukilpailut 4-6-lk Viestiuinti 3-6-lk ohjeet Alakoulujen-viestiuinnit tiedote ja er\u00e4jaot 2025 Luokkien-5-ja-6-salibandysarjan-kilpailumaaraykset luokkalatka_2024_infokirje_tuto. Luokkien-4-6-jaakiekko\u2013reikakiekkosarja-seka-reikakiekkosarja.pdf N.Y.T-radan-kirjalliset-ohjeet-2025. Yl\u00e4koulujen tapahtumatiedot ja s\u00e4\u00e4nn\u00f6t Kuntosaliviikot Yl\u00e4koululaisten lajitutustumisviikot Tiikerilentopallo s\u00e4\u00e4nn\u00f6t Luokkien-7-9-joukkueyleisurheilukilpailut Koripallosarjojen-saannot Kaukalopallosaannot-koulupeleissa jpykpojat otteluohjelma 2024 Lukioiden tapahtumatiedot ja s\u00e4\u00e4nn\u00f6t &hellip; <a href=\"https:\/\/blog.edu.turku.fi\/koululiikunta\/koululaiskilpailujen-tiedotteet-ja-lajisaannot\/\" class=\"more-link\">Jatka lukemista<span class=\"screen-reader-text\"> &#8221;Koululaiskilpailujen tiedotteet ja lajis\u00e4\u00e4nn\u00f6t&#8221;<\/span><\/a><\/p>\n","protected":false},"author":3349,"featured_media":0,"parent":0,"menu_order":0,"comment_status":"closed","ping_status":"closed","template":"","meta":{"footnotes":""},"class_list":["post-127","page","type-page","status-publish","hentry"],"_links":{"self":[{"href":"https:\/\/blog.edu.turku.fi\/koululiikunta\/wp-json\/wp\/v2\/pages\/127","targetHints":{"allow":["GET"]}}],"collection":[{"href":"https:\/\/blog.edu.turku.fi\/koululiikunta\/wp-json\/wp\/v2\/pages"}],"about":[{"href":"https:\/\/blog.edu.turku.fi\/koululiikunta\/wp-json\/wp\/v2\/types\/page"}],"author":[{"embeddable":true,"href":"https:\/\/blog.edu.turku.fi\/koululiikunta\/wp-json\/wp\/v2\/users\/3349"}],"replies":[{"embeddable":true,"href":"https:\/\/blog.edu.turku.fi\/koululiikunta\/wp-json\/wp\/v2\/comments?post=127"}],"version-history":[{"count":36,"href":"https:\/\/blog.edu.turku.fi\/koululiikunta\/wp-json\/wp\/v2\/pages\/127\/revisions"}],"predecessor-version":[{"id":746,"href":"https:\/\/blog.edu.turku.fi\/koululiikunta\/wp-json\/wp\/v2\/pages\/127\/revisions\/746"}],"wp:attachment":[{"href":"https:\/\/blog.edu.turku.fi\/koululiikunta\/wp-json\/wp\/v2\/media?parent=127"}],"curies":[{"name":"wp","href":"https:\/\/api.w.org\/{rel}","templated":true}]}}