{"id":123,"date":"2024-12-10T15:09:01","date_gmt":"2024-12-10T13:09:01","guid":{"rendered":"https:\/\/blog.edu.turku.fi\/koululiikunta\/?page_id=123"},"modified":"2025-07-08T13:47:11","modified_gmt":"2025-07-08T10:47:11","slug":"liikuntatilojen-varaukset","status":"publish","type":"page","link":"https:\/\/blog.edu.turku.fi\/koululiikunta\/liikuntatilojen-varaukset\/","title":{"rendered":"Liikuntatilojen varaukset"},"content":{"rendered":"\n<p>Timmin kautta koulut voivat varata liikuntatiloja ja v\u00e4lineit\u00e4. Yhteisk\u00e4ytt\u00f6tunnukset timmiin on l\u00e4hetetty alakoulujen liikuntavastaaville ja yl\u00e4koulujen\/lukioiden liikunnanopettajille. <\/p>\n\n\n\n<p><a href=\"https:\/\/blog.edu.turku.fi\/koululiikunta\/files\/2024\/12\/Timmi-tilavarausjarjestelman-kayttoohjeet.pdf\"><strong>Timmi-tilavarausj\u00e4rjestelm\u00e4n k\u00e4ytt\u00f6ohjeet<\/strong><\/a><\/p>\n\n\n\n<p>T\u00e4st\u00e4 linkist\u00e4 p\u00e4\u00e4set timmiin: <a href=\"https:\/\/turku.timmi.fi\/WebTimmi\/#\/155\">Timmi sis\u00e4\u00e4nkirjautuminen<\/a><\/p>\n\n\n\n<figure class=\"wp-block-image size-large\"><img loading=\"lazy\" decoding=\"async\" width=\"1024\" height=\"528\" src=\"https:\/\/blog.edu.turku.fi\/koululiikunta\/files\/2024\/12\/image-2-1024x528.png\" alt=\"\" class=\"wp-image-319\" srcset=\"https:\/\/blog.edu.turku.fi\/koululiikunta\/files\/2024\/12\/image-2-1024x528.png 1024w, https:\/\/blog.edu.turku.fi\/koululiikunta\/files\/2024\/12\/image-2-300x155.png 300w, https:\/\/blog.edu.turku.fi\/koululiikunta\/files\/2024\/12\/image-2-768x396.png 768w, https:\/\/blog.edu.turku.fi\/koululiikunta\/files\/2024\/12\/image-2-1200x618.png 1200w, https:\/\/blog.edu.turku.fi\/koululiikunta\/files\/2024\/12\/image-2.png 1246w\" sizes=\"auto, (max-width: 709px) 85vw, (max-width: 909px) 67vw, (max-width: 1362px) 62vw, 840px\" \/><\/figure>\n\n\n\n<figure class=\"wp-block-image size-large\"><img loading=\"lazy\" decoding=\"async\" width=\"1024\" height=\"538\" src=\"https:\/\/blog.edu.turku.fi\/koululiikunta\/files\/2024\/12\/image-1-1024x538.png\" alt=\"\" class=\"wp-image-317\" srcset=\"https:\/\/blog.edu.turku.fi\/koululiikunta\/files\/2024\/12\/image-1-1024x538.png 1024w, https:\/\/blog.edu.turku.fi\/koululiikunta\/files\/2024\/12\/image-1-300x158.png 300w, https:\/\/blog.edu.turku.fi\/koululiikunta\/files\/2024\/12\/image-1-768x404.png 768w, https:\/\/blog.edu.turku.fi\/koululiikunta\/files\/2024\/12\/image-1-1200x631.png 1200w, https:\/\/blog.edu.turku.fi\/koululiikunta\/files\/2024\/12\/image-1.png 1231w\" sizes=\"auto, (max-width: 709px) 85vw, (max-width: 909px) 67vw, (max-width: 1362px) 62vw, 840px\" \/><\/figure>\n\n\n\n<p>Katso liikuntapaikkakohtaiset ohjeet t\u00e4\u00e4lt\u00e4: Liikuntapaikkojen<a href=\"https:\/\/blog.edu.turku.fi\/koululiikunta\/liikuntapaikkojen-kayttoohjeet\/\"> k\u00e4ytt\u00f6ohjeet \u2013 Koululiikunta<\/a>.<\/p>\n\n\n\n<p>T\u00e4\u00e4lt\u00e4 l\u00f6yd\u00e4t: <a href=\"https:\/\/blog.edu.turku.fi\/koululiikunta\/files\/2024\/12\/lainattavat_valineet_tiedote.pdf\">Lainattavat v\u00e4lineet<\/a><\/p>\n","protected":false},"excerpt":{"rendered":"<p>Timmin kautta koulut voivat varata liikuntatiloja ja v\u00e4lineit\u00e4. Yhteisk\u00e4ytt\u00f6tunnukset timmiin on l\u00e4hetetty alakoulujen liikuntavastaaville ja yl\u00e4koulujen\/lukioiden liikunnanopettajille. Timmi-tilavarausj\u00e4rjestelm\u00e4n k\u00e4ytt\u00f6ohjeet T\u00e4st\u00e4 linkist\u00e4 p\u00e4\u00e4set timmiin: Timmi sis\u00e4\u00e4nkirjautuminen Katso liikuntapaikkakohtaiset ohjeet t\u00e4\u00e4lt\u00e4: Liikuntapaikkojen k\u00e4ytt\u00f6ohjeet \u2013 Koululiikunta. T\u00e4\u00e4lt\u00e4 l\u00f6yd\u00e4t: Lainattavat v\u00e4lineet<\/p>\n","protected":false},"author":3349,"featured_media":0,"parent":0,"menu_order":0,"comment_status":"closed","ping_status":"closed","template":"","meta":{"footnotes":""},"class_list":["post-123","page","type-page","status-publish","hentry"],"_links":{"self":[{"href":"https:\/\/blog.edu.turku.fi\/koululiikunta\/wp-json\/wp\/v2\/pages\/123","targetHints":{"allow":["GET"]}}],"collection":[{"href":"https:\/\/blog.edu.turku.fi\/koululiikunta\/wp-json\/wp\/v2\/pages"}],"about":[{"href":"https:\/\/blog.edu.turku.fi\/koululiikunta\/wp-json\/wp\/v2\/types\/page"}],"author":[{"embeddable":true,"href":"https:\/\/blog.edu.turku.fi\/koululiikunta\/wp-json\/wp\/v2\/users\/3349"}],"replies":[{"embeddable":true,"href":"https:\/\/blog.edu.turku.fi\/koululiikunta\/wp-json\/wp\/v2\/comments?post=123"}],"version-history":[{"count":8,"href":"https:\/\/blog.edu.turku.fi\/koululiikunta\/wp-json\/wp\/v2\/pages\/123\/revisions"}],"predecessor-version":[{"id":611,"href":"https:\/\/blog.edu.turku.fi\/koululiikunta\/wp-json\/wp\/v2\/pages\/123\/revisions\/611"}],"wp:attachment":[{"href":"https:\/\/blog.edu.turku.fi\/koululiikunta\/wp-json\/wp\/v2\/media?parent=123"}],"curies":[{"name":"wp","href":"https:\/\/api.w.org\/{rel}","templated":true}]}}