{"id":112,"date":"2024-12-10T15:06:31","date_gmt":"2024-12-10T13:06:31","guid":{"rendered":"https:\/\/blog.edu.turku.fi\/koululiikunta\/?page_id=112"},"modified":"2026-02-09T15:44:32","modified_gmt":"2026-02-09T13:44:32","slug":"lukion-tapahtumakalenteri","status":"publish","type":"page","link":"https:\/\/blog.edu.turku.fi\/koululiikunta\/lukion-tapahtumakalenteri\/","title":{"rendered":"Lukion tapahtumakalenteri"},"content":{"rendered":"\n<p>Tapahtumakalenteria t\u00e4ydennet\u00e4\u00e4n pitkin lukuvuotta.<\/p>\n\n\n\n<p>Ilmoittautumisj\u00e4rjestelm\u00e4&nbsp;<a href=\"http:\/\/www.koululiikkuu.fi\/koululiikkuu\/turku_kl\/\">koululiikkuu.fi<\/a><\/p>\n\n\n\n<div class=\"wp-block-columns is-layout-flex wp-container-core-columns-is-layout-9d6595d7 wp-block-columns-is-layout-flex\">\n<div class=\"wp-block-column is-layout-flow wp-block-column-is-layout-flow\" style=\"flex-basis:100%\">\n<div class=\"wp-block-columns is-layout-flex wp-container-core-columns-is-layout-9d6595d7 wp-block-columns-is-layout-flex\">\n<div class=\"wp-block-column is-layout-flow wp-block-column-is-layout-flow\" style=\"flex-basis:100%\">\n<figure class=\"wp-block-table is-style-stripes\"><table class=\"has-fixed-layout\"><tbody><tr><td><strong>Kilpailu\/tapahtuma<\/strong><\/td><td><strong>Kohderyhm\u00e4<\/strong><\/td><td><strong>Paikka<\/strong><\/td><td><strong>Aika<\/strong><\/td><td>I<strong>lm.pv.<\/strong><\/td><\/tr><tr><td>Syksyn lajikokeilut<\/td><td>ensimm\u00e4isen vuoden opiskelijoille Lukio\/ammattioppilaitokset<\/td><td>Seurojen tiloissa<\/td><td>syyslukukauden aikana. <\/td><td>Erillinen tiedote l\u00e4hetet\u00e4\u00e4n opettajille<\/td><\/tr><tr><td>Jalkapallo (iso kentt\u00e4)<\/td><td>Pojat<\/td><td>Kupittaa 2<\/td><td>1.9., 2.9., 3.9.<\/td><td>11.8.2025<\/td><\/tr><tr><td>Jalkapallo<\/td><td>Tyt\u00f6t<\/td><td>Kupittaa 2<\/td><td>Ei toteutunut<\/td><td>11.8.2025<\/td><\/tr><tr><td>Koulujen suunnistusviikot<\/td><td>tyt\u00f6t\/pojat<\/td><td>Kts. tiedote<\/td><td>viikot 38-41<\/td><td>Kts. tiedote<\/td><\/tr><tr><td>Salibandy<\/td><td>Pojat<\/td><td>Kupittaan palloiluhalli<\/td><td>27.10.2025<\/td><td>3.10.2025<\/td><\/tr><tr><td>Salibandy<\/td><td>Tyt\u00f6t<\/td><td>Kupittaan palloiluhalli<\/td><td>28.10.2025<\/td><td>3.10.2025<\/td><\/tr><tr><td>Koripallo<\/td><td>Sekajoukkue<\/td><td>Kupittaan palloiluhalli<\/td><td>pe 12.12.2025<\/td><td>pe 15.11.25<\/td><\/tr><tr><td>Futsal<\/td><td>Pojat<\/td><td><br>Samppalinnan palloiluhalli?<\/td><td>Siirtyy vuoteen 2027<\/td><td><\/td><\/tr><tr><td>Futsal<\/td><td>Tyt\u00f6t<\/td><td><br>Samppalinnan palloiluhalli?<\/td><td>Siirtyy vuoteen 2027<\/td><td><\/td><\/tr><tr><td>The Beat of Dance -tanssitapahtuma<\/td><td>tyt\u00f6t\/pojat<\/td><td>Vimma<\/td><td>12.3.2026<\/td><td>ilm. my\u00f6hemmin<\/td><\/tr><tr><td>Sekalentopallo<\/td><td>tyt\u00f6t\/pojat<\/td><td>Kupittaan Palloiluhalli<\/td><td>14.4.2026<\/td><td>Ma 23.3.26<\/td><\/tr><tr><td>Tennisviikot<\/td><td>kaikki luokka-asteet<\/td><td>Impivaaran ja Urheilupuiston ulkotenniskent\u00e4t, muut kent\u00e4t<\/td><td>viikot 18-21<\/td><td><br>Varaukset Timmi&nbsp;-j\u00e4rjestelm\u00e4n kautta (kts. ohje)<\/td><\/tr><tr><td>Oppilasurheilutoimikunnan kokous<\/td><td>lukioiden liik.opet<\/td><td>Kupittaan palloiluhalli kokoustila<\/td><td>ke 12.5.2026 klo14.00<\/td><td>pe 24.4.26<\/td><\/tr><tr><td>Pes\u00e4pallo<\/td><td>Tyt\u00f6t<\/td><td>Kupittaan pes\u00e4pallostadion<\/td><td>ma 4.5.2026 <\/td><td>7.4.26<\/td><\/tr><tr><td>Pes\u00e4pallo<\/td><td>Pojat<\/td><td>Kupittaan pes\u00e4pallostadion<\/td><td>ti 5.5.2026 ja ke 6.5. loppusarja pe 8.5.<br>&nbsp;<\/td><td>7.4.26<\/td><\/tr><\/tbody><\/table><\/figure>\n<\/div>\n<\/div>\n<\/div>\n<\/div>\n\n\n\n<p><\/p>\n\n\n\n<p><\/p>\n","protected":false},"excerpt":{"rendered":"<p>Tapahtumakalenteria t\u00e4ydennet\u00e4\u00e4n pitkin lukuvuotta. Ilmoittautumisj\u00e4rjestelm\u00e4&nbsp;koululiikkuu.fi Kilpailu\/tapahtuma Kohderyhm\u00e4 Paikka Aika Ilm.pv. Syksyn lajikokeilut ensimm\u00e4isen vuoden opiskelijoille Lukio\/ammattioppilaitokset Seurojen tiloissa syyslukukauden aikana. Erillinen tiedote l\u00e4hetet\u00e4\u00e4n opettajille Jalkapallo (iso kentt\u00e4) Pojat Kupittaa 2 1.9., 2.9., 3.9. 11.8.2025 Jalkapallo Tyt\u00f6t Kupittaa 2 Ei toteutunut 11.8.2025 Koulujen suunnistusviikot tyt\u00f6t\/pojat Kts. tiedote viikot 38-41 Kts. tiedote Salibandy Pojat Kupittaan palloiluhalli 27.10.2025 &hellip; <a href=\"https:\/\/blog.edu.turku.fi\/koululiikunta\/lukion-tapahtumakalenteri\/\" class=\"more-link\">Jatka lukemista<span class=\"screen-reader-text\"> &#8221;Lukion tapahtumakalenteri&#8221;<\/span><\/a><\/p>\n","protected":false},"author":3349,"featured_media":0,"parent":0,"menu_order":0,"comment_status":"closed","ping_status":"closed","template":"","meta":{"footnotes":""},"class_list":["post-112","page","type-page","status-publish","hentry"],"_links":{"self":[{"href":"https:\/\/blog.edu.turku.fi\/koululiikunta\/wp-json\/wp\/v2\/pages\/112","targetHints":{"allow":["GET"]}}],"collection":[{"href":"https:\/\/blog.edu.turku.fi\/koululiikunta\/wp-json\/wp\/v2\/pages"}],"about":[{"href":"https:\/\/blog.edu.turku.fi\/koululiikunta\/wp-json\/wp\/v2\/types\/page"}],"author":[{"embeddable":true,"href":"https:\/\/blog.edu.turku.fi\/koululiikunta\/wp-json\/wp\/v2\/users\/3349"}],"replies":[{"embeddable":true,"href":"https:\/\/blog.edu.turku.fi\/koululiikunta\/wp-json\/wp\/v2\/comments?post=112"}],"version-history":[{"count":20,"href":"https:\/\/blog.edu.turku.fi\/koululiikunta\/wp-json\/wp\/v2\/pages\/112\/revisions"}],"predecessor-version":[{"id":728,"href":"https:\/\/blog.edu.turku.fi\/koululiikunta\/wp-json\/wp\/v2\/pages\/112\/revisions\/728"}],"wp:attachment":[{"href":"https:\/\/blog.edu.turku.fi\/koululiikunta\/wp-json\/wp\/v2\/media?parent=112"}],"curies":[{"name":"wp","href":"https:\/\/api.w.org\/{rel}","templated":true}]}}