{"id":109,"date":"2024-12-10T15:06:30","date_gmt":"2024-12-10T13:06:30","guid":{"rendered":"https:\/\/blog.edu.turku.fi\/koululiikunta\/?page_id=109"},"modified":"2026-02-09T15:43:54","modified_gmt":"2026-02-09T13:43:54","slug":"luokkien-7-10-tapahtumakalenteri","status":"publish","type":"page","link":"https:\/\/blog.edu.turku.fi\/koululiikunta\/luokkien-7-10-tapahtumakalenteri\/","title":{"rendered":"Luokkien 7-10 tapahtumakalenteri"},"content":{"rendered":"\n<figure class=\"wp-block-table is-style-stripes\"><table class=\"has-fixed-layout\"><tbody><tr><td><strong>Kilpailu\/tapahtuma<\/strong><\/td><td><strong>Luokka<\/strong><\/td><td><strong>Paikka<\/strong><\/td><td><strong>Aika<\/strong><\/td><td><strong>Viim. Ilm.pv.<\/strong><\/td><\/tr><tr><td>Boostii-messut<\/td><td>7-9 -luokat<\/td><td>Kupittaan palloiluhalli<\/td><td>pe 26.9.2025<\/td><td>12.9.2025<\/td><\/tr><tr><td>Jalkapallo pojat<\/td><td>Pojat<\/td><td>Kupittaa 2<\/td><td>to 4.9.2025<br>Varap\u00e4iv\u00e4 10.9&nbsp;<\/td><td>ma 11.8.2025<\/td><\/tr><tr><td>Jalkapallo tyt\u00f6t<\/td><td>Tyt\u00f6t<\/td><td>Kupittaa 2<\/td><td>ti&nbsp;9.9.2025<br>Varap\u00e4iv\u00e4 10.9&nbsp;<\/td><td>ma 11.8.2025<\/td><\/tr><tr><td>Joukkueyleisurheilukilpailut<\/td><td>tyt\u00f6t ja pojat<\/td><td>Paavo Nurmen stadion <\/td><td>Ti 16.9.2025 Varap\u00e4iv\u00e4 to 23.10.2025<\/td><td>2.9.2025<\/td><\/tr><tr><td>Koulujen suunnistusviikot<\/td><td>luokat 4-9 sek\u00e4 lukiot<\/td><td>kts.tiedote<\/td><td>viikot 38&nbsp;&#8211; 41<\/td><td>kts. tiedote<\/td><\/tr><tr><td>Kuntosaliviikot<\/td><td>7-9 luokat ja lukiot<\/td><td>Kupittaan tilauskuntosali<\/td><td>kts. tiedote<\/td><td>kts. tiedote<\/td><\/tr><tr><td>SPIN-starttikoulutus<\/td><td>8. lk oppilaat (uudet)<\/td><td>kouluilla<\/td><td>Pe 3.10.2025<\/td><td>elokuussa<\/td><\/tr><tr><td>Koripallo <\/td><td>Pojat<\/td><td>Kupittaan palloiluhalli<\/td><td>9.12.2025<\/td><td>15.11.2025<\/td><\/tr><tr><td>Koripallo<\/td><td>Tyt\u00f6t<\/td><td>Kupittaan Palloiluhalli<\/td><td>11.12.2025<\/td><td>15.11.2025<\/td><\/tr><tr><td>Boostii-messut<\/td><td><\/td><td>Kupittaan Palloiluhalli<\/td><td>14.1.2025<\/td><td><\/td><\/tr><tr><td>Salibandy<\/td><td>Pojat<\/td><td>Kupittaan Palloiluhalli<\/td><td>19.1. ja 23.1.2026<br>Loppusarja 26.1.<\/td><td>19.12.2025<br>HUOM!<\/td><\/tr><tr><td>Salibandy<\/td><td>Tyt\u00f6t<\/td><td>Kupittaan Palloiluhalli<\/td><td>20.1.2026<br>Loppusarja 26.1<\/td><td>19.12.2025<br>HUOM!<\/td><\/tr><tr><td>Lajitutustumisviikot (el\u00e4myspolku)<\/td><td>luokat 7-9<\/td><td>liikuntapaikat eri puolilla kaupunkia + kouluilla<\/td><td>vkot 10-13<\/td><td>ilm. my\u00f6hemmin<\/td><\/tr><tr><td>The Beat of Dance -tanssitapahtuma<br>&nbsp;<\/td><td>kaikki luokka-asteet<\/td><td>Vimma<\/td><td>12.3.2026<\/td><td>Ilm.my\u00f6hemmin<\/td><\/tr><tr><td>Tiikerilentopallo<\/td><td>Tyt\u00f6t<\/td><td>Norssi<\/td><td>9.4.2026<\/td><td>23.3.2026 menness\u00e4<\/td><\/tr><tr><td>Lentopallo<\/td><td>Pojat<\/td><td>Nunnavuoren palloiluhalli<\/td><td>15.4.2026 kl.9 alkaen<\/td><td>23.3.2026<\/td><\/tr><tr><td>Oppilasurheilutoimikunnan kokous<\/td><td>yl\u00e4koulujen&nbsp;liik.opettajat<\/td><td>Ilm. my\u00f6hemmin<\/td><td>12.5.2026 klo 15.00<\/td><td>pe 24.4.26<\/td><\/tr><tr><td>Koulujen tennisviikot<\/td><td>kaikki luokka-asteet<\/td><td><br>Impivaaran ja Urheilupuiston tenniskent\u00e4t, muut kent\u00e4t<\/td><td>viikot 18 &#8211; 21<\/td><td>Varaukset Timmi&nbsp;-j\u00e4rjestelm\u00e4n kautta (kts. ohje)<\/td><\/tr><tr><td>Pes\u00e4pallo<\/td><td>Tyt\u00f6t <\/td><td>Kupittaan pes\u00e4pallostadion<\/td><td><br>alkusarjat ma 11.5.26 loppusarjat ti 12.5.26<\/td><td>7.4.26<\/td><\/tr><tr><td>Pes\u00e4pallo<\/td><td>Pojat<\/td><td>Kupittaan pes\u00e4pallostadion<\/td><td>alkusarjat pe 15.5.26<br>ja ma 18.5.26. Loppusarjat ti 19.5.26<\/td><td>7.4.26<\/td><\/tr><tr><td><\/td><td><\/td><td><\/td><td><\/td><td><\/td><\/tr><tr><td><\/td><td><\/td><td><\/td><td><\/td><td><\/td><\/tr><tr><td><\/td><td><\/td><td><\/td><td><\/td><td><\/td><\/tr><tr><td><\/td><td><\/td><td><\/td><td><\/td><td><\/td><\/tr><tr><td><\/td><td><\/td><td><\/td><td><\/td><td><\/td><\/tr><tr><td><\/td><td><\/td><td><\/td><td><\/td><td><\/td><\/tr><tr><td><\/td><td><\/td><td><\/td><td><\/td><td><\/td><\/tr><tr><td><\/td><td><\/td><td><\/td><td><\/td><td><\/td><\/tr><tr><td><\/td><td><\/td><td><\/td><td><\/td><td><\/td><\/tr><tr><td><\/td><td><\/td><td><\/td><td><\/td><td><\/td><\/tr><\/tbody><\/table><\/figure>\n","protected":false},"excerpt":{"rendered":"<p>Kilpailu\/tapahtuma Luokka Paikka Aika Viim. Ilm.pv. Boostii-messut 7-9 -luokat Kupittaan palloiluhalli pe 26.9.2025 12.9.2025 Jalkapallo pojat Pojat Kupittaa 2 to 4.9.2025Varap\u00e4iv\u00e4 10.9&nbsp; ma 11.8.2025 Jalkapallo tyt\u00f6t Tyt\u00f6t Kupittaa 2 ti&nbsp;9.9.2025Varap\u00e4iv\u00e4 10.9&nbsp; ma 11.8.2025 Joukkueyleisurheilukilpailut tyt\u00f6t ja pojat Paavo Nurmen stadion Ti 16.9.2025 Varap\u00e4iv\u00e4 to 23.10.2025 2.9.2025 Koulujen suunnistusviikot luokat 4-9 sek\u00e4 lukiot kts.tiedote viikot 38&nbsp;&#8211; &hellip; <a href=\"https:\/\/blog.edu.turku.fi\/koululiikunta\/luokkien-7-10-tapahtumakalenteri\/\" class=\"more-link\">Jatka lukemista<span class=\"screen-reader-text\"> &#8221;Luokkien 7-10 tapahtumakalenteri&#8221;<\/span><\/a><\/p>\n","protected":false},"author":3349,"featured_media":0,"parent":0,"menu_order":0,"comment_status":"closed","ping_status":"closed","template":"","meta":{"footnotes":""},"class_list":["post-109","page","type-page","status-publish","hentry"],"_links":{"self":[{"href":"https:\/\/blog.edu.turku.fi\/koululiikunta\/wp-json\/wp\/v2\/pages\/109","targetHints":{"allow":["GET"]}}],"collection":[{"href":"https:\/\/blog.edu.turku.fi\/koululiikunta\/wp-json\/wp\/v2\/pages"}],"about":[{"href":"https:\/\/blog.edu.turku.fi\/koululiikunta\/wp-json\/wp\/v2\/types\/page"}],"author":[{"embeddable":true,"href":"https:\/\/blog.edu.turku.fi\/koululiikunta\/wp-json\/wp\/v2\/users\/3349"}],"replies":[{"embeddable":true,"href":"https:\/\/blog.edu.turku.fi\/koululiikunta\/wp-json\/wp\/v2\/comments?post=109"}],"version-history":[{"count":26,"href":"https:\/\/blog.edu.turku.fi\/koululiikunta\/wp-json\/wp\/v2\/pages\/109\/revisions"}],"predecessor-version":[{"id":727,"href":"https:\/\/blog.edu.turku.fi\/koululiikunta\/wp-json\/wp\/v2\/pages\/109\/revisions\/727"}],"wp:attachment":[{"href":"https:\/\/blog.edu.turku.fi\/koululiikunta\/wp-json\/wp\/v2\/media?parent=109"}],"curies":[{"name":"wp","href":"https:\/\/api.w.org\/{rel}","templated":true}]}}