{"id":775,"date":"2019-01-15T10:19:05","date_gmt":"2019-01-15T08:19:05","guid":{"rendered":"https:\/\/blog.edu.turku.fi\/klassillinentiedotus\/?page_id=775"},"modified":"2019-01-15T10:26:07","modified_gmt":"2019-01-15T08:26:07","slug":"tiedote-seksuaaliseen-hyvaksikayttoon-liittyvassa-asiassa","status":"publish","type":"page","link":"https:\/\/blog.edu.turku.fi\/klassillinentiedotus\/tiedote-seksuaaliseen-hyvaksikayttoon-liittyvassa-asiassa\/","title":{"rendered":"Tiedote seksuaaliseen hyv\u00e4ksik\u00e4ytt\u00f6\u00f6n liittyv\u00e4ss\u00e4 asiassa"},"content":{"rendered":"<p>Seksuaalinen h\u00e4irint\u00e4<\/p>\n<p>Yleisesti opettajien, oppilaiden ja opiskelijoiden on k\u00e4ytt\u00e4ydytt\u00e4v\u00e4 asiallisesti ja kiusaamatta sek\u00e4 v\u00e4ltett\u00e4v\u00e4 toimintaa, joka voi vaarantaa muiden opiskelijoiden, oppilaitosyhteis\u00f6n tai opiskeluymp\u00e4rist\u00f6n turvallisuuden. Oppilaitosyhteis\u00f6ss\u00e4 jokaisen toiminta vaikuttaa my\u00f6s toisten kokemaan hyvinvointiin ja turvallisuuteen. Opiskelijoille tulee kertoa, mist\u00e4 ja miten he voivat hakea apua joutuessaan seksuaalisen h\u00e4irinn\u00e4n kohteeksi.<\/p>\n<p>Peruskoulun yl\u00e4luokkalaisista, lukiolaisista tai ammattikoululaisista tyt\u00f6ist\u00e4 noin 30% ja pojista noin 10% on kokenut seksuaalista h\u00e4irint\u00e4\u00e4. H\u00e4irint\u00e4\u00e4 tapahtuu oppilaitoksessa ja vapaa-ajalla.<\/p>\n<p>Olethan omalta osaltasi rakentamassa yhteis\u00f6\u00e4, jossa seksuaalista h\u00e4irint\u00e4\u00e4 ei ole ja jossa kaikkien on hyv\u00e4 olla.<\/p>\n<p>Seksuaalinen h\u00e4irint\u00e4 voi ilmet\u00e4 ainakin seuraavin tavoin:<\/p>\n<ul>\n<li>seksuaalisesti vihjailevat eleet tai ilmeet<\/li>\n<li>ep\u00e4asialliset seksuaaliset puheet, kaksimieliset vitsit sek\u00e4 vartaloa, pukeutumista tai<\/li>\n<\/ul>\n<p>yksityisel\u00e4m\u00e4\u00e4 koskevat huomautukset tai kysymykset<\/p>\n<ul>\n<li>ep\u00e4asialliset seksuaaliset sis\u00e4ll\u00f6t eri sosiaalisen median kanavissa, Instagram, WhatsApp-, Snapchat- yms. viestit, tekstiviestit, s\u00e4hk\u00f6postit, puhelinsoitot ja alastonkuvien pyyt\u00e4minen eri keinoin.<\/li>\n<li>fyysinen koskettelu ja l\u00e4hentely<\/li>\n<li>sukupuoliyhteytt\u00e4 tai muuta sukupuolista kanssak\u00e4ymist\u00e4 koskevat ehdotukset tai<\/li>\n<\/ul>\n<p>vaatimukset sosiaalisessa mediassa ja muualla<\/p>\n<ul>\n<li>seksuaalirikos kuten raiskaus, sen yritys tai seksuaalinen ahdistelu<\/li>\n<\/ul>\n<p>Jos huomaat seksuaalista h\u00e4irint\u00e4\u00e4, toimi n\u00e4in:<\/p>\n<ul>\n<li>Ilmaise h\u00e4iritsij\u00e4lle, milt\u00e4 h\u00e4nen k\u00e4ytt\u00e4ytymisens\u00e4 tuntuu ja pyyd\u00e4 h\u00e4nt\u00e4 lopettamaan<\/li>\n<li>jos et voi tai halua ottaa yhteytt\u00e4 h\u00e4iritsij\u00e4\u00e4n tai jos h\u00e4irint\u00e4 kielloista huolimatta jatkuu,<\/li>\n<li>ilmoita siit\u00e4 opettajalle, luokanvalvojalle, ryhm\u00e4nohjaajalle, psykologille, kuraattorille, terveydenhoitajalle, rehtorille tai muulle luotettavana pit\u00e4m\u00e4llesi oppilaitoksen aikuiselle, jolla on velvollisuus ryhty\u00e4 toimiin tietonsa tulleen h\u00e4irinn\u00e4n osalta.<\/li>\n<li>kirjaa yl\u00f6s jatkok\u00e4sittely\u00e4 varten aika ja paikka, jolloin h\u00e4irint\u00e4\u00e4 on tapahtunut sek\u00e4 se, keit\u00e4 on ollut l\u00e4sn\u00e4 tilanteessa ja mit\u00e4 tilanteessa tapahtui<\/li>\n<li>s\u00e4ilyt\u00e4 mahdolliset todisteet esim. some-, teksti- ja s\u00e4hk\u00f6postiviestit<\/li>\n<li>ilmoita oppilaitoksen aikuiselle my\u00f6s havaitsemasi muihin kohdistuva seksuaalinen h\u00e4irint\u00e4<\/li>\n<li>k\u00e4yt\u00e4 oikeuttasi opiskeluhuollon psykologi- ja kuraattoripalveluihin sek\u00e4 koulu- ja opiskeluterveydenhuoltoon, kun tarvitset tukea tai apua.<\/li>\n<\/ul>\n<p>Opiskeluhuollon palvelujen k\u00e4ytt\u00f6 on aina vapaaehtoista ja luottamuksellista. Opiskelijan toivomukset ja mielipiteet otetaan aina huomioon opiskeluhuollon toimenpiteiss\u00e4 ja ratkaisuissa i\u00e4n, kehitystason ja muiden edellytysten mukaisesti.<\/p>\n<p>My\u00f6s alaik\u00e4isell\u00e4 on opiskeluhuollossa itsen\u00e4inen asema suhteessa huoltajaan, jos opiskelija pystyy riitt\u00e4v\u00e4sti arvioimaan k\u00e4sitelt\u00e4v\u00e4n\u00e4 olevaa asiaa ja ottamaan siit\u00e4 itse vastuuta. Silloinkin, kun opiskelijalla on itsen\u00e4inen asiakkuus, h\u00e4nen suostumuksellaan voidaan tehd\u00e4 yhteisty\u00f6t\u00e4 huoltajien kanssa.<\/p>\n<p>Opiskeluhuollossa toimitaan aina opiskelijan edun mukaisesti ja painavasta syyst\u00e4 opiskelijalla on oikeus kielt\u00e4\u00e4 huoltajaansa osallistumasta opiskeluhuoltoasian k\u00e4sittelyyn tai antamasta t\u00e4lle asiansa koskevia tietoja. Opiskelijan kypsyyden ja p\u00e4\u00e4t\u00f6skyvyn sek\u00e4 k\u00e4sitelt\u00e4v\u00e4n asian laadun kieltotilanteessa arvioi sosiaali- ja terveydenhuollon ammattihenkil\u00f6<\/p>\n<p>Mit\u00e4 kotona voi tehd\u00e4?<\/p>\n<ul>\n<li>keskustele kotona lapsen ja nuoren kanssa h\u00e4nen kaverisuhteistaan koulussa, vapaa-aikana ja netiss\u00e4, koska merkitt\u00e4v\u00e4 osa heihin kohdistuvasta seksuaalisesta h\u00e4irinn\u00e4st\u00e4 tapahtuu vapaa-ajalla<\/li>\n<li>opetelkaa yhdess\u00e4 lapsen ja nuoren kanssa mediataitoja<\/li>\n<li>seuraa sosiaalisen median ymp\u00e4rist\u00f6j\u00e4, joissa lapsesi vierailee ja keskustelkaa yhdess\u00e4 verkossa tapahtuvasta seksuaalisesta h\u00e4irinn\u00e4st\u00e4<\/li>\n<li>rajoita tarvittaessa netin k\u00e4ytt\u00f6\u00e4<\/li>\n<li>mik\u00e4li lapseen tai nuoreen on kohdistunut oppilaitoksessa seksuaalista h\u00e4irint\u00e4\u00e4, huoltajan tulee olla yhteydess\u00e4 opettajaan tai rehtoriin, jotta oppilaitos voi puuttua asiaan ja suojata opiskelijoita heid\u00e4n turvallisuuttaan uhkaavilta tekij\u00f6ilt\u00e4<\/li>\n<li>perusopetuksessa opettajan tai rehtorin tulee ilmoittaa tietoonsa tulleesta koulussa tai koulumatkalla tapahtuneesta h\u00e4irinn\u00e4st\u00e4, kiusaamisesta tai v\u00e4kivallasta niihin syyllistyneen ja niiden kohteena olevan oppilaan huoltajalle tai muulle lailliselle edustajalle<\/li>\n<li>jos alaik\u00e4inen oppilas tai opiskelija itse syyllistyy seksuaaliseen h\u00e4irint\u00e4\u00e4n koulussa tai oppilaitoksessa, tulee asiasta olla vastaavalla tavalla yhteydess\u00e4 alaik\u00e4isen huoltajaan<\/li>\n<li>my\u00f6s koulumatkojen osalta oppilaitoksen henkil\u00f6kunta voi tarvittaessa tukea huoltajaa tilanteen kokonaisvaltaisessa selvitt\u00e4misess\u00e4 ja siihen puuttumisessa oppilaitoksen kasvatuksellisin ja oppilashuollollisin keinoin yhteisty\u00f6ss\u00e4 huoltajien kanssa<\/li>\n<li>mik\u00e4li asia johtaa puuttumis- tai kurinpitokeinoihin, noudatetaan asianosaisten kuulemisessa ja huoltajille tiedottamisessa lains\u00e4\u00e4d\u00e4nn\u00f6n edellytt\u00e4mi\u00e4 menettelytapoja<\/li>\n<li>opiskelijoilla on oikeus opiskeluhuollon palveluihin m\u00e4\u00e4r\u00e4ajassa ja palvelut tarjoavat ohjausta my\u00f6s huoltajille ongelmatilanteissa.<\/li>\n<\/ul>\n<p>Lis\u00e4tietoja voit hakea esimerkiksi <a href=\"https:\/\/www.oph.fi\/saadokset_ja_ohjeet\/ohjeita_koulutuksen_jarjestamiseen\/ammattikoulutuksen_jarjestaminen\/opas_seksuaalisen_hairinnan_ennaltaehkaisemiseksi\">https:\/\/www.oph.fi\/saadokset_ja_ohjeet\/ohjeita_koulutuksen_jarjestamiseen\/ammattikoulutuksen_jarjestaminen\/opas_seksuaalisen_hairinnan_ennaltaehkaisemiseksi<\/a><\/p>\n<p>&nbsp;<\/p>\n","protected":false},"excerpt":{"rendered":"<p>Seksuaalinen h\u00e4irint\u00e4 Yleisesti opettajien, oppilaiden ja opiskelijoiden on k\u00e4ytt\u00e4ydytt\u00e4v\u00e4 asiallisesti ja kiusaamatta sek\u00e4 v\u00e4ltett\u00e4v\u00e4 toimintaa, joka voi vaarantaa muiden opiskelijoiden, oppilaitosyhteis\u00f6n tai opiskeluymp\u00e4rist\u00f6n turvallisuuden. Oppilaitosyhteis\u00f6ss\u00e4 jokaisen toiminta vaikuttaa my\u00f6s toisten kokemaan hyvinvointiin ja turvallisuuteen. Opiskelijoille tulee kertoa, mist\u00e4 ja miten &hellip; <a href=\"https:\/\/blog.edu.turku.fi\/klassillinentiedotus\/tiedote-seksuaaliseen-hyvaksikayttoon-liittyvassa-asiassa\/\">Lue loppuun <span class=\"meta-nav\">&rarr;<\/span><\/a><\/p>\n","protected":false},"author":1368,"featured_media":0,"parent":0,"menu_order":0,"comment_status":"closed","ping_status":"closed","template":"","meta":{"footnotes":""},"class_list":["post-775","page","type-page","status-publish","hentry"],"_links":{"self":[{"href":"https:\/\/blog.edu.turku.fi\/klassillinentiedotus\/wp-json\/wp\/v2\/pages\/775","targetHints":{"allow":["GET"]}}],"collection":[{"href":"https:\/\/blog.edu.turku.fi\/klassillinentiedotus\/wp-json\/wp\/v2\/pages"}],"about":[{"href":"https:\/\/blog.edu.turku.fi\/klassillinentiedotus\/wp-json\/wp\/v2\/types\/page"}],"author":[{"embeddable":true,"href":"https:\/\/blog.edu.turku.fi\/klassillinentiedotus\/wp-json\/wp\/v2\/users\/1368"}],"replies":[{"embeddable":true,"href":"https:\/\/blog.edu.turku.fi\/klassillinentiedotus\/wp-json\/wp\/v2\/comments?post=775"}],"version-history":[{"count":1,"href":"https:\/\/blog.edu.turku.fi\/klassillinentiedotus\/wp-json\/wp\/v2\/pages\/775\/revisions"}],"predecessor-version":[{"id":776,"href":"https:\/\/blog.edu.turku.fi\/klassillinentiedotus\/wp-json\/wp\/v2\/pages\/775\/revisions\/776"}],"wp:attachment":[{"href":"https:\/\/blog.edu.turku.fi\/klassillinentiedotus\/wp-json\/wp\/v2\/media?parent=775"}],"curies":[{"name":"wp","href":"https:\/\/api.w.org\/{rel}","templated":true}]}}