{"id":697,"date":"2018-01-26T10:14:28","date_gmt":"2018-01-26T08:14:28","guid":{"rendered":"https:\/\/blog.edu.turku.fi\/klassillinentiedotus\/?page_id=697"},"modified":"2018-01-26T10:23:34","modified_gmt":"2018-01-26T08:23:34","slug":"ohjeet-apixapurin-paivittamiseen","status":"publish","type":"page","link":"https:\/\/blog.edu.turku.fi\/klassillinentiedotus\/ohjeet-apixapurin-paivittamiseen\/","title":{"rendered":"Ohjeet ApixApurin p\u00e4ivitt\u00e4miseen"},"content":{"rendered":"<p><em>ApixApuri on p\u00e4ivittynyt uuteen versioon ja sen kannttaa ladata omalle koneelle alla olevan ohjeen mukaisesti. T\u00e4m\u00e4n j\u00e4lkeen ApixApuri p\u00e4ivittyykin automaattisesti eli uusia asennuksia ei en\u00e4\u00e4 tarvita. Tee p\u00e4ivitys seuraavasti:<\/em><\/p>\n<ol>\n<li>Tarkista, ett\u00e4 k\u00e4yt\u00e4t <strong>FireFox<\/strong>-selainta.<\/li>\n<li>Lataa ApixApurin uusi p\u00e4ivitystiedosto <a href=\"https:\/\/github.com\/klo33\/abixapuri\/blob\/master\/dist\/abixapuri-0.5.0.0-an+fx.xpi?raw=true\">t\u00e4st\u00e4<\/a>. Hyv\u00e4ksy tiedoston tallentaminen OK-painikkeella.<br \/>\n<a href=\"https:\/\/blog.edu.turku.fi\/klassillinentiedotus\/files\/2018\/01\/tallenna1.jpg\"><img loading=\"lazy\" decoding=\"async\" class=\"alignnone  wp-image-710\" src=\"https:\/\/blog.edu.turku.fi\/klassillinentiedotus\/files\/2018\/01\/tallenna1-300x226.jpg\" alt=\"\" width=\"190\" height=\"145\" \/><\/a><br \/>\nTiedosto tallentuu tietokoneesi Ladatut tiedostot -kansioon.<\/li>\n<li>Avaa Ladatut tiedostot klikkaamalla selaimen oikeassa yl\u00e4kulmassa olevaa nuoli-painiketta.<br \/>\n<a href=\"https:\/\/blog.edu.turku.fi\/klassillinentiedotus\/files\/2018\/01\/avaa.jpg\"><img loading=\"lazy\" decoding=\"async\" class=\"alignnone size-medium wp-image-702\" src=\"https:\/\/blog.edu.turku.fi\/klassillinentiedotus\/files\/2018\/01\/avaa-300x69.jpg\" alt=\"\" width=\"300\" height=\"69\" srcset=\"https:\/\/blog.edu.turku.fi\/klassillinentiedotus\/files\/2018\/01\/avaa-300x69.jpg 300w, https:\/\/blog.edu.turku.fi\/klassillinentiedotus\/files\/2018\/01\/avaa.jpg 591w\" sizes=\"auto, (max-width: 300px) 100vw, 300px\" \/><\/a><\/li>\n<li>Klikkaa kansio-painiketta.<br \/>\n<a href=\"https:\/\/blog.edu.turku.fi\/klassillinentiedotus\/files\/2018\/01\/ladatut.jpg\"><img loading=\"lazy\" decoding=\"async\" class=\"alignnone size-medium wp-image-703\" src=\"https:\/\/blog.edu.turku.fi\/klassillinentiedotus\/files\/2018\/01\/ladatut-300x69.jpg\" alt=\"\" width=\"300\" height=\"69\" srcset=\"https:\/\/blog.edu.turku.fi\/klassillinentiedotus\/files\/2018\/01\/ladatut-300x69.jpg 300w, https:\/\/blog.edu.turku.fi\/klassillinentiedotus\/files\/2018\/01\/ladatut.jpg 596w\" sizes=\"auto, (max-width: 300px) 100vw, 300px\" \/><\/a><\/li>\n<li>Ota hiirell\u00e4 kiinni tiedostosta nimelt\u00e4 <strong>apixapuri-0.5.0.0-an+fx.xpi<\/strong>, raahaa se selaimen ikkunaan ja p\u00e4\u00e4st\u00e4 irti.<br \/>\n<a href=\"https:\/\/blog.edu.turku.fi\/klassillinentiedotus\/files\/2018\/01\/tiedosto.jpg\"><img loading=\"lazy\" decoding=\"async\" class=\"alignnone size-medium wp-image-706\" src=\"https:\/\/blog.edu.turku.fi\/klassillinentiedotus\/files\/2018\/01\/tiedosto-261x240.jpg\" alt=\"\" width=\"261\" height=\"240\" \/><\/a><\/li>\n<li>Selaimen ikkunaan aukeaa ilmoitus ApixApurin asentamisesta. Hyv\u00e4ksy se <strong>Lis\u00e4\u00e4<\/strong>-painikkeella.<br \/>\n<a href=\"https:\/\/blog.edu.turku.fi\/klassillinentiedotus\/files\/2018\/01\/lis\u00e4\u00e4.jpg\"><img loading=\"lazy\" decoding=\"async\" class=\"alignnone size-medium wp-image-704\" src=\"https:\/\/blog.edu.turku.fi\/klassillinentiedotus\/files\/2018\/01\/lis\u00e4\u00e4-300x142.jpg\" alt=\"\" width=\"300\" height=\"142\" \/><\/a><\/li>\n<li>Jos onnistuit, selaimeen tulee ilmoitus asennuksen onnistumisesta. Kuittaa se <strong>OK<\/strong>-painikkeella.<br \/>\n<a href=\"https:\/\/blog.edu.turku.fi\/klassillinentiedotus\/files\/2018\/01\/ok.jpg\"><img loading=\"lazy\" decoding=\"async\" class=\"alignnone size-medium wp-image-707\" src=\"https:\/\/blog.edu.turku.fi\/klassillinentiedotus\/files\/2018\/01\/ok-300x133.jpg\" alt=\"\" width=\"300\" height=\"133\" srcset=\"https:\/\/blog.edu.turku.fi\/klassillinentiedotus\/files\/2018\/01\/ok-300x133.jpg 300w, https:\/\/blog.edu.turku.fi\/klassillinentiedotus\/files\/2018\/01\/ok.jpg 375w\" sizes=\"auto, (max-width: 300px) 100vw, 300px\" \/><\/a><\/li>\n<\/ol>\n<p>ApixApurin p\u00e4ivitys on nyt asennettu ja se n\u00e4kyy Abitti-fi -sivustolle kirjautuessasi vihre\u00e4n\u00e4 palkin v\u00e4rin\u00e4 sek\u00e4 vasemmassa yl\u00e4kulmassa ilmoituksena.<br \/>\n<a href=\"https:\/\/blog.edu.turku.fi\/klassillinentiedotus\/files\/2017\/08\/kuva9.jpg\"><img loading=\"lazy\" decoding=\"async\" class=\"alignnone size-medium wp-image-578\" src=\"https:\/\/blog.edu.turku.fi\/klassillinentiedotus\/files\/2017\/08\/kuva9-300x110.jpg\" alt=\"\" width=\"300\" height=\"110\" srcset=\"https:\/\/blog.edu.turku.fi\/klassillinentiedotus\/files\/2017\/08\/kuva9-300x110.jpg 300w, https:\/\/blog.edu.turku.fi\/klassillinentiedotus\/files\/2017\/08\/kuva9.jpg 413w\" sizes=\"auto, (max-width: 300px) 100vw, 300px\" \/><\/a><\/p>\n<p>&nbsp;<\/p>\n","protected":false},"excerpt":{"rendered":"<p>ApixApuri on p\u00e4ivittynyt uuteen versioon ja sen kannttaa ladata omalle koneelle alla olevan ohjeen mukaisesti. T\u00e4m\u00e4n j\u00e4lkeen ApixApuri p\u00e4ivittyykin automaattisesti eli uusia asennuksia ei en\u00e4\u00e4 tarvita. Tee p\u00e4ivitys seuraavasti: Tarkista, ett\u00e4 k\u00e4yt\u00e4t FireFox-selainta. Lataa ApixApurin uusi p\u00e4ivitystiedosto t\u00e4st\u00e4. Hyv\u00e4ksy tiedoston &hellip; <a href=\"https:\/\/blog.edu.turku.fi\/klassillinentiedotus\/ohjeet-apixapurin-paivittamiseen\/\">Lue loppuun <span class=\"meta-nav\">&rarr;<\/span><\/a><\/p>\n","protected":false},"author":1368,"featured_media":0,"parent":0,"menu_order":0,"comment_status":"closed","ping_status":"closed","template":"","meta":{"footnotes":""},"class_list":["post-697","page","type-page","status-publish","hentry"],"_links":{"self":[{"href":"https:\/\/blog.edu.turku.fi\/klassillinentiedotus\/wp-json\/wp\/v2\/pages\/697","targetHints":{"allow":["GET"]}}],"collection":[{"href":"https:\/\/blog.edu.turku.fi\/klassillinentiedotus\/wp-json\/wp\/v2\/pages"}],"about":[{"href":"https:\/\/blog.edu.turku.fi\/klassillinentiedotus\/wp-json\/wp\/v2\/types\/page"}],"author":[{"embeddable":true,"href":"https:\/\/blog.edu.turku.fi\/klassillinentiedotus\/wp-json\/wp\/v2\/users\/1368"}],"replies":[{"embeddable":true,"href":"https:\/\/blog.edu.turku.fi\/klassillinentiedotus\/wp-json\/wp\/v2\/comments?post=697"}],"version-history":[{"count":3,"href":"https:\/\/blog.edu.turku.fi\/klassillinentiedotus\/wp-json\/wp\/v2\/pages\/697\/revisions"}],"predecessor-version":[{"id":711,"href":"https:\/\/blog.edu.turku.fi\/klassillinentiedotus\/wp-json\/wp\/v2\/pages\/697\/revisions\/711"}],"wp:attachment":[{"href":"https:\/\/blog.edu.turku.fi\/klassillinentiedotus\/wp-json\/wp\/v2\/media?parent=697"}],"curies":[{"name":"wp","href":"https:\/\/api.w.org\/{rel}","templated":true}]}}