{"id":566,"date":"2017-08-18T09:28:38","date_gmt":"2017-08-18T06:28:38","guid":{"rendered":"https:\/\/blog.edu.turku.fi\/klassillinentiedotus\/?page_id=566"},"modified":"2017-10-31T15:41:30","modified_gmt":"2017-10-31T13:41:30","slug":"ohjeet-apixapurin-asentamiseen","status":"publish","type":"page","link":"https:\/\/blog.edu.turku.fi\/klassillinentiedotus\/ohjeet-apixapurin-asentamiseen\/","title":{"rendered":"Ohjeet ApixApurin asentamiseen"},"content":{"rendered":"<p>Voitte halutessanne k\u00e4ytt\u00e4\u00e4 uutta ApixApuria tehdess\u00e4nne Abitti-kokeita. T\u00e4t\u00e4 ennen Bittiniilo (ent. Tweak-A-bitti) ja GreaseMonkey t\u00e4ytyy poistaa seuraavan ohjeen mukaisesti, mik\u00e4li olette k\u00e4ytt\u00e4neet sit\u00e4 aikeisemmin.<br \/>\n<em><strong>HUOM!<\/strong> Ohjeessa olevat kuvat saat suuremmiksi klikkaamalla niit\u00e4!<\/em><\/p>\n<ol>\n<li>Avaa <strong>FireFox<\/strong>-selain<\/li>\n<li>Klikkaa selaimen oikeassa yl\u00e4kulmassa olevaa <strong>Valikko<\/strong>-painiketta ja valitse kohta <strong>Lis\u00e4osat<\/strong>.<br \/>\n<a href=\"https:\/\/blog.edu.turku.fi\/klassillinentiedotus\/files\/2017\/08\/kuva1.jpg\"><img loading=\"lazy\" decoding=\"async\" class=\"alignnone size-medium wp-image-579\" src=\"https:\/\/blog.edu.turku.fi\/klassillinentiedotus\/files\/2017\/08\/kuva1-229x300.jpg\" alt=\"\" width=\"229\" height=\"300\" srcset=\"https:\/\/blog.edu.turku.fi\/klassillinentiedotus\/files\/2017\/08\/kuva1-229x300.jpg 229w, https:\/\/blog.edu.turku.fi\/klassillinentiedotus\/files\/2017\/08\/kuva1.jpg 305w\" sizes=\"auto, (max-width: 229px) 100vw, 229px\" \/><\/a><\/li>\n<li>Siirry vasemmasta reunasta kohtaan <strong>Laajennukset<\/strong> ja klikkaa kohdassa <em>Bittiniilo (ent. Tweak-A-bitti)<\/em> <strong>Poista<\/strong>-painiketta.<br \/>\n<a href=\"https:\/\/blog.edu.turku.fi\/klassillinentiedotus\/files\/2017\/08\/kuva2.jpg\"><img loading=\"lazy\" decoding=\"async\" class=\"alignnone size-medium wp-image-571\" src=\"https:\/\/blog.edu.turku.fi\/klassillinentiedotus\/files\/2017\/08\/kuva2-300x42.jpg\" alt=\"\" width=\"300\" height=\"42\" srcset=\"https:\/\/blog.edu.turku.fi\/klassillinentiedotus\/files\/2017\/08\/kuva2-300x42.jpg 300w, https:\/\/blog.edu.turku.fi\/klassillinentiedotus\/files\/2017\/08\/kuva2-1024x142.jpg 1024w, https:\/\/blog.edu.turku.fi\/klassillinentiedotus\/files\/2017\/08\/kuva2.jpg 1052w\" sizes=\"auto, (max-width: 300px) 100vw, 300px\" \/><\/a><\/li>\n<li>Jos poistaminen onnistui, kyseiseen kohtaan tulee alla olevan muotoinen ilmoitus.<br \/>\n<a href=\"https:\/\/blog.edu.turku.fi\/klassillinentiedotus\/files\/2017\/08\/kuva3.jpg\"><img loading=\"lazy\" decoding=\"async\" class=\"alignnone size-medium wp-image-572\" src=\"https:\/\/blog.edu.turku.fi\/klassillinentiedotus\/files\/2017\/08\/kuva3-300x47.jpg\" alt=\"\" width=\"300\" height=\"47\" \/><\/a><\/li>\n<li>Poista seuraavaksi GreaseMonkey vastaavalla tavalla.<\/li>\n<\/ol>\n<p>Nyt voit siirty\u00e4 asentamaan ApixApurin vaatimaa lis\u00e4osaa tallentamalla asennuksen vaatima lis\u00e4tiedosto <a href=\"https:\/\/github.com\/klo33\/abixapuri\/blob\/master\/dist\/abixapuri-0.1.2-an+fx.xpi?raw=true\">t\u00e4st\u00e4<\/a><a href=\"https:\/\/addons.mozilla.org\/fi\/firefox\/addon\/greasemonkey\/\" target=\"_blank\" rel=\"noopener\"><\/a>. Tiedosto tallentuu tietokoneesi Ladatut tiedostot -kansioon.<\/p>\n<ol>\n<li>Pienenn\u00e4 Firefox-selaimen ikkunaa oikean yl\u00e4kulma keskimm\u00e4isell\u00e4 painikkeella.<\/li>\n<li>Avaa Resurssienhallinta n\u00e4yt\u00f6n alapalkin painikkeella <a href=\"https:\/\/blog.edu.turku.fi\/klassillinentiedotus\/files\/2017\/08\/reusrssinhallnita.jpg\"><img loading=\"lazy\" decoding=\"async\" class=\"alignnone size-medium wp-image-622\" src=\"https:\/\/blog.edu.turku.fi\/klassillinentiedotus\/files\/2017\/08\/reusrssinhallnita-48x41.jpg\" alt=\"\" width=\"48\" height=\"41\" \/><\/a><\/li>\n<li>Raahaa \u00e4sken lataamasi tiedosto (abixapuri-0.1.2-an+fx.xpi) keskelle selaimen sivua.<\/li>\n<li>Sivulle aukeaa ilmoitus ApixApurin asentamisesta. Hyv\u00e4ksy se <strong>Lis\u00e4\u00e4<\/strong>-painikkeella.<br \/>\n<a href=\"https:\/\/blog.edu.turku.fi\/klassillinentiedotus\/files\/2017\/08\/lis\u00e4\u00e4.jpg\"><img loading=\"lazy\" decoding=\"async\" class=\"alignnone size-medium wp-image-623\" src=\"https:\/\/blog.edu.turku.fi\/klassillinentiedotus\/files\/2017\/08\/lis\u00e4\u00e4-300x159.jpg\" alt=\"\" width=\"300\" height=\"159\" srcset=\"https:\/\/blog.edu.turku.fi\/klassillinentiedotus\/files\/2017\/08\/lis\u00e4\u00e4-300x159.jpg 300w, https:\/\/blog.edu.turku.fi\/klassillinentiedotus\/files\/2017\/08\/lis\u00e4\u00e4.jpg 380w\" sizes=\"auto, (max-width: 300px) 100vw, 300px\" \/><\/a><\/li>\n<li>Jos onnistuit, selaimeen tulee ilmoitus asennuksen onnistumisesta. Kuittaa se <strong>OK<\/strong>-painikkeella<br \/>\n<a href=\"https:\/\/blog.edu.turku.fi\/klassillinentiedotus\/files\/2017\/08\/ok.jpg\"><img loading=\"lazy\" decoding=\"async\" class=\"alignnone size-medium wp-image-624\" src=\"https:\/\/blog.edu.turku.fi\/klassillinentiedotus\/files\/2017\/08\/ok-300x111.jpg\" alt=\"\" width=\"300\" height=\"111\" srcset=\"https:\/\/blog.edu.turku.fi\/klassillinentiedotus\/files\/2017\/08\/ok-300x111.jpg 300w, https:\/\/blog.edu.turku.fi\/klassillinentiedotus\/files\/2017\/08\/ok.jpg 377w\" sizes=\"auto, (max-width: 300px) 100vw, 300px\" \/><\/a><\/li>\n<\/ol>\n<p>ApixApurin on nyt asennettu ja se n\u00e4kyy Abitti-fi -sivustolle kirjautuessasi vihre\u00e4n\u00e4 palkin v\u00e4rin\u00e4 sek\u00e4 vasemmassa yl\u00e4kulmassa ilmoituksena.<br \/>\n<a href=\"https:\/\/blog.edu.turku.fi\/klassillinentiedotus\/files\/2017\/08\/kuva9.jpg\"><img loading=\"lazy\" decoding=\"async\" class=\"alignnone size-medium wp-image-578\" src=\"https:\/\/blog.edu.turku.fi\/klassillinentiedotus\/files\/2017\/08\/kuva9-300x110.jpg\" alt=\"\" width=\"300\" height=\"110\" srcset=\"https:\/\/blog.edu.turku.fi\/klassillinentiedotus\/files\/2017\/08\/kuva9-300x110.jpg 300w, https:\/\/blog.edu.turku.fi\/klassillinentiedotus\/files\/2017\/08\/kuva9.jpg 413w\" sizes=\"auto, (max-width: 300px) 100vw, 300px\" \/><\/a><\/p>\n<p>&nbsp;<\/p>\n","protected":false},"excerpt":{"rendered":"<p>Voitte halutessanne k\u00e4ytt\u00e4\u00e4 uutta ApixApuria tehdess\u00e4nne Abitti-kokeita. T\u00e4t\u00e4 ennen Bittiniilo (ent. Tweak-A-bitti) ja GreaseMonkey t\u00e4ytyy poistaa seuraavan ohjeen mukaisesti, mik\u00e4li olette k\u00e4ytt\u00e4neet sit\u00e4 aikeisemmin. HUOM! Ohjeessa olevat kuvat saat suuremmiksi klikkaamalla niit\u00e4! Avaa FireFox-selain Klikkaa selaimen oikeassa yl\u00e4kulmassa olevaa Valikko-painiketta &hellip; <a href=\"https:\/\/blog.edu.turku.fi\/klassillinentiedotus\/ohjeet-apixapurin-asentamiseen\/\">Lue loppuun <span class=\"meta-nav\">&rarr;<\/span><\/a><\/p>\n","protected":false},"author":1368,"featured_media":0,"parent":0,"menu_order":0,"comment_status":"closed","ping_status":"closed","template":"","meta":{"footnotes":""},"class_list":["post-566","page","type-page","status-publish","hentry"],"_links":{"self":[{"href":"https:\/\/blog.edu.turku.fi\/klassillinentiedotus\/wp-json\/wp\/v2\/pages\/566","targetHints":{"allow":["GET"]}}],"collection":[{"href":"https:\/\/blog.edu.turku.fi\/klassillinentiedotus\/wp-json\/wp\/v2\/pages"}],"about":[{"href":"https:\/\/blog.edu.turku.fi\/klassillinentiedotus\/wp-json\/wp\/v2\/types\/page"}],"author":[{"embeddable":true,"href":"https:\/\/blog.edu.turku.fi\/klassillinentiedotus\/wp-json\/wp\/v2\/users\/1368"}],"replies":[{"embeddable":true,"href":"https:\/\/blog.edu.turku.fi\/klassillinentiedotus\/wp-json\/wp\/v2\/comments?post=566"}],"version-history":[{"count":11,"href":"https:\/\/blog.edu.turku.fi\/klassillinentiedotus\/wp-json\/wp\/v2\/pages\/566\/revisions"}],"predecessor-version":[{"id":625,"href":"https:\/\/blog.edu.turku.fi\/klassillinentiedotus\/wp-json\/wp\/v2\/pages\/566\/revisions\/625"}],"wp:attachment":[{"href":"https:\/\/blog.edu.turku.fi\/klassillinentiedotus\/wp-json\/wp\/v2\/media?parent=566"}],"curies":[{"name":"wp","href":"https:\/\/api.w.org\/{rel}","templated":true}]}}