{"id":1786,"date":"2025-12-01T10:21:35","date_gmt":"2025-12-01T08:21:35","guid":{"rendered":"https:\/\/blog.edu.turku.fi\/klassillinentiedotus\/?page_id=1786"},"modified":"2025-12-01T10:22:18","modified_gmt":"2025-12-01T08:22:18","slug":"penkkariajo-ohjeistuksia","status":"publish","type":"page","link":"https:\/\/blog.edu.turku.fi\/klassillinentiedotus\/penkkariajo-ohjeistuksia\/","title":{"rendered":"Penkkariajo-ohjeistuksia"},"content":{"rendered":"<p><a href=\"https:\/\/blog.edu.turku.fi\/klassillinentiedotus\/files\/2025\/12\/Ajoneuvokohtainen-lomake-Turku.docx\">Ajoneuvokohtainen lomakeTurku<\/a><br \/>\n<a href=\"https:\/\/blog.edu.turku.fi\/klassillinentiedotus\/files\/2025\/12\/Anvisning-Abo.pdf\">Anvisning \u00c5bo<\/a><br \/>\n<a href=\"https:\/\/blog.edu.turku.fi\/klassillinentiedotus\/files\/2025\/12\/Fordons-formular-Abo.docx\">Fordons formul\u00e4r \u00c5bo<\/a><br \/>\n<a href=\"https:\/\/blog.edu.turku.fi\/klassillinentiedotus\/files\/2025\/12\/Ohje-Turku.pdf\">Ohje Turku<\/a><\/p>\n","protected":false},"excerpt":{"rendered":"<p>Ajoneuvokohtainen lomakeTurku Anvisning \u00c5bo Fordons formul\u00e4r \u00c5bo Ohje Turku<\/p>\n","protected":false},"author":723,"featured_media":0,"parent":0,"menu_order":0,"comment_status":"closed","ping_status":"closed","template":"","meta":{"footnotes":""},"class_list":["post-1786","page","type-page","status-publish","hentry"],"_links":{"self":[{"href":"https:\/\/blog.edu.turku.fi\/klassillinentiedotus\/wp-json\/wp\/v2\/pages\/1786","targetHints":{"allow":["GET"]}}],"collection":[{"href":"https:\/\/blog.edu.turku.fi\/klassillinentiedotus\/wp-json\/wp\/v2\/pages"}],"about":[{"href":"https:\/\/blog.edu.turku.fi\/klassillinentiedotus\/wp-json\/wp\/v2\/types\/page"}],"author":[{"embeddable":true,"href":"https:\/\/blog.edu.turku.fi\/klassillinentiedotus\/wp-json\/wp\/v2\/users\/723"}],"replies":[{"embeddable":true,"href":"https:\/\/blog.edu.turku.fi\/klassillinentiedotus\/wp-json\/wp\/v2\/comments?post=1786"}],"version-history":[{"count":2,"href":"https:\/\/blog.edu.turku.fi\/klassillinentiedotus\/wp-json\/wp\/v2\/pages\/1786\/revisions"}],"predecessor-version":[{"id":1792,"href":"https:\/\/blog.edu.turku.fi\/klassillinentiedotus\/wp-json\/wp\/v2\/pages\/1786\/revisions\/1792"}],"wp:attachment":[{"href":"https:\/\/blog.edu.turku.fi\/klassillinentiedotus\/wp-json\/wp\/v2\/media?parent=1786"}],"curies":[{"name":"wp","href":"https:\/\/api.w.org\/{rel}","templated":true}]}}