{"id":90,"date":"2019-09-04T15:15:23","date_gmt":"2019-09-04T12:15:23","guid":{"rendered":"https:\/\/blog.edu.turku.fi\/klassillinen\/?page_id=90"},"modified":"2026-04-14T10:43:11","modified_gmt":"2026-04-14T07:43:11","slug":"opettajat","status":"publish","type":"page","link":"https:\/\/blog.edu.turku.fi\/klassillinen\/yhteystiedot\/opettajat\/","title":{"rendered":"Opettajat"},"content":{"rendered":"<div class=\"entry-content\">\n<p><em>S\u00e4hk\u00f6posti on muotoa etunimi.sukunimi@edu.turku.fi<\/em><\/p>\n<p><strong>Ahokas Kari<\/strong>, englanti<\/p>\n<p><strong>Alsi Mattus<\/strong>, ilmaisu<\/p>\n<p><strong>Alvesalo Mona<\/strong>, psykologia ja filosofia<\/p>\n<p><strong>Anttila Miia<\/strong>, matematiikka<\/p>\n<p><strong>Apell Laura<\/strong>, filosofia ja psykologia<\/p>\n<p><strong>Autio Hanna<\/strong>, el\u00e4m\u00e4nkatsomustieto (Puolalanm\u00e4en lukio)<\/p>\n<p><strong>Fager Anne<\/strong>, historia ja yhteiskuntaoppi<\/p>\n<p><strong>Friis Mikaela<\/strong>, ruotsi<\/p>\n<p><strong>Heino Kai<\/strong>, rehtori<\/p>\n<p><strong>Hongisto Anna<\/strong>, opinto-ohjaaja (p. 040 635 8231)<\/p>\n<p><strong>Hyrsky Leena<\/strong>, englanti<\/p>\n<p><strong>Inkil\u00e4inen Hanna<\/strong>, ruotsi<\/p>\n<p><strong>Jans\u00e9n Tove<\/strong>, maantiede ja biologia<\/p>\n<p><strong>J\u00e4rvi\u00f6 Essi<\/strong>, opinto-ohjaus (p. 044 907 3809)<\/p>\n<p><strong>Kaarenoja Miira<\/strong>, tanssi<\/p>\n<p><strong>Karinkanta Pasi<\/strong>, fysiikka ja matematiikka<\/p>\n<p><strong>Koivunen Jukka<\/strong>, kuvataide ja ilmaisu<\/p>\n<p><strong>Koskinen Tero<\/strong>, matematiikka ja fysiikka (virkavapaalla)<\/p>\n<p><strong>K\u00e4hk\u00f6nen Petri<\/strong>, historia ja yhteiskuntaoppi<\/p>\n<p><strong>Latokartano Linda<\/strong>, ilmaisu<\/p>\n<p><strong>Levanto Marja<\/strong>, opinto-ohjaus (p. 044 902 0055)<\/p>\n<p><strong>Lindqvist Minna<\/strong>, englanti<\/p>\n<p><strong>Liukkonen Maiju<\/strong>, \u00e4idinkieli ja kirjallisuus<\/p>\n<p><strong>Paju Sirja<\/strong>, matematiikka ja kemia<\/p>\n<p><strong>Palin Sini<\/strong>, Turun lukioiden erityisopettaja (p. 040 570 1353)<\/p>\n<p><strong>Palmunen Johanna<\/strong>, biologia ja maantiede<\/p>\n<p><strong>Paski Jaani<\/strong>, fysiikka ja matematiikka<\/p>\n<p><strong>Pentti-Tuomisto Reija<\/strong>,\u00a0 latina, kreikka ja historia<\/p>\n<p><strong>Pukonen Seppo<\/strong>, apulaisrehtori (virkavapaalla)<\/p>\n<p><strong>Puurunen Maarit<\/strong>, ranska ja espanja<\/p>\n<p><strong>Sahipakka Riitta<\/strong>, \u00e4idinkieli ja kirjallisuus<\/p>\n<p><strong>Suntioinen Riina<\/strong>, kemia ja matematiikka<\/p>\n<p><strong>Ruokonen Annina<\/strong>, matematiikka ja liikunta<\/p>\n<p><strong>R\u00f6nkk\u00f6 Anne<\/strong>, ruotsi ja saksa<\/p>\n<p><strong>Saksa Anniina<\/strong>, media<\/p>\n<p><strong>Salakka Taru<\/strong>, vs. apulaisrehtori (1.1.2021 alkaen) (p. 040 358 4966)<\/p>\n<p><strong>Salo Jaana<\/strong>, \u00e4idinkieli ja kirjallisuus<\/p>\n<p><strong>Tolonen<\/strong><strong> Pekka<\/strong>, uskonto<\/p>\n<p><strong>Tuomi-Talonpoika Annukka<\/strong>, \u00e4idinkieli ja kirjallisuus<\/p>\n<p><strong>T\u00e4ttil\u00e4 Sari<\/strong>, liikunta ja terveystieto<\/p>\n<p><strong>Uitto Seija<\/strong>, saksa, ilmaisu<\/p>\n<p><strong>Vanamo Juho<\/strong>, musiikki<\/p>\n<p><strong>Virtanen Jaani<\/strong>, liikunta ja terveystieto<\/p>\n<p><strong>Vuorinen Tiina<\/strong>, englanti ja ranska<\/p>\n<p><strong>\u00d6stdahl Nina<\/strong>, opinto-ohjaus (p. 044 907 4405)<\/p>\n<\/div>\n","protected":false},"excerpt":{"rendered":"<p>S\u00e4hk\u00f6posti on muotoa etunimi.sukunimi@edu.turku.fi Ahokas Kari, englanti Alsi Mattus, ilmaisu Alvesalo Mona, psykologia ja filosofia Anttila Miia, matematiikka Apell Laura, &hellip; <\/p>\n","protected":false},"author":2406,"featured_media":0,"parent":80,"menu_order":1,"comment_status":"closed","ping_status":"closed","template":"","meta":{"footnotes":""},"class_list":["post-90","page","type-page","status-publish","hentry"],"_links":{"self":[{"href":"https:\/\/blog.edu.turku.fi\/klassillinen\/wp-json\/wp\/v2\/pages\/90","targetHints":{"allow":["GET"]}}],"collection":[{"href":"https:\/\/blog.edu.turku.fi\/klassillinen\/wp-json\/wp\/v2\/pages"}],"about":[{"href":"https:\/\/blog.edu.turku.fi\/klassillinen\/wp-json\/wp\/v2\/types\/page"}],"author":[{"embeddable":true,"href":"https:\/\/blog.edu.turku.fi\/klassillinen\/wp-json\/wp\/v2\/users\/2406"}],"replies":[{"embeddable":true,"href":"https:\/\/blog.edu.turku.fi\/klassillinen\/wp-json\/wp\/v2\/comments?post=90"}],"version-history":[{"count":39,"href":"https:\/\/blog.edu.turku.fi\/klassillinen\/wp-json\/wp\/v2\/pages\/90\/revisions"}],"predecessor-version":[{"id":1978,"href":"https:\/\/blog.edu.turku.fi\/klassillinen\/wp-json\/wp\/v2\/pages\/90\/revisions\/1978"}],"up":[{"embeddable":true,"href":"https:\/\/blog.edu.turku.fi\/klassillinen\/wp-json\/wp\/v2\/pages\/80"}],"wp:attachment":[{"href":"https:\/\/blog.edu.turku.fi\/klassillinen\/wp-json\/wp\/v2\/media?parent=90"}],"curies":[{"name":"wp","href":"https:\/\/api.w.org\/{rel}","templated":true}]}}