{"id":82,"date":"2019-09-04T15:13:23","date_gmt":"2019-09-04T12:13:23","guid":{"rendered":"https:\/\/blog.edu.turku.fi\/klassillinen\/?page_id=82"},"modified":"2025-11-12T10:44:04","modified_gmt":"2025-11-12T08:44:04","slug":"tietokoneen-hankinta","status":"publish","type":"page","link":"https:\/\/blog.edu.turku.fi\/klassillinen\/opiskelijalle\/tietokoneen-hankinta\/","title":{"rendered":"Lukiolaisen tietokone"},"content":{"rendered":"<h4>Syksyst\u00e4 2021 alkaen maksuttoman toisen asteen piiriss\u00e4 olevat opiskelijat ovat saaneet kannettavan tietokoneen lukiolta.<\/h4>\n<p>S\u00e4hk\u00f6isill\u00e4 v\u00e4lineill\u00e4 lukio-opinnoissa pystyt\u00e4\u00e4n tukemaan ja syvent\u00e4m\u00e4\u00e4n oppimista nykyaikaisin keinoin. Sujuvat tietotekniset perustaidot ovat v\u00e4ltt\u00e4m\u00e4tt\u00f6mi\u00e4 my\u00f6s jatko-opinnoissa ja ty\u00f6markkinoilla. Ty\u00f6tavat l\u00e4hes kaikissa lukion oppiaineissa ovat muuttuneet siten, ett\u00e4 tietokone on yh\u00e4 useammin kursseilla ty\u00f6v\u00e4lineen\u00e4, materiaali on digitaalisessa muodossa ja ty\u00f6skentely-ymp\u00e4rist\u00f6n\u00e4 k\u00e4ytet\u00e4\u00e4n s\u00e4hk\u00f6isi\u00e4 oppimisymp\u00e4rist\u00f6j\u00e4. Samalla valmistaudutaan s\u00e4hk\u00f6isiin ylioppilaskirjoituksiin.<\/p>\n<p>Turun lukio-opiskelussa hy\u00f6dynnet\u00e4\u00e4n langattoman verkon kautta saatavia opetuksen verkkopalveluita. Kannettavaa k\u00e4ytet\u00e4\u00e4n p\u00e4ivitt\u00e4isess\u00e4 ty\u00f6skentelyss\u00e4 sek\u00e4 koulussa ett\u00e4 kotona, jolloin huomiota tulisi kiinnitt\u00e4\u00e4 <strong>hyvien verkkoliit\u00e4nt\u00e4mahdollisuuksien<\/strong> lis\u00e4ksi my\u00f6s laitteen <strong>hyv\u00e4\u00e4n akunkestoon<\/strong> sek\u00e4 <strong>tallennustilaan<\/strong> (mm. Abitti-ohjelmia varten). Kun kyseess\u00e4 on opiskelijan oma laite, se voi olla mieltymysten mukainen ja opiskelijan tarpeisiin sopiva (Windows- tai Mac-kannettava). <em>Tablet-laitteet eiv\u00e4t ole t\u00e4ll\u00e4 hetkell\u00e4 YO-kirjoituksissa tuettuja laitteita, joten niiden hankkimista ensisijaiseksi laitteeksi ei suositella, kuten ei my\u00f6sk\u00e4\u00e4n ns. hybridilaitteiden (ChromeBook, Microsoft Surface Pro, Acer Switch Alpha 12, jne.)<\/em><\/p>\n<p>Huomioitavaksi liittyen omaan kannettavaan tietokoneeseen:<br \/>\n&#8211; <strong>n\u00e4yt\u00f6n maksimikoko 18\u2019\u2019 (kosketusn\u00e4yt\u00f6t eiv\u00e4t yleens\u00e4 toimi koej\u00e4rjestelm\u00e4ss\u00e4)<br \/>\n<\/strong>&#8211; <strong>langattomaan verkkoon liittymismahdollisuus<\/strong> (WLAN-kortin tulee tukea <strong>sek\u00e4 2,4<\/strong> <strong>GHz ett\u00e4 5GHz taajuuksia (802.11a\/n\/ac)<\/strong>)<br \/>\n&#8211; <strong>langalliseen verkkoon liittymismahdollisuus<\/strong> (joko suoraan RJ45-verkkoporttiin tai erillisen RJ45 adapterin avulla)<br \/>\n&#8211; <strong>useampia USB-portteja, joista v\u00e4hint\u00e4\u00e4n yksi USB-A tyyppinen<\/strong> (mahdolliselle RJ45-adapterille, Abitti-muistitikulle, mahdolliselle <strong>langalliselle<\/strong> hiirelle sek\u00e4 kuulokemikrofonille, mahdolliselle virtal\u00e4hteett\u00f6m\u00e4lle USB-C \u2192 USB3 adapterille)<br \/>\n&#8211; <strong>kuulokemikrofoniliit\u00e4nt\u00e4<\/strong> (joko 3,5mm- tai USB-liit\u00e4nt\u00e4)<br \/>\n&#8211; <strong>langallinen kuulokemikrofoni<\/strong> (bluetooth-malli <em>EI OLE<\/em> sallittu YO-kokeissa)<br \/>\n&#8211; <strong>erillinen USB3-muistitikku<\/strong> (<strong>v\u00e4h. 8Gt<\/strong>, tarvitaan heti lukio-opintojen alkaessa)<br \/>\n+- <strong>1,5-2m ethernetkaapeli<\/strong> (ellei koulu muuta ilmoita)<\/p>\n<p><strong>HUOM! Turkulaisen lukion opiskelijana omalle koneelle voi ladata maksutta Microsoft Office\u2013 ohjelmat.<\/strong><\/p>\n<p>Ylioppilastutkintolautakunnan (YTL) viimeisin ohjeistus opiskelijan tietokoneen hankkimisesta l\u00f6ytyy osoitteesta <a href=\"https:\/\/www.abitti.fi\/fi\/ohjeet\/abitti-yhteensopivat-tietokoneet\/\">https:\/\/www.abitti.fi\/fi\/ohjeet\/abitti-yhteensopivat-tietokoneet\/<\/a> Ylioppilaskokeen viralliset tekniset laitevaatimukset l\u00f6ytyv\u00e4t lautakunnan sivuilta <a href=\"http:\/\/ylioppilastutkinto.fi\/\">http:\/\/ylioppilastutkinto.fi<\/a> &gt; M\u00e4\u00e4r\u00e4ykset &gt; Yleiset m\u00e4\u00e4r\u00e4ykset ja ohjeet &gt; Kokelaan tietokonetta koskevat ohjeet. Ohje p\u00e4ivittyy tutkinnon kehittyess\u00e4.<\/p>\n","protected":false},"excerpt":{"rendered":"<p>Syksyst\u00e4 2021 alkaen maksuttoman toisen asteen piiriss\u00e4 olevat opiskelijat ovat saaneet kannettavan tietokoneen lukiolta. S\u00e4hk\u00f6isill\u00e4 v\u00e4lineill\u00e4 lukio-opinnoissa pystyt\u00e4\u00e4n tukemaan ja &hellip; <\/p>\n","protected":false},"author":1368,"featured_media":0,"parent":11,"menu_order":2,"comment_status":"closed","ping_status":"closed","template":"","meta":{"footnotes":""},"class_list":["post-82","page","type-page","status-publish","hentry"],"_links":{"self":[{"href":"https:\/\/blog.edu.turku.fi\/klassillinen\/wp-json\/wp\/v2\/pages\/82","targetHints":{"allow":["GET"]}}],"collection":[{"href":"https:\/\/blog.edu.turku.fi\/klassillinen\/wp-json\/wp\/v2\/pages"}],"about":[{"href":"https:\/\/blog.edu.turku.fi\/klassillinen\/wp-json\/wp\/v2\/types\/page"}],"author":[{"embeddable":true,"href":"https:\/\/blog.edu.turku.fi\/klassillinen\/wp-json\/wp\/v2\/users\/1368"}],"replies":[{"embeddable":true,"href":"https:\/\/blog.edu.turku.fi\/klassillinen\/wp-json\/wp\/v2\/comments?post=82"}],"version-history":[{"count":13,"href":"https:\/\/blog.edu.turku.fi\/klassillinen\/wp-json\/wp\/v2\/pages\/82\/revisions"}],"predecessor-version":[{"id":1925,"href":"https:\/\/blog.edu.turku.fi\/klassillinen\/wp-json\/wp\/v2\/pages\/82\/revisions\/1925"}],"up":[{"embeddable":true,"href":"https:\/\/blog.edu.turku.fi\/klassillinen\/wp-json\/wp\/v2\/pages\/11"}],"wp:attachment":[{"href":"https:\/\/blog.edu.turku.fi\/klassillinen\/wp-json\/wp\/v2\/media?parent=82"}],"curies":[{"name":"wp","href":"https:\/\/api.w.org\/{rel}","templated":true}]}}