{"id":80,"date":"2019-09-04T15:13:37","date_gmt":"2019-09-04T12:13:37","guid":{"rendered":"https:\/\/blog.edu.turku.fi\/klassillinen\/?page_id=80"},"modified":"2026-04-14T10:39:56","modified_gmt":"2026-04-14T07:39:56","slug":"yhteystiedot","status":"publish","type":"page","link":"https:\/\/blog.edu.turku.fi\/klassillinen\/yhteystiedot\/","title":{"rendered":"Yhteystiedot"},"content":{"rendered":"<div class=\"entry-content\">\n<p>Turun klassillinen lukio<br \/>\nEskelinkatu 4<br \/>\n20100 Turku<\/p>\n<p>S\u00e4hk\u00f6posti: klassillinen.lukio@edu.turku.fi<\/p>\n<p><em>S\u00e4hk\u00f6posti on muotoa etunimi.sukunimi@edu.turku.fi<\/em><\/p>\n<p>Rehtori <strong>Kai Heino<\/strong>\u00a0 050 432 3612<br \/>\nVs. apulaisrehtori <strong>Taru Salakka<\/strong> 040 358 4966<br \/>\nApulaisrehtori <strong>Seppo Pukonen<\/strong>\u00a0 (<em>virkavapaalla)<\/em><\/p>\n<p>Ilmaisulinjan koordinaattori\u00a0<strong>Jukka Koivunen<\/strong><\/p>\n<p>Opinto-ohjaaja <strong>Anna Hongisto<\/strong> 040 635 8231, ryhm\u00e4t 25A, 24a, 24B, 23A<br \/>\nOpinto-ohjaaja <b>Essi J\u00e4rvi\u00f6<\/b>, 044 907 3809, ryhm\u00e4t 25C, 25E, 25F, 24E, 24F, 23E, 23F<br \/>\nOpinto-ohjaaja <strong>Marja Levanto\u00a0<\/strong>044 907 0055, ryhm\u00e4t 25B, 25D, 24C, 24D, 23B, 23C,<br \/>\nOpinto-ohjaaja\u00a0<strong>Nina \u00d6stdahl\u00a0\u00a0<\/strong>044 907 4405, ryhm\u00e4t 25G, 25H, 24G, 24H, 23D, 23G, 23H<\/p>\n<p>Koulusihteeri<strong> Jaana Paavilainen <\/strong>040 537 6794<\/p>\n<p>Opettajainhuone\u00a0 040 632 3364<\/p>\n<p>Erityisopettaja <strong>Sini Palin<\/strong> 040 570 1353<\/p>\n<p>Terveydenhoitaja <strong>Jaana Enqvist<\/strong>\u00a0 02 313 3642, jaana.enqvist@varha.fi<\/p>\n<p>Psykiatrinen sairaanhoitaja <strong>P\u00e4ivi Rantanen<\/strong> 044 4931 674 (yhteydenotto terveydenhoitajan kautta)<\/p>\n<p>Opintopsykologi <strong>Ada Johansson<\/strong> 040 184 7598, ada.johansson@varha.fi<\/p>\n<p>Koulukuraattori <strong>Outi Tauriala-Tolonen<\/strong> 040 357 9565, outi.tauriala-tolonen@varha.fi<\/p>\n<p>Keitti\u00f6n palveluvastaava\u00a0 040 189 3962<\/p>\n<p>Kiinteist\u00f6nhoitaja\u00a0 044 907 2569<\/p>\n<\/div>\n","protected":false},"excerpt":{"rendered":"<p>Turun klassillinen lukio Eskelinkatu 4 20100 Turku S\u00e4hk\u00f6posti: klassillinen.lukio@edu.turku.fi S\u00e4hk\u00f6posti on muotoa etunimi.sukunimi@edu.turku.fi Rehtori Kai Heino\u00a0 050 432 3612 Vs. &hellip; <\/p>\n","protected":false},"author":2406,"featured_media":0,"parent":0,"menu_order":6,"comment_status":"closed","ping_status":"closed","template":"","meta":{"footnotes":""},"class_list":["post-80","page","type-page","status-publish","hentry"],"_links":{"self":[{"href":"https:\/\/blog.edu.turku.fi\/klassillinen\/wp-json\/wp\/v2\/pages\/80","targetHints":{"allow":["GET"]}}],"collection":[{"href":"https:\/\/blog.edu.turku.fi\/klassillinen\/wp-json\/wp\/v2\/pages"}],"about":[{"href":"https:\/\/blog.edu.turku.fi\/klassillinen\/wp-json\/wp\/v2\/types\/page"}],"author":[{"embeddable":true,"href":"https:\/\/blog.edu.turku.fi\/klassillinen\/wp-json\/wp\/v2\/users\/2406"}],"replies":[{"embeddable":true,"href":"https:\/\/blog.edu.turku.fi\/klassillinen\/wp-json\/wp\/v2\/comments?post=80"}],"version-history":[{"count":38,"href":"https:\/\/blog.edu.turku.fi\/klassillinen\/wp-json\/wp\/v2\/pages\/80\/revisions"}],"predecessor-version":[{"id":1977,"href":"https:\/\/blog.edu.turku.fi\/klassillinen\/wp-json\/wp\/v2\/pages\/80\/revisions\/1977"}],"wp:attachment":[{"href":"https:\/\/blog.edu.turku.fi\/klassillinen\/wp-json\/wp\/v2\/media?parent=80"}],"curies":[{"name":"wp","href":"https:\/\/api.w.org\/{rel}","templated":true}]}}