{"id":79,"date":"2019-09-04T15:12:19","date_gmt":"2019-09-04T12:12:19","guid":{"rendered":"https:\/\/blog.edu.turku.fi\/klassillinen\/?page_id=79"},"modified":"2020-01-13T10:25:10","modified_gmt":"2020-01-13T08:25:10","slug":"opiskelu","status":"publish","type":"page","link":"https:\/\/blog.edu.turku.fi\/klassillinen\/opiskelijalle\/opiskelu\/","title":{"rendered":"Opiskelu"},"content":{"rendered":"<div>Oppiaineen kurssien suoritusj\u00e4rjestys on mainittu opinto-oppaassa kurssien sis\u00e4ll\u00f6iss\u00e4: p\u00e4\u00e4s\u00e4\u00e4nt\u00f6isesti pakolliset kurssit suoritetaan numeroj\u00e4rjestyksess\u00e4 ja vasta sen j\u00e4lkeen syvent\u00e4v\u00e4t ja soveltavat. Ilmaisukursseja voi suorittaa p\u00e4\u00e4s\u00e4\u00e4nt\u00f6isesti vapaassa j\u00e4rjestyksess\u00e4, mutta niiss\u00e4kin on suosituksia j\u00e4rjestyksest\u00e4. Kurssin voi suorittaa<\/div>\n<ol>\n<li>osallistumalla opetukseen (kurssin tunneilla on oltava l\u00e4sn\u00e4) ja kurssikokeisiin. Opiskelija on velvollinen selvitt\u00e4m\u00e4\u00e4n poissaolonsa.<\/li>\n<li>opiskelemalla kurssin itsen\u00e4isesti, jos se menee p\u00e4\u00e4llekk\u00e4in toisen kurssin kanssa. Hakemus kurssin suorittamisesta tehd\u00e4\u00e4n yhdess\u00e4 opettajan kanssa ja toimitetaan allekirjoitettuna rehtorille.<\/li>\n<li>opiskelemalla toisessa oppilaitoksessa sellaisen kurssin, jota ei voi suorittaa omassa lukiossa. Niiden hyv\u00e4ksymisest\u00e4 on etuk\u00e4teen neuvoteltava ko. aineenopettajan ja rehtorin kanssa. Lis\u00e4tietoja saa opinto-ohjaajilta.<\/li>\n<li>suorittamalla lukiokurssiksi rinnastettavan opintokokonaisuuden, esim. partiojohtajakoulutus, isoskoulutus, liikennekasvatus, EYP-toiminta, hygieniapassi, ensiapukurssi, jne. Lis\u00e4tietoja saa rehtoreilta.<\/li>\n<li>verkko\/et\u00e4opetuksena. Lis\u00e4tietoja mm. <a href=\"http:\/\/www.turuniltalukio.fi\/index.php\/kurssitarjonta\/verkkolukio\">Turun iltalukion<\/a> sivuilta.<\/li>\n<\/ol>\n<p>Lukio-opintojen valmistumisesta ja oikeudesta lukion p\u00e4\u00e4tt\u00f6todistukseen ilmoitetaan Ylioppilastutkintolautakunnalle<br \/>\n\u2013 kev\u00e4\u00e4ll\u00e4 <strong><u>5.5. menness\u00e4<br \/>\n<\/u><\/strong>\u2013 syksyll\u00e4\u00a0 <strong><u>4.11. menness\u00e4<\/u><\/strong>.<\/p>\n<p>Suoritusten arvosteluun ja muuhun selvitysty\u00f6h\u00f6n koulussa varataan noin viikko. Kokeet ja muut suoritukset on teht\u00e4v\u00e4<br \/>\n\u2013 kev\u00e4\u00e4ll\u00e4 <strong><u>27.4. menness\u00e4<br \/>\n<\/u><\/strong>\u2013 syksyll\u00e4\u00a0 <strong><u>27.10. menness\u00e4<\/u><\/strong>.<\/p>\n<p>Jos edell\u00e4 annetut p\u00e4iv\u00e4t osuvat viikonlopun tai ko. lukuvuoden vapaap\u00e4iv\u00e4n kohdalle, <u>p\u00e4iv\u00e4m\u00e4\u00e4r\u00e4 tarkoittaa aina edelt\u00e4v\u00e4\u00e4 lukion ty\u00f6p\u00e4iv\u00e4\u00e4.<\/u> Poikkeuksia esimerkiksi m\u00e4\u00e4r\u00e4aikojen j\u00e4lkeen j\u00e4tetyist\u00e4 suorituksista ei tehd\u00e4!<\/p>\n<p>M\u00e4\u00e4r\u00e4aikoihin menness\u00e4 on kaikki muualla kuin omassa lukiossa meneill\u00e4\u00e4n olevat opinnot <strong><u>opiskelijan itsens\u00e4<\/u><\/strong> ilmoitettava todistettavasti (opintokirja tai todistus oppilaitokselta tms.) koulusihteerille.<\/p>\n","protected":false},"excerpt":{"rendered":"<p>Oppiaineen kurssien suoritusj\u00e4rjestys on mainittu opinto-oppaassa kurssien sis\u00e4ll\u00f6iss\u00e4: p\u00e4\u00e4s\u00e4\u00e4nt\u00f6isesti pakolliset kurssit suoritetaan numeroj\u00e4rjestyksess\u00e4 ja vasta sen j\u00e4lkeen syvent\u00e4v\u00e4t ja soveltavat. &hellip; <\/p>\n","protected":false},"author":1368,"featured_media":0,"parent":11,"menu_order":1,"comment_status":"closed","ping_status":"closed","template":"","meta":{"footnotes":""},"class_list":["post-79","page","type-page","status-publish","hentry"],"_links":{"self":[{"href":"https:\/\/blog.edu.turku.fi\/klassillinen\/wp-json\/wp\/v2\/pages\/79","targetHints":{"allow":["GET"]}}],"collection":[{"href":"https:\/\/blog.edu.turku.fi\/klassillinen\/wp-json\/wp\/v2\/pages"}],"about":[{"href":"https:\/\/blog.edu.turku.fi\/klassillinen\/wp-json\/wp\/v2\/types\/page"}],"author":[{"embeddable":true,"href":"https:\/\/blog.edu.turku.fi\/klassillinen\/wp-json\/wp\/v2\/users\/1368"}],"replies":[{"embeddable":true,"href":"https:\/\/blog.edu.turku.fi\/klassillinen\/wp-json\/wp\/v2\/comments?post=79"}],"version-history":[{"count":9,"href":"https:\/\/blog.edu.turku.fi\/klassillinen\/wp-json\/wp\/v2\/pages\/79\/revisions"}],"predecessor-version":[{"id":663,"href":"https:\/\/blog.edu.turku.fi\/klassillinen\/wp-json\/wp\/v2\/pages\/79\/revisions\/663"}],"up":[{"embeddable":true,"href":"https:\/\/blog.edu.turku.fi\/klassillinen\/wp-json\/wp\/v2\/pages\/11"}],"wp:attachment":[{"href":"https:\/\/blog.edu.turku.fi\/klassillinen\/wp-json\/wp\/v2\/media?parent=79"}],"curies":[{"name":"wp","href":"https:\/\/api.w.org\/{rel}","templated":true}]}}