{"id":71,"date":"2019-09-04T15:08:17","date_gmt":"2019-09-04T12:08:17","guid":{"rendered":"https:\/\/blog.edu.turku.fi\/klassillinen\/?page_id=71"},"modified":"2026-02-17T13:34:09","modified_gmt":"2026-02-17T11:34:09","slug":"etukateistehtava","status":"publish","type":"page","link":"https:\/\/blog.edu.turku.fi\/klassillinen\/hakijalle\/hakeminen-ilmaisulinjalle\/etukateistehtava\/","title":{"rendered":"Valintakoeteht\u00e4v\u00e4t"},"content":{"rendered":"<h2>Kev\u00e4\u00e4n 2026 etuk\u00e4teisteht\u00e4v\u00e4<\/h2>\n<h3><strong>Teht\u00e4v\u00e4nanto:<\/strong><\/h3>\n<ul>\n<li>Tee video, jonka aiheena on &#8221;Min\u00e4 ilmaisulukion hakijana&#8221;.<\/li>\n<li>Videon maksimipituus on kaksi minuuttia.<\/li>\n<li>Videon tulee tuoda esiin omaa <strong>suhdettasi ilmaisuun ja taiteeseen<\/strong>.<\/li>\n<li>Perustele hakuvalintaasi.<\/li>\n<li>Huomioi, ett\u00e4 videossasi n\u00e4kyy pohtiva ja analyyttinen ote.<\/li>\n<li>Tee videosta rohkeasti omann\u00e4k\u00f6isesi!<\/li>\n<li>Tarvittaessa voit k\u00e4ytt\u00e4\u00e4 kuvausapuna esim. perheenj\u00e4sent\u00e4si.<\/li>\n<\/ul>\n<p>Voit j\u00e4sent\u00e4\u00e4 videosi<strong> esimerkiksi <\/strong>seuraavien apukysymysten avulla:<\/p>\n<p>Kuka olet? Mist\u00e4 asioista olet kiinnostunut? Mik\u00e4 on suhteesi taiteeseen ja sen tekemiseen, erityisesti ilmaisulinjamme painopistealueisiin (teatteri, media, tanssi)? Miksi Turun klassillisen lukion ilmaisulinja olisi oikea paikka sinulle?<\/p>\n<h3>FAQ<\/h3>\n<p><strong>Milloin videon tekeminen kannattaa aloittaa?<\/strong><br \/>\nVideon suunnittelu kannattaa aloittaa hyviss\u00e4 ajoin. Hyv\u00e4 suunnittelu n\u00e4kyy j\u00e4senneltyn\u00e4 ja persoonallisena lopputuloksena, joka erottuu muista.<\/p>\n<p><strong>Millainen on\u00a0 hyv\u00e4 video?<\/strong><br \/>\nHyv\u00e4 video on huolellisesti suunniteltu. Sen valmistamiseen on k\u00e4ytetty aikaa ja n\u00e4hty vaivaa. Valmista videosi hyvin, jotta se ei j\u00e4\u00e4 pelk\u00e4ksi puhuvaksi p\u00e4\u00e4ksi. Kiinnit\u00e4 huomiota \u00e4\u00e4nenk\u00e4ytt\u00f6\u00f6n, esim. selke\u00e4\u00e4n puheeseen.<\/p>\n<p><strong>Miten videoni arvioidaan?<\/strong><br \/>\nArviointiraati arvioi videosi ja antaa pisteet arviointikriteerien mukaan (katso kohta <em>Valintakoepisteytys<\/em>).<\/p>\n<p><strong>Milloin video kannattaa l\u00e4hett\u00e4\u00e4?<\/strong><br \/>\nVideon tekemiseen kannattaa varata aikaa. \u00c4l\u00e4 j\u00e4t\u00e4 l\u00e4hett\u00e4mist\u00e4 kuitenkaan viime tinkaan, jotta videosi ei my\u00f6h\u00e4sty esim. yll\u00e4tt\u00e4vien teknisten h\u00e4iri\u00f6iden takia. My\u00f6h\u00e4styneit\u00e4 videoita ei oteta vastaan.<\/p>\n<h3><strong>Etuk\u00e4teisteht\u00e4v\u00e4n palautus<\/strong><\/h3>\n<p>Nime\u00e4 videosi muotoon <strong>Sukunimi Etunimi<\/strong>. Arvioijat eiv\u00e4t n\u00e4e l\u00e4hett\u00e4m\u00e4\u00e4si s\u00e4hk\u00f6postiviesti\u00e4 vaan ainoastaan etuk\u00e4teisteht\u00e4v\u00e4si.<\/p>\n<p>L\u00e4het\u00e4 videolinkkisi <strong>viimeist\u00e4\u00e4n 9.4.2026 <\/strong>osoitteeseen <strong>illihaku2026@gmail.com<\/strong>. Kun videolinkkisi toimivuus on tarkistettu, saat viestin, jossa videosi kuitataan vastaanotetuksi.<\/p>\n<p>M\u00e4\u00e4r\u00e4ajan j\u00e4lkeen palautettuja teht\u00e4vi\u00e4 ei oteta huomioon valintakokeen pisteytyksess\u00e4.<\/p>\n<p><a href=\"https:\/\/blog.edu.turku.fi\/klassillinentiedotus\/files\/2014\/10\/Ohjeet-videon-laittamiseen-Youtubeen.pdf\">Katso ohjeet videon lataamiseen t\u00e4st\u00e4<\/a>.<\/p>\n<h2>Koululla suoritettava valintakoeteht\u00e4v\u00e4<\/h2>\n<p>Valintakokeen kirjallinen osa pidet\u00e4\u00e4n kaikille ilmaisulinjalle hakeville (my\u00f6s muille kuin 1. sijalla hakeville) <strong>keskiviikkona 15.4.2026 klo 9.15 &#8211; 11.45 <\/strong>Turun klassillisessa lukiossa, Eskelinkatu 4.<\/p>\n<p>Ilmoittautuminen alkaa klo 8.45. Ota\u00a0 mukaasi lyijykyn\u00e4 ja pyyhekumi.<\/p>\n<p>Valintakokeen teht\u00e4v\u00e4 mittaa hakijan soveltuvuutta lukio-opiskeluun ja h\u00e4nen ajattelunsa kypsyytt\u00e4, jota vaaditaan ilmaisun ja opintojen yhdist\u00e4misess\u00e4. Teht\u00e4v\u00e4\u00e4 ei julkaista etuk\u00e4teen eik\u00e4 se vaadi valmistautumista.<\/p>\n<p>Valintakoetta ei tarvitse j\u00e4nnitt\u00e4\u00e4 ollenkaan. Hyv\u00e4ll\u00e4 sykkeell\u00e4, ilon kautta paikan p\u00e4\u00e4lle!<\/p>\n<p>Jos et p\u00e4\u00e4se esimerkiksi leirikoulun takia osallistumaan valintakokeeseen, ota hyviss\u00e4 ajoin ennen koep\u00e4iv\u00e4\u00e4 yhteys apulaisrehtoriin.<\/p>\n<p>&nbsp;<\/p>\n","protected":false},"excerpt":{"rendered":"<p>Kev\u00e4\u00e4n 2026 etuk\u00e4teisteht\u00e4v\u00e4 Teht\u00e4v\u00e4nanto: Tee video, jonka aiheena on &#8221;Min\u00e4 ilmaisulukion hakijana&#8221;. Videon maksimipituus on kaksi minuuttia. Videon tulee tuoda &hellip; <\/p>\n","protected":false},"author":1368,"featured_media":0,"parent":56,"menu_order":1,"comment_status":"closed","ping_status":"closed","template":"","meta":{"footnotes":""},"class_list":["post-71","page","type-page","status-publish","hentry"],"_links":{"self":[{"href":"https:\/\/blog.edu.turku.fi\/klassillinen\/wp-json\/wp\/v2\/pages\/71","targetHints":{"allow":["GET"]}}],"collection":[{"href":"https:\/\/blog.edu.turku.fi\/klassillinen\/wp-json\/wp\/v2\/pages"}],"about":[{"href":"https:\/\/blog.edu.turku.fi\/klassillinen\/wp-json\/wp\/v2\/types\/page"}],"author":[{"embeddable":true,"href":"https:\/\/blog.edu.turku.fi\/klassillinen\/wp-json\/wp\/v2\/users\/1368"}],"replies":[{"embeddable":true,"href":"https:\/\/blog.edu.turku.fi\/klassillinen\/wp-json\/wp\/v2\/comments?post=71"}],"version-history":[{"count":38,"href":"https:\/\/blog.edu.turku.fi\/klassillinen\/wp-json\/wp\/v2\/pages\/71\/revisions"}],"predecessor-version":[{"id":1964,"href":"https:\/\/blog.edu.turku.fi\/klassillinen\/wp-json\/wp\/v2\/pages\/71\/revisions\/1964"}],"up":[{"embeddable":true,"href":"https:\/\/blog.edu.turku.fi\/klassillinen\/wp-json\/wp\/v2\/pages\/56"}],"wp:attachment":[{"href":"https:\/\/blog.edu.turku.fi\/klassillinen\/wp-json\/wp\/v2\/media?parent=71"}],"curies":[{"name":"wp","href":"https:\/\/api.w.org\/{rel}","templated":true}]}}