{"id":7,"date":"2019-09-04T13:25:38","date_gmt":"2019-09-04T10:25:38","guid":{"rendered":"https:\/\/blog.edu.turku.fi\/klassillinen\/?page_id=7"},"modified":"2026-03-11T16:22:47","modified_gmt":"2026-03-11T14:22:47","slug":"hakijalle","status":"publish","type":"page","link":"https:\/\/blog.edu.turku.fi\/klassillinen\/hakijalle\/","title":{"rendered":"Hakijalle"},"content":{"rendered":"<h2><strong>Tervetuloa esittelyiltoihin!<\/strong><\/h2>\n<p><span style=\"font-size: 16px\">Yleislinja keskiviikkona 14.1.2026<\/span><\/p>\n<div class=\"container\">\n<div id=\"news-content\" class=\"margin-bottom\">\n<p>Ilmaisulinja torstaina 15.1.2026<\/p>\n<\/div>\n<p data-relation=\"index\">Esittely salissa alkaa molempina p\u00e4ivin\u00e4 klo 18.30, mutta toisen kerroksen aulassa on tapahtumaa ja opettajia ja opiskelijoita tavattavissa jo klo 18 alkaen. Parhaan kokonaisk\u00e4sityksen lukiostamme saa k\u00e4ym\u00e4ll\u00e4 molemmissa esittelyilloissamme. Tervetuloa!<\/p>\n<p data-relation=\"index\">Pihalla ei ole pys\u00e4k\u00f6intitilaa, koska Turun iltalukiolla on normaali opetusp\u00e4iv\u00e4.<\/p>\n<\/div>\n<p>&nbsp;<\/p>\n<p>Turun klassilliseen lukioon haetaan yhteishaussa. Kev\u00e4\u00e4n 2026 yhteishaku on helmi-maaliskuussa. Tarkemmat p\u00e4iv\u00e4t ilmoitetaan my\u00f6hemmin. Lis\u00e4tietoa yhteishausta saat <a href=\"https:\/\/opintopolku.fi\/wp\/fi\/\" target=\"_blank\" rel=\"noopener noreferrer\">Opintopolusta<\/a>.<\/p>\n<p>Kev\u00e4\u00e4ll\u00e4 2026 ilmaisulinjalle kaikille hakijoille on pakollinen etuk\u00e4teisteht\u00e4v\u00e4. T\u00e4st\u00e4 lis\u00e4tietoa l\u00f6yd\u00e4t kohdasta <a href=\"https:\/\/blog.edu.turku.fi\/klassillinen\/hakijalle\/hakeminen-ilmaisulinjalle\">Hakeminen ilmaisulinjalle<\/a>.<\/p>\n<p>Voit halutessasi hakea sek\u00e4 ilmaisulinjalle ett\u00e4 yleislinjalle.<\/p>\n<p>Onnea matkaan!<\/p>\n<p>Varapaikat ja t\u00e4ydennyshaku: t\u00e4yt\u00e4mme vapautuvat paikat yhteisvalintaj\u00e4rjestelm\u00e4n antaman varasijalistan mukaisesti.<\/p>\n<p>Kev\u00e4\u00e4ll\u00e4 2025 yhteishaun alin keskiarvoraja yleislinjalle p\u00e4\u00e4syyn oli 7,75. Ilmaisulinjan alin pisteraja oli 13,17 (maksimi 20 pistett\u00e4).<\/p>\n<p>Ilmaisulinjan p\u00e4\u00e4sykoe on 15.4.2026.<\/p>\n<h2 data-relation=\"index\">Lukioon hakeneille<\/h2>\n<p>Tervetulokirje lukioon valituille l\u00e4hetet\u00e4\u00e4n s\u00e4hk\u00f6postilla ja postin v\u00e4lityksell\u00e4. Lukiopaikka vastaanotetaan ensisijaisesti opintopolussa.<br \/>\nT\u00e4yt\u00e4mme mahdolliset vapautuvat paikat yhteisvalintaj\u00e4rjestelm\u00e4n antaman varasijalistan mukaisesti. Ilmaisulinjalle hakeneille l\u00e4hetet\u00e4\u00e4n s\u00e4hk\u00f6postilla kutsu p\u00e4\u00e4sykokeesiin, johon tullaan ilmoittautumatta.<\/p>\n<p><strong>Harkinnanvarainen haku<\/strong><\/p>\n<p><em>Jotta voit tulla valituksi lukioon harkinnanvaraisen valinnan kautta, sinulla tulee olla riitt\u00e4v\u00e4t edellytykset lukio-opinnoista suoriutumiseen.<\/em><em>Sinut voidaan valita lukioon harkinnanvaraisen valinnan kautta ainoastaan siin\u00e4 tapauksessa, ett\u00e4<\/em><\/p>\n<ul>\n<li><em>olet keskeytt\u00e4nyt perusopetuksen<\/em><\/li>\n<li><em>sinulla on ulkomailla suoritettu koulutus, tai<\/em><\/li>\n<li><em>sinulla on perusopetuksessa yksil\u00f6llistetty oppim\u00e4\u00e4r\u00e4 sek\u00e4 \u00e4idinkieless\u00e4 ett\u00e4 matematiikassa ja arviointi on tehty ennen 1.8.2025.<\/em><\/li>\n<\/ul>\n<p><em>\u00a0<\/em><em>Toimita oppilaitokseen todistukset suoritetuista opinnoistasi k\u00e4\u00e4nnettyn\u00e4 suomeksi\/ruotsiksi\/englanniksi viimeist\u00e4\u00e4n yhteishaun p\u00e4\u00e4ttymiseen menness\u00e4.\u00a0K\u00e4\u00e4nn\u00f6ksen pit\u00e4\u00e4 olla virallinen eli auktorisoitu.<br \/>\n<\/em><em>Ennen valintap\u00e4\u00e4t\u00f6ksen tekemist\u00e4 koulutuksen j\u00e4rjest\u00e4j\u00e4n tulee arvioida, ett\u00e4 sinulla on riitt\u00e4v\u00e4t edellytykset suoriutua opinnoista\u00a0oppilaitoksen opetuskielell\u00e4.\u00a0Oppilaitos kutsuu sinut tarvittaessa haastatteluun ja \/ tai kielikokeeseen.<br \/>\n<\/em><em>Kielikoe j\u00e4rjestet\u00e4\u00e4n maanantaina 13.4.2026 klo 11.00\u201414.00. Varap\u00e4iv\u00e4n\u00e4 on maanantai 20.4. klo 11.00\u201414.00, mik\u00e4li hakija on pakottavasta syyst\u00e4 estynyt osallistumaan kokeeseen ensimm\u00e4isen\u00e4 p\u00e4iv\u00e4n\u00e4.<\/em><\/p>\n<p>&nbsp;<\/p>\n<p>&nbsp;<\/p>\n<p><strong>Ohjeet oikaisuvaatumuksen tekemiseen:<\/strong><\/p>\n<p>Jos opiskelijavalintaa ei mielest\u00e4si ole tehty opiskelijaksi ottamisen perusteiden mukaisesti, ota ensin yhteys oppilaitokseen, johon hait tai Opetushallituksen Ohjaus- ja neuvontapalveluun. Ellei asia t\u00e4ll\u00f6in selvi\u00e4, voit valittaa opiskelijavalintaa koskevasta p\u00e4\u00e4t\u00f6ksest\u00e4 siihen aluehallintovirastoon, jonka alueella oppilaitos sijaitsee viimeist\u00e4\u00e4n 14 p\u00e4iv\u00e4n kuluessa siit\u00e4, kun olet saanut p\u00e4\u00e4t\u00f6ksen. Pyyd\u00e4 p\u00e4\u00e4t\u00f6s ja muutoksenhakulomake oppilaitoksen rehtorilta ja liit\u00e4 se valitukseesi.<\/p>\n<p><a href=\"https:\/\/avi.fi\/asioi\/henkiloasiakas\/oikaisuvaatimukset\">https:\/\/avi.fi\/asioi\/henkiloasiakas\/oikaisuvaatimukset<\/a><\/p>\n<p><a href=\"https:\/\/avi.fi\/kirjaamopalvelut\">Kirjaamopalvelut \u2013 Asiakaspalvelut ja muut asiointitavat \u2013 Asiointipalvelut \u2013 Henkil\u00f6asiakas \u2013 Asioi \u2013 Aluehallintovirasto (avi.fi)<\/a><\/p>\n<p>&nbsp;<\/p>\n<p>&nbsp;<\/p>\n<p>&nbsp;<\/p>\n","protected":false},"excerpt":{"rendered":"<p>Tervetuloa esittelyiltoihin! Yleislinja keskiviikkona 14.1.2026 Ilmaisulinja torstaina 15.1.2026 Esittely salissa alkaa molempina p\u00e4ivin\u00e4 klo 18.30, mutta toisen kerroksen aulassa on &hellip; <\/p>\n","protected":false},"author":1368,"featured_media":0,"parent":0,"menu_order":2,"comment_status":"closed","ping_status":"closed","template":"","meta":{"footnotes":""},"class_list":["post-7","page","type-page","status-publish","hentry"],"_links":{"self":[{"href":"https:\/\/blog.edu.turku.fi\/klassillinen\/wp-json\/wp\/v2\/pages\/7","targetHints":{"allow":["GET"]}}],"collection":[{"href":"https:\/\/blog.edu.turku.fi\/klassillinen\/wp-json\/wp\/v2\/pages"}],"about":[{"href":"https:\/\/blog.edu.turku.fi\/klassillinen\/wp-json\/wp\/v2\/types\/page"}],"author":[{"embeddable":true,"href":"https:\/\/blog.edu.turku.fi\/klassillinen\/wp-json\/wp\/v2\/users\/1368"}],"replies":[{"embeddable":true,"href":"https:\/\/blog.edu.turku.fi\/klassillinen\/wp-json\/wp\/v2\/comments?post=7"}],"version-history":[{"count":39,"href":"https:\/\/blog.edu.turku.fi\/klassillinen\/wp-json\/wp\/v2\/pages\/7\/revisions"}],"predecessor-version":[{"id":1973,"href":"https:\/\/blog.edu.turku.fi\/klassillinen\/wp-json\/wp\/v2\/pages\/7\/revisions\/1973"}],"wp:attachment":[{"href":"https:\/\/blog.edu.turku.fi\/klassillinen\/wp-json\/wp\/v2\/media?parent=7"}],"curies":[{"name":"wp","href":"https:\/\/api.w.org\/{rel}","templated":true}]}}