{"id":69,"date":"2019-09-04T15:07:52","date_gmt":"2019-09-04T12:07:52","guid":{"rendered":"https:\/\/blog.edu.turku.fi\/klassillinen\/?page_id=69"},"modified":"2025-11-12T10:29:00","modified_gmt":"2025-11-12T08:29:00","slug":"usein-kysyttya","status":"publish","type":"page","link":"https:\/\/blog.edu.turku.fi\/klassillinen\/hakijalle\/usein-kysyttya\/","title":{"rendered":"Usein kysytty\u00e4"},"content":{"rendered":"<p><strong>Onko Turun klassilliseen lukioon mahdollista tutustua etuk\u00e4teen?<\/strong><\/p>\n<p>&#8211; Kyll\u00e4. J\u00e4rjest\u00e4mme tammikuussa sek\u00e4 ilmaisulinjan ett\u00e4 yleislinjan esittelyillat.<\/p>\n<p><strong>Kuinka monta opiskelijaa klassilliseen p\u00e4\u00e4see vuosittain?<\/strong><\/p>\n<p>&#8211; Lukioomme valitaan vuosittain 234 opiskelijaa, joista 60 ilmaisulinjalle.<\/p>\n<p><strong>Kuinka korkea keskiarvo vaaditaan, jotta p\u00e4\u00e4see Turun klassillisen lukion ilmaisulinjalle?<\/strong><\/p>\n<p>&#8211; Sis\u00e4\u00e4np\u00e4\u00e4syyn vaikuttavat sek\u00e4 peruskoulun p\u00e4\u00e4tt\u00f6todistuksen lukuaineiden keskiarvo (max. 10 pistett\u00e4) ett\u00e4 etuk\u00e4teisteht\u00e4v\u00e4n (max. 4 pistett\u00e4) ja p\u00e4\u00e4sykokeen (max. 6 pistett\u00e4) yhteenlaskettu summa. Maksimipistem\u00e4\u00e4r\u00e4 on siis 20 pistett\u00e4.<\/p>\n<p><strong>Voiko ilmaisulinjalle p\u00e4\u00e4st\u00e4 kesken lukio-opintojen?<\/strong><\/p>\n<p>&#8211; Kyll\u00e4 voi, tekem\u00e4ll\u00e4 etuk\u00e4teisteht\u00e4v\u00e4n ja osallistumalla p\u00e4\u00e4sykokeeseen seuraavana kev\u00e4\u00e4n\u00e4. Mik\u00e4li sinut on jo valittu johonkin toiseen ilmaisulukioon, kannattaa olla suoraan yhteydess\u00e4 koulun rehtoriin kai.heino@edu.turku.fi. Valitettavan usein opiskelupaikamme ovat t\u00e4ynn\u00e4, emmek\u00e4 voi ottaa sinua opiskelemaan kouluumme.<\/p>\n<p><strong>Onko ruoka hyv\u00e4\u00e4?<\/strong><\/p>\n<p>&#8211; Kyll\u00e4, se valmistetaan koulumme omassa valmistuskeitti\u00f6ss\u00e4 alusta loppuun ammattitaitoisen keitti\u00f6henkil\u00f6kunnan toimesta. Ruokalassa myyd\u00e4\u00e4n my\u00f6s v\u00e4lipalaa.<\/p>\n<p>&nbsp;<\/p>\n","protected":false},"excerpt":{"rendered":"<p>Onko Turun klassilliseen lukioon mahdollista tutustua etuk\u00e4teen? &#8211; Kyll\u00e4. J\u00e4rjest\u00e4mme tammikuussa sek\u00e4 ilmaisulinjan ett\u00e4 yleislinjan esittelyillat. Kuinka monta opiskelijaa klassilliseen &hellip; <\/p>\n","protected":false},"author":1368,"featured_media":0,"parent":7,"menu_order":7,"comment_status":"closed","ping_status":"closed","template":"","meta":{"footnotes":""},"class_list":["post-69","page","type-page","status-publish","hentry"],"_links":{"self":[{"href":"https:\/\/blog.edu.turku.fi\/klassillinen\/wp-json\/wp\/v2\/pages\/69","targetHints":{"allow":["GET"]}}],"collection":[{"href":"https:\/\/blog.edu.turku.fi\/klassillinen\/wp-json\/wp\/v2\/pages"}],"about":[{"href":"https:\/\/blog.edu.turku.fi\/klassillinen\/wp-json\/wp\/v2\/types\/page"}],"author":[{"embeddable":true,"href":"https:\/\/blog.edu.turku.fi\/klassillinen\/wp-json\/wp\/v2\/users\/1368"}],"replies":[{"embeddable":true,"href":"https:\/\/blog.edu.turku.fi\/klassillinen\/wp-json\/wp\/v2\/comments?post=69"}],"version-history":[{"count":19,"href":"https:\/\/blog.edu.turku.fi\/klassillinen\/wp-json\/wp\/v2\/pages\/69\/revisions"}],"predecessor-version":[{"id":1921,"href":"https:\/\/blog.edu.turku.fi\/klassillinen\/wp-json\/wp\/v2\/pages\/69\/revisions\/1921"}],"up":[{"embeddable":true,"href":"https:\/\/blog.edu.turku.fi\/klassillinen\/wp-json\/wp\/v2\/pages\/7"}],"wp:attachment":[{"href":"https:\/\/blog.edu.turku.fi\/klassillinen\/wp-json\/wp\/v2\/media?parent=69"}],"curies":[{"name":"wp","href":"https:\/\/api.w.org\/{rel}","templated":true}]}}