{"id":583,"date":"2019-12-04T14:16:44","date_gmt":"2019-12-04T12:16:44","guid":{"rendered":"https:\/\/blog.edu.turku.fi\/klassillinen\/?page_id=583"},"modified":"2025-05-13T15:11:58","modified_gmt":"2025-05-13T12:11:58","slug":"ilmoittautuminen","status":"publish","type":"page","link":"https:\/\/blog.edu.turku.fi\/klassillinen\/opiskelijalle\/yo-kirjoitukset\/ilmoittautuminen\/","title":{"rendered":"Ilmoittautuminen"},"content":{"rendered":"<p>Ylioppilaskirjoituksiin ilmoittaudutaan Wilmassa <em><strong>Y<\/strong><strong>lioppilastutkintoon ilmoittautuminen<\/strong><\/em> -lomakkeella. Ennen ilmoittautumista hajautussuunnitelma on oltava tehtyn\u00e4!<\/p>\n<p>Lomakkeessa tulee t\u00e4ytt\u00e4\u00e4 kohdat koskien <em><strong>ainoastaan<\/strong><\/em> seuraavaa kirjoituskertaa<\/p>\n<ul>\n<li>Kokelaslaji<\/li>\n<li>Aine<\/li>\n<li>Pakollinen\/Ylim\u00e4\u00e4r\u00e4inen<\/li>\n<li>Suoritusaika<\/li>\n<\/ul>\n<p>Ilmoittautumisen yhteydess\u00e4 tulee tarkistaa, ett\u00e4 hajautussuunnitelma\u00a0 ja ilmoittautuminen vastaavat toisiaan. Lukion opiskelijat ovat saaneet ohjelinkin Wilmassa.<\/p>\n<p><strong>Ylioppilaskokeen uusija ja\/tai korottaja:<\/strong> Pyyd\u00e4 ilmoittautumislomake lukion kansliasta s\u00e4hk\u00f6postitse osoitteesta (jaana.paavilainen@edu.turku.fi<a href=\"mailto:jaana.paavilainen@edu.turku.fi\">)<\/a>. Ilmoita samalla, milloin olet valmistunut ylioppilaaksi Turun klassillisesta lukiosta, Klassikon lukiosta tai Juhana Herttuan lukiosta.<\/p>\n<p><strong>Aiemmin valmistuneet korottajat, t\u00e4ydent\u00e4j\u00e4t ja tutkinnon laajentajat ilmoittautuvat\u00a0 Syksyn<\/strong> ylioppilaskokeisiin s\u00e4hk\u00f6postitse koulusihteeri Jaana Paavilaiselle viimeist\u00e4\u00e4n 5.6. ja K<strong>ev\u00e4\u00e4n<\/strong> ylioppilaskokeisiin\u00a0 s\u00e4hk\u00f6postitse koulusihteeri Jaana Paavilaiselle viimeist\u00e4\u00e4n 1.12. Lukiossa kirjoilla olevat opiskelijat ja valmistuvat ylioppilaat ilmoittautuvat Wilmaan lukion Wilmassa ilmoittamaan ajankohtaan menness\u00e4.<\/p>\n","protected":false},"excerpt":{"rendered":"<p>Ylioppilaskirjoituksiin ilmoittaudutaan Wilmassa Ylioppilastutkintoon ilmoittautuminen -lomakkeella. Ennen ilmoittautumista hajautussuunnitelma on oltava tehtyn\u00e4! Lomakkeessa tulee t\u00e4ytt\u00e4\u00e4 kohdat koskien ainoastaan seuraavaa kirjoituskertaa &hellip; <\/p>\n","protected":false},"author":1368,"featured_media":0,"parent":98,"menu_order":1,"comment_status":"closed","ping_status":"closed","template":"","meta":{"footnotes":""},"class_list":["post-583","page","type-page","status-publish","hentry"],"_links":{"self":[{"href":"https:\/\/blog.edu.turku.fi\/klassillinen\/wp-json\/wp\/v2\/pages\/583","targetHints":{"allow":["GET"]}}],"collection":[{"href":"https:\/\/blog.edu.turku.fi\/klassillinen\/wp-json\/wp\/v2\/pages"}],"about":[{"href":"https:\/\/blog.edu.turku.fi\/klassillinen\/wp-json\/wp\/v2\/types\/page"}],"author":[{"embeddable":true,"href":"https:\/\/blog.edu.turku.fi\/klassillinen\/wp-json\/wp\/v2\/users\/1368"}],"replies":[{"embeddable":true,"href":"https:\/\/blog.edu.turku.fi\/klassillinen\/wp-json\/wp\/v2\/comments?post=583"}],"version-history":[{"count":30,"href":"https:\/\/blog.edu.turku.fi\/klassillinen\/wp-json\/wp\/v2\/pages\/583\/revisions"}],"predecessor-version":[{"id":1841,"href":"https:\/\/blog.edu.turku.fi\/klassillinen\/wp-json\/wp\/v2\/pages\/583\/revisions\/1841"}],"up":[{"embeddable":true,"href":"https:\/\/blog.edu.turku.fi\/klassillinen\/wp-json\/wp\/v2\/pages\/98"}],"wp:attachment":[{"href":"https:\/\/blog.edu.turku.fi\/klassillinen\/wp-json\/wp\/v2\/media?parent=583"}],"curies":[{"name":"wp","href":"https:\/\/api.w.org\/{rel}","templated":true}]}}