{"id":574,"date":"2019-12-04T13:52:25","date_gmt":"2019-12-04T11:52:25","guid":{"rendered":"https:\/\/blog.edu.turku.fi\/klassillinen\/?page_id=574"},"modified":"2020-01-08T10:27:20","modified_gmt":"2020-01-08T08:27:20","slug":"lukion-tyoelamakumppanit","status":"publish","type":"page","link":"https:\/\/blog.edu.turku.fi\/klassillinen\/koulun-esittely\/hankkeet\/lukion-tyoelamakumppanit\/","title":{"rendered":"Lukion ty\u00f6el\u00e4m\u00e4kumppanit"},"content":{"rendered":"<p>Hankkeen tavoitteena on kehitt\u00e4\u00e4 lukio-opiskelijoiden, lukioiden opetus- ja ohjaushenkil\u00f6st\u00f6n sek\u00e4 johdon, yritysten ja korkeakoulujen yhteisty\u00f6n\u00e4 luoda pysyvi\u00e4 lukioiden ty\u00f6el\u00e4m\u00e4kumppanuusverkostoja ja rakentaa uudenlaisia ty\u00f6el\u00e4m\u00e4l\u00e4ht\u00f6isi\u00e4 oppimisymp\u00e4rist\u00f6j\u00e4 ja yhteisty\u00f6malleja.<\/p>\n<p>Hanke edist\u00e4\u00e4 lukio-opintonsa p\u00e4\u00e4tt\u00e4neiden sujuvia siirtymi\u00e4 jatko-opintoihin ja ty\u00f6el\u00e4m\u00e4\u00e4n, ja sen tulokset levitet\u00e4\u00e4n valtakunnalliseen k\u00e4ytt\u00f6\u00f6n. Hanke toteutetaan Turun, Vaasan ja Porin kaupungin lukioiden, Turun ammattikorkeakoulun ja Turun yliopiston kumppanuusverkostossa.<\/p>\n<p>Hankkeen kohderyhm\u00e4\u00e4n kuuluvat kaikki lukioiden opiskelijat ja lukioiden opetus-, ohjaus- ja johtohenkil\u00f6st\u00f6.<\/p>\n","protected":false},"excerpt":{"rendered":"<p>Hankkeen tavoitteena on kehitt\u00e4\u00e4 lukio-opiskelijoiden, lukioiden opetus- ja ohjaushenkil\u00f6st\u00f6n sek\u00e4 johdon, yritysten ja korkeakoulujen yhteisty\u00f6n\u00e4 luoda pysyvi\u00e4 lukioiden ty\u00f6el\u00e4m\u00e4kumppanuusverkostoja ja &hellip; <\/p>\n","protected":false},"author":1368,"featured_media":0,"parent":126,"menu_order":5,"comment_status":"closed","ping_status":"closed","template":"","meta":{"footnotes":""},"class_list":["post-574","page","type-page","status-publish","hentry"],"_links":{"self":[{"href":"https:\/\/blog.edu.turku.fi\/klassillinen\/wp-json\/wp\/v2\/pages\/574","targetHints":{"allow":["GET"]}}],"collection":[{"href":"https:\/\/blog.edu.turku.fi\/klassillinen\/wp-json\/wp\/v2\/pages"}],"about":[{"href":"https:\/\/blog.edu.turku.fi\/klassillinen\/wp-json\/wp\/v2\/types\/page"}],"author":[{"embeddable":true,"href":"https:\/\/blog.edu.turku.fi\/klassillinen\/wp-json\/wp\/v2\/users\/1368"}],"replies":[{"embeddable":true,"href":"https:\/\/blog.edu.turku.fi\/klassillinen\/wp-json\/wp\/v2\/comments?post=574"}],"version-history":[{"count":5,"href":"https:\/\/blog.edu.turku.fi\/klassillinen\/wp-json\/wp\/v2\/pages\/574\/revisions"}],"predecessor-version":[{"id":631,"href":"https:\/\/blog.edu.turku.fi\/klassillinen\/wp-json\/wp\/v2\/pages\/574\/revisions\/631"}],"up":[{"embeddable":true,"href":"https:\/\/blog.edu.turku.fi\/klassillinen\/wp-json\/wp\/v2\/pages\/126"}],"wp:attachment":[{"href":"https:\/\/blog.edu.turku.fi\/klassillinen\/wp-json\/wp\/v2\/media?parent=574"}],"curies":[{"name":"wp","href":"https:\/\/api.w.org\/{rel}","templated":true}]}}