{"id":572,"date":"2019-12-04T13:40:36","date_gmt":"2019-12-04T11:40:36","guid":{"rendered":"https:\/\/blog.edu.turku.fi\/klassillinen\/?page_id=572"},"modified":"2021-09-15T15:29:43","modified_gmt":"2021-09-15T12:29:43","slug":"erityisesti-lukiossa","status":"publish","type":"page","link":"https:\/\/blog.edu.turku.fi\/klassillinen\/koulun-esittely\/hankkeet\/erityisesti-lukiossa\/","title":{"rendered":"Erityisesti lukiossa"},"content":{"rendered":"<p>Hankkeen taustalla on tarve tarjota tukea niille lukio-opiskelijoille, joiden opintojen sujuvaa etenemist\u00e4 vaikeuttavat esimerkiksi oppimisen haasteet, heikot opiskelutaidot tai el\u00e4m\u00e4ntilanteesta johtuvat vaikeudet. Tukea tarvitsevat my\u00f6s ne opiskelijat, jotka ovat vaarassa uupua, kyynisty\u00e4 ja omaksua kielteisen opiskeluasenteen jaksamiseen liittyvien ongelmien vuoksi.<\/p>\n<p>Tavoitteena on kehitt\u00e4\u00e4 lukioiden erityisopettajien, aineenopettajien, opinto-ohjaajien ja ryhm\u00e4nohjaajien yhteisty\u00f6n\u00e4 lukioihin toimintamalleja ja menetelmi\u00e4, joilla opetus- ja ohjaushenkil\u00f6st\u00f6 voi tukea lukiolaisia opintojen etenemiseen liittyviss\u00e4 vaikeuksissa. Projektin aikana kehitett\u00e4vill\u00e4 ja kokeiltavilla uudenlaisilla tukitoimilla lis\u00e4t\u00e4\u00e4n lukiolaisten opiskeluhyvinvointia, edistet\u00e4\u00e4n jaksamista sek\u00e4 ehk\u00e4ist\u00e4\u00e4n koulu-uupumista.<\/p>\n<p>Hankkeen p\u00e4\u00e4tytty\u00e4 lukioissa on k\u00e4yt\u00f6ss\u00e4 tuen tarpeen varhaisen havaitsemisen ja haitallisten opiskelustrategioiden tunnistamisen toimintamallit sek\u00e4 tuen ja ohjauksen yksil\u00f6- ja ryhm\u00e4muotoiset toimintamallit. Lukiolaiset osallistuvat kehitt\u00e4miseen ideoimalla, antamalla palautetta ja arvioimalla kehitett\u00e4vi\u00e4 tuki- ja ohjausmalleja. Hankkeen tuloksena tukea lukio-opinnoissaan tarvitsevat opiskelijat ohjataan tukitoimiin entist\u00e4 tehokkaammin. Lis\u00e4ksi lukio-opettajien ja opinto-ohjaajien valmiudet tunnistaa tukitarpeita ja vastata niihin erilaisin tukitoimin vahvistuvat.<\/p>\n<p>Lis\u00e4\u00e4 hankkeesta:\u00a0<a href=\"https:\/\/www.koulutustakuu.fi\/erityisestilukiossa\/\">https:\/\/www.koulutustakuu.fi\/erityisestilukiossa\/<\/a><\/p>\n","protected":false},"excerpt":{"rendered":"<p>Hankkeen taustalla on tarve tarjota tukea niille lukio-opiskelijoille, joiden opintojen sujuvaa etenemist\u00e4 vaikeuttavat esimerkiksi oppimisen haasteet, heikot opiskelutaidot tai el\u00e4m\u00e4ntilanteesta &hellip; <\/p>\n","protected":false},"author":1368,"featured_media":0,"parent":126,"menu_order":4,"comment_status":"closed","ping_status":"closed","template":"","meta":{"footnotes":""},"class_list":["post-572","page","type-page","status-publish","hentry"],"_links":{"self":[{"href":"https:\/\/blog.edu.turku.fi\/klassillinen\/wp-json\/wp\/v2\/pages\/572","targetHints":{"allow":["GET"]}}],"collection":[{"href":"https:\/\/blog.edu.turku.fi\/klassillinen\/wp-json\/wp\/v2\/pages"}],"about":[{"href":"https:\/\/blog.edu.turku.fi\/klassillinen\/wp-json\/wp\/v2\/types\/page"}],"author":[{"embeddable":true,"href":"https:\/\/blog.edu.turku.fi\/klassillinen\/wp-json\/wp\/v2\/users\/1368"}],"replies":[{"embeddable":true,"href":"https:\/\/blog.edu.turku.fi\/klassillinen\/wp-json\/wp\/v2\/comments?post=572"}],"version-history":[{"count":3,"href":"https:\/\/blog.edu.turku.fi\/klassillinen\/wp-json\/wp\/v2\/pages\/572\/revisions"}],"predecessor-version":[{"id":1309,"href":"https:\/\/blog.edu.turku.fi\/klassillinen\/wp-json\/wp\/v2\/pages\/572\/revisions\/1309"}],"up":[{"embeddable":true,"href":"https:\/\/blog.edu.turku.fi\/klassillinen\/wp-json\/wp\/v2\/pages\/126"}],"wp:attachment":[{"href":"https:\/\/blog.edu.turku.fi\/klassillinen\/wp-json\/wp\/v2\/media?parent=572"}],"curies":[{"name":"wp","href":"https:\/\/api.w.org\/{rel}","templated":true}]}}