{"id":570,"date":"2019-12-04T13:40:09","date_gmt":"2019-12-04T11:40:09","guid":{"rendered":"https:\/\/blog.edu.turku.fi\/klassillinen\/?page_id=570"},"modified":"2020-01-08T10:21:37","modified_gmt":"2020-01-08T08:21:37","slug":"liikkuva-toinen-aste","status":"publish","type":"page","link":"https:\/\/blog.edu.turku.fi\/klassillinen\/koulun-esittely\/hankkeet\/liikkuva-toinen-aste\/","title":{"rendered":"Liikkuva toinen aste"},"content":{"rendered":"<p>Liikkuva toinen aste -projekti on jatkoa perusopetuksen Liikkuva koulu -toiminnalle, joka oli yksi hallitusohjelman osaamisen ja koulutuksen k\u00e4rkihankkeista. Turun liikkuva toinen aste -projekti pyrkii kehitt\u00e4m\u00e4\u00e4n ratkaisuja toisen asteen opiskelijoiden liikunnallisen el\u00e4m\u00e4ntavan lis\u00e4\u00e4miseksi.<\/p>\n<p>Projektin tavoitteena on toisen asteen opiskelijoiden fyysisen aktiivisuuden lis\u00e4\u00e4minen sek\u00e4 fyysist\u00e4 aktiivisuutta lis\u00e4\u00e4vien opetusmenetelmien, oppimisymp\u00e4rist\u00f6jen ja opiskeluyhteis\u00f6jen kehitt\u00e4minen. Projektissa osallistetaan opiskelijat sek\u00e4 opetus- ja ohjaushenkil\u00f6st\u00f6 kehitt\u00e4m\u00e4\u00e4n yhdess\u00e4 koulutalojen toimintakulttuuria fyysisesti aktiivisemmaksi. Lis\u00e4ksi projektissa pyrit\u00e4\u00e4n lis\u00e4\u00e4m\u00e4\u00e4n opiskelijoiden mahdollisuuksia harrastaa liikuntaa opiskelup\u00e4iv\u00e4n p\u00e4\u00e4tteeksi niin koulutaloilla kuin muissakin liikuntatiloissa. Projektin tuloksena Turun toisen asteen oppilaitoksiin syntyy uusi, liikunnallisempi toimintakulttuuri, joka vahvistaa opiskelijoiden hyvinvointia ja jaksamista.<\/p>\n<p>Turun klassillisessa lukiossa hankkeen puitteissa on tehty jo muutamia hankintoja, mm. p\u00f6yt\u00e4futisp\u00f6yti\u00e4, pingisp\u00f6yt\u00e4, spinningpy\u00f6ri\u00e4 ja soutulaitteita. Lis\u00e4ksi on k\u00e4ynnistetty liikuntatutortoimintaa ja aloitettu liikunta- ja pukuhuonetilojen uusien k\u00e4ytt\u00f6mahdollisuuksien kartoitus.<\/p>\n","protected":false},"excerpt":{"rendered":"<p>Liikkuva toinen aste -projekti on jatkoa perusopetuksen Liikkuva koulu -toiminnalle, joka oli yksi hallitusohjelman osaamisen ja koulutuksen k\u00e4rkihankkeista. Turun liikkuva &hellip; <\/p>\n","protected":false},"author":1368,"featured_media":0,"parent":126,"menu_order":0,"comment_status":"closed","ping_status":"closed","template":"","meta":{"footnotes":""},"class_list":["post-570","page","type-page","status-publish","hentry"],"_links":{"self":[{"href":"https:\/\/blog.edu.turku.fi\/klassillinen\/wp-json\/wp\/v2\/pages\/570","targetHints":{"allow":["GET"]}}],"collection":[{"href":"https:\/\/blog.edu.turku.fi\/klassillinen\/wp-json\/wp\/v2\/pages"}],"about":[{"href":"https:\/\/blog.edu.turku.fi\/klassillinen\/wp-json\/wp\/v2\/types\/page"}],"author":[{"embeddable":true,"href":"https:\/\/blog.edu.turku.fi\/klassillinen\/wp-json\/wp\/v2\/users\/1368"}],"replies":[{"embeddable":true,"href":"https:\/\/blog.edu.turku.fi\/klassillinen\/wp-json\/wp\/v2\/comments?post=570"}],"version-history":[{"count":3,"href":"https:\/\/blog.edu.turku.fi\/klassillinen\/wp-json\/wp\/v2\/pages\/570\/revisions"}],"predecessor-version":[{"id":625,"href":"https:\/\/blog.edu.turku.fi\/klassillinen\/wp-json\/wp\/v2\/pages\/570\/revisions\/625"}],"up":[{"embeddable":true,"href":"https:\/\/blog.edu.turku.fi\/klassillinen\/wp-json\/wp\/v2\/pages\/126"}],"wp:attachment":[{"href":"https:\/\/blog.edu.turku.fi\/klassillinen\/wp-json\/wp\/v2\/media?parent=570"}],"curies":[{"name":"wp","href":"https:\/\/api.w.org\/{rel}","templated":true}]}}