{"id":567,"date":"2019-12-04T13:39:28","date_gmt":"2019-12-04T11:39:28","guid":{"rendered":"https:\/\/blog.edu.turku.fi\/klassillinen\/?page_id=567"},"modified":"2021-02-18T10:19:27","modified_gmt":"2021-02-18T08:19:27","slug":"tase","status":"publish","type":"page","link":"https:\/\/blog.edu.turku.fi\/klassillinen\/koulun-esittely\/hankkeet\/tase\/","title":{"rendered":"TASE"},"content":{"rendered":"<p>Hankkeen loppututoksena saatiin tuotettua matematiikan l\u00e4ht\u00f6tasotesti toisen asteen opinnot aloittaville. Testi nimettiin Origoksi. Origo on ammatillisen koulutuksen, lukiokoulutuksen ja Turun yliopiston yhteisty\u00f6n\u00e4 peruskoulun matematiikan osaamisen tasoa mittaava l\u00e4ht\u00f6tasotesti, joka voidaan toteuttaa sek\u00e4 ammatillisen koulutuksen ett\u00e4 lukiokoulutuksen aloittaville. Testin avulla voidaan a) ohjata opiskelijat tehokkaammin heid\u00e4n osaamistaan vastaamiin opintoihin ja\/tai b) tarjota opiskelijoille heid\u00e4n tarvitsemaansa tukea, ohjausta tai lis\u00e4opintoja oman tavoitteen saavuttamiseksi.<\/p>\n<p>Tavoitteena on, ett\u00e4 analytiikan avulla voidaan tarkemmin kohdentaa opiskelijakohtaisesti opintojen aikainen tuki ja ohjaus entist\u00e4 tehokkaammin. Origo ohjaa itse\u00e4\u00e4n opiskelijoiden vastausten perusteella, eik\u00e4 sen k\u00e4ytt\u00f6 vaadi opiskelijoilta mit\u00e4\u00e4n erityist\u00e4 tietoteknista osaamista. Origo ei my\u00f6sk\u00e4\u00e4n ty\u00f6llist\u00e4 opettajia, sill\u00e4 siit\u00e4 ei kerry opettajalle mit\u00e4\u00e4n korjattavaa. Sen sijaan Origo tarjoaa opettajalle v\u00e4litt\u00f6m\u00e4n palautteen informatiivisia testituloksista.<\/p>\n<p>Origon saa k\u00e4ytt\u00f6\u00f6n, kunhan opettajalla on ViLLE-tunnukset, jotka saa k\u00e4ym\u00e4ll\u00e4 osallistumalla ViLLE-koulutukseen. Lis\u00e4tietoja koulutuksista <a href=\"https:\/\/oppimisanalytiikka.fi\/koulutukset\">t\u00e4st\u00e4<\/a>.<\/p>\n<p>Origoon voit tutusta vaikkapa siit\u00e4 julkaistun mainosvideon kautta! Sitten vaan ViLLE-koulutukseen ja testi k\u00e4ytt\u00f6\u00f6n heti ensi syksyn\u00e4 aloittaville toisen asteen opiskelijoille!<\/p>\n\n<!-- iframe plugin v.6.0 wordpress.org\/plugins\/iframe\/ -->\n<iframe loading=\"lazy\" width=\"1280\" height=\"720\" src=\"https:\/\/www.youtube.com\/embed\/GcuFqcTBFqI\" frameborder=\"0\" allow=\"accelerometer; autoplay; clipboard-write; encrypted-media; gyroscope; picture-in-picture\" 0=\"allowfullscreen\" scrolling=\"yes\" class=\"iframe-class\"><\/iframe>\n\n","protected":false},"excerpt":{"rendered":"<p>Hankkeen loppututoksena saatiin tuotettua matematiikan l\u00e4ht\u00f6tasotesti toisen asteen opinnot aloittaville. Testi nimettiin Origoksi. Origo on ammatillisen koulutuksen, lukiokoulutuksen ja Turun &hellip; <\/p>\n","protected":false},"author":1368,"featured_media":0,"parent":126,"menu_order":2,"comment_status":"closed","ping_status":"closed","template":"","meta":{"footnotes":""},"class_list":["post-567","page","type-page","status-publish","hentry"],"_links":{"self":[{"href":"https:\/\/blog.edu.turku.fi\/klassillinen\/wp-json\/wp\/v2\/pages\/567","targetHints":{"allow":["GET"]}}],"collection":[{"href":"https:\/\/blog.edu.turku.fi\/klassillinen\/wp-json\/wp\/v2\/pages"}],"about":[{"href":"https:\/\/blog.edu.turku.fi\/klassillinen\/wp-json\/wp\/v2\/types\/page"}],"author":[{"embeddable":true,"href":"https:\/\/blog.edu.turku.fi\/klassillinen\/wp-json\/wp\/v2\/users\/1368"}],"replies":[{"embeddable":true,"href":"https:\/\/blog.edu.turku.fi\/klassillinen\/wp-json\/wp\/v2\/comments?post=567"}],"version-history":[{"count":8,"href":"https:\/\/blog.edu.turku.fi\/klassillinen\/wp-json\/wp\/v2\/pages\/567\/revisions"}],"predecessor-version":[{"id":1202,"href":"https:\/\/blog.edu.turku.fi\/klassillinen\/wp-json\/wp\/v2\/pages\/567\/revisions\/1202"}],"up":[{"embeddable":true,"href":"https:\/\/blog.edu.turku.fi\/klassillinen\/wp-json\/wp\/v2\/pages\/126"}],"wp:attachment":[{"href":"https:\/\/blog.edu.turku.fi\/klassillinen\/wp-json\/wp\/v2\/media?parent=567"}],"curies":[{"name":"wp","href":"https:\/\/api.w.org\/{rel}","templated":true}]}}