{"id":56,"date":"2019-09-04T14:57:12","date_gmt":"2019-09-04T11:57:12","guid":{"rendered":"https:\/\/blog.edu.turku.fi\/klassillinen\/?page_id=56"},"modified":"2026-01-29T13:57:49","modified_gmt":"2026-01-29T11:57:49","slug":"hakeminen-ilmaisulinjalle","status":"publish","type":"page","link":"https:\/\/blog.edu.turku.fi\/klassillinen\/hakijalle\/hakeminen-ilmaisulinjalle\/","title":{"rendered":"Hakeminen ilmaisulinjalle"},"content":{"rendered":"<p>Turun klassilliseen lukioon haetaan\u00a0toisen asteen <a href=\"https:\/\/opintopolku.fi\/wp\/fi\/\">Opintopolun<\/a> kautta .<\/p>\n<p>Ilmaisulinjamme linjakoodi on \/0101.<\/p>\n<p>Vuonna 2026 hakuprosessiin kuuluu <strong>etuk<\/strong><strong>\u00e4teisteht\u00e4v\u00e4 ja koululla suoritettava valintakoe<\/strong>. Toimi Opintopolussa ja t\u00e4ss\u00e4 annetun ohjeen mukaan.<\/p>\n<p>Etuk\u00e4teisteht\u00e4v\u00e4 tulee palauttaa <strong>s\u00e4hk\u00f6postitse viimeist\u00e4\u00e4n 9.4.2026<\/strong> osoitteeseen<strong> illihaku2026@gmail.com<\/strong>. My\u00f6h\u00e4ss\u00e4 palautettuja etuk\u00e4teisteht\u00e4vi\u00e4 ei huomioida. Katso etuk\u00e4teisteht\u00e4v\u00e4 ja ajankohtaiset ohjeet valikon kohdasta <a href=\"https:\/\/blog.edu.turku.fi\/klassillinen\/hakijalle\/hakeminen-ilmaisulinjalle\/etukateistehtava\/\">Valintakoeteht\u00e4v\u00e4t<\/a>.<\/p>\n<p class=\"EditorTheme__paragraph\">Koululla suoritettava valintakoe pidet\u00e4\u00e4n kaikille ilmaisulinjalle hakeville (my\u00f6s muille kuin 1. sijalla hakeville) osoitteessa Turun klassillinen lukio Eskelinkatu 4, <strong>ke 15.4.2026 klo 9.15 \u2013 11.45<\/strong>. Ilmoittautuminen alkaa klo 8.45. Ota mukaasi lyijykyn\u00e4 ja pyyhekumi.<\/p>\n<p class=\"EditorTheme__paragraph\">Jos et p\u00e4\u00e4se esimerkiksi leirikoulun takia osallistumaan valintakokeeseen, ota ennen koep\u00e4iv\u00e4\u00e4 yhteys apulaisrehtoriin.<\/p>\n<p>Ota mukaasi lyijykyn\u00e4 ja pyyhekumi.<\/p>\n<p>Valintakokeeseen ei tarvitse ilmoittautua. Teht\u00e4v\u00e4 mittaa hakijan soveltuvuutta lukio-opiskeluun ja h\u00e4nen ajattelunsa kypsyytt\u00e4, jota vaaditaan ilmaisun ja opintojen yhdist\u00e4misess\u00e4.<\/p>\n<p>Jos et p\u00e4\u00e4se esimerkiksi leirikoulun takia osallistumaan valintakokeeseen, ota ennen koep\u00e4iv\u00e4\u00e4 yhteys apulaisrehtoriin tai ilmaisulinjan koordinaattoriin.<\/p>\n<p>&nbsp;<\/p>\n\n<!-- iframe plugin v.6.0 wordpress.org\/plugins\/iframe\/ -->\n<iframe loading=\"lazy\" width=\"560\" height=\"315\" src=\"https:\/\/www.youtube.com\/embed\/fNEg5t-YH4o\" frameborder=\"0\" allow=\"accelerometer; autoplay; encrypted-media; gyroscope; picture-in-picture\" 0=\"allowfullscreen\" scrolling=\"yes\" class=\"iframe-class\"><\/iframe>\n\n<p>&nbsp;<\/p>\n","protected":false},"excerpt":{"rendered":"<p>Turun klassilliseen lukioon haetaan\u00a0toisen asteen Opintopolun kautta . Ilmaisulinjamme linjakoodi on \/0101. Vuonna 2026 hakuprosessiin kuuluu etuk\u00e4teisteht\u00e4v\u00e4 ja koululla suoritettava &hellip; <\/p>\n","protected":false},"author":1368,"featured_media":0,"parent":7,"menu_order":4,"comment_status":"closed","ping_status":"closed","template":"","meta":{"footnotes":""},"class_list":["post-56","page","type-page","status-publish","hentry"],"_links":{"self":[{"href":"https:\/\/blog.edu.turku.fi\/klassillinen\/wp-json\/wp\/v2\/pages\/56","targetHints":{"allow":["GET"]}}],"collection":[{"href":"https:\/\/blog.edu.turku.fi\/klassillinen\/wp-json\/wp\/v2\/pages"}],"about":[{"href":"https:\/\/blog.edu.turku.fi\/klassillinen\/wp-json\/wp\/v2\/types\/page"}],"author":[{"embeddable":true,"href":"https:\/\/blog.edu.turku.fi\/klassillinen\/wp-json\/wp\/v2\/users\/1368"}],"replies":[{"embeddable":true,"href":"https:\/\/blog.edu.turku.fi\/klassillinen\/wp-json\/wp\/v2\/comments?post=56"}],"version-history":[{"count":39,"href":"https:\/\/blog.edu.turku.fi\/klassillinen\/wp-json\/wp\/v2\/pages\/56\/revisions"}],"predecessor-version":[{"id":1953,"href":"https:\/\/blog.edu.turku.fi\/klassillinen\/wp-json\/wp\/v2\/pages\/56\/revisions\/1953"}],"up":[{"embeddable":true,"href":"https:\/\/blog.edu.turku.fi\/klassillinen\/wp-json\/wp\/v2\/pages\/7"}],"wp:attachment":[{"href":"https:\/\/blog.edu.turku.fi\/klassillinen\/wp-json\/wp\/v2\/media?parent=56"}],"curies":[{"name":"wp","href":"https:\/\/api.w.org\/{rel}","templated":true}]}}