{"id":54,"date":"2019-09-04T14:56:49","date_gmt":"2019-09-04T11:56:49","guid":{"rendered":"https:\/\/blog.edu.turku.fi\/klassillinen\/?page_id=54"},"modified":"2025-08-27T13:19:39","modified_gmt":"2025-08-27T10:19:39","slug":"hakeminen-yleislinjalle","status":"publish","type":"page","link":"https:\/\/blog.edu.turku.fi\/klassillinen\/hakijalle\/hakeminen-yleislinjalle\/","title":{"rendered":"Hakeminen yleislinjalle"},"content":{"rendered":"<h2 data-relation=\"index\">Turun klassillisen lukion esittelyilta keskiviikkona 14.1.2026 klo 18.00 alkaen toisen kerroksen aulassa ja jatkuen salissa klo 18.30.<\/h2>\n<p>Toisen kerroksen aulassa on tapahtumaa ja opettajia sek\u00e4 opiskelijoita tavattavissa klo 18 alkaen.<br \/>\nTurun klassilliseen lukioon haetaan lukiokoulutuksen yhteisvalintaj\u00e4rjestelm\u00e4n kautta (ks. Koulutusopas peruskoulun j\u00e4lkeiseen koulutukseen tai kysy opoltasi). Hakuaika on kev\u00e4\u00e4ll\u00e4 2026 helmi-maaliskuussa. Tarkempi ajankohta ilmoitetaan my\u00f6hemmin.<\/p>\n<p>&nbsp;<\/p>\n","protected":false},"excerpt":{"rendered":"<p>Turun klassillisen lukion esittelyilta keskiviikkona 14.1.2026 klo 18.00 alkaen toisen kerroksen aulassa ja jatkuen salissa klo 18.30. Toisen kerroksen aulassa &hellip; <\/p>\n","protected":false},"author":1368,"featured_media":0,"parent":7,"menu_order":3,"comment_status":"closed","ping_status":"closed","template":"","meta":{"footnotes":""},"class_list":["post-54","page","type-page","status-publish","hentry"],"_links":{"self":[{"href":"https:\/\/blog.edu.turku.fi\/klassillinen\/wp-json\/wp\/v2\/pages\/54","targetHints":{"allow":["GET"]}}],"collection":[{"href":"https:\/\/blog.edu.turku.fi\/klassillinen\/wp-json\/wp\/v2\/pages"}],"about":[{"href":"https:\/\/blog.edu.turku.fi\/klassillinen\/wp-json\/wp\/v2\/types\/page"}],"author":[{"embeddable":true,"href":"https:\/\/blog.edu.turku.fi\/klassillinen\/wp-json\/wp\/v2\/users\/1368"}],"replies":[{"embeddable":true,"href":"https:\/\/blog.edu.turku.fi\/klassillinen\/wp-json\/wp\/v2\/comments?post=54"}],"version-history":[{"count":18,"href":"https:\/\/blog.edu.turku.fi\/klassillinen\/wp-json\/wp\/v2\/pages\/54\/revisions"}],"predecessor-version":[{"id":1872,"href":"https:\/\/blog.edu.turku.fi\/klassillinen\/wp-json\/wp\/v2\/pages\/54\/revisions\/1872"}],"up":[{"embeddable":true,"href":"https:\/\/blog.edu.turku.fi\/klassillinen\/wp-json\/wp\/v2\/pages\/7"}],"wp:attachment":[{"href":"https:\/\/blog.edu.turku.fi\/klassillinen\/wp-json\/wp\/v2\/media?parent=54"}],"curies":[{"name":"wp","href":"https:\/\/api.w.org\/{rel}","templated":true}]}}