{"id":537,"date":"2019-12-03T12:18:02","date_gmt":"2019-12-03T10:18:02","guid":{"rendered":"https:\/\/blog.edu.turku.fi\/klassillinen\/?page_id=537"},"modified":"2025-09-04T15:26:24","modified_gmt":"2025-09-04T12:26:24","slug":"lukiokohtainen-opiskeluhuoltoryhma-lor","status":"publish","type":"page","link":"https:\/\/blog.edu.turku.fi\/klassillinen\/huoltajalle\/lukiokohtainen-opiskeluhuoltoryhma-lor\/","title":{"rendered":"Lukiokohtainen monialainen opiskeluhuoltoryhm\u00e4 (LUMO)"},"content":{"rendered":"<p>Oppilaitoskohtaisen opiskeluhuoltoryhm\u00e4n teht\u00e4v\u00e4n\u00e4 on vastata oppilaitoksen opiskeluhuollon suunnittelusta, kehitt\u00e4misest\u00e4, toteuttamisesta ja arvioinnista. Ryhm\u00e4n keskeinen teht\u00e4v\u00e4 on oppilaitosyhteis\u00f6n terveellisyyden, hyvinvoinnin ja turvallisuuden edist\u00e4minen sek\u00e4 muun yhteis\u00f6llisen opiskeluhuollon toteuttaminen ja kehitt\u00e4minen. Ryhm\u00e4 kokoontuu kahdesti vuodessa, syyskuussa ja toukokuussa.<\/p>\n<p>Ryhm\u00e4\u00e4n koordinoi apulaisrehtori ja siihen kuuluu h\u00e4nen lis\u00e4kseen opettajaj\u00e4seni\u00e4, opinto-ohjaajia, 2 opiskelijaj\u00e4sent\u00e4, kouluterveydenhoitaja, kuraattori, opintopsykologi, erityisopettaja ja huoltajaj\u00e4seni\u00e4.<\/p>\n<p>Mik\u00e4li olet kiinnostunut huoltajaj\u00e4senyydest\u00e4, ota yhteytt\u00e4 apulaisrehtoriin: taru.salakka@edu.turku.fi.<\/p>\n","protected":false},"excerpt":{"rendered":"<p>Oppilaitoskohtaisen opiskeluhuoltoryhm\u00e4n teht\u00e4v\u00e4n\u00e4 on vastata oppilaitoksen opiskeluhuollon suunnittelusta, kehitt\u00e4misest\u00e4, toteuttamisesta ja arvioinnista. Ryhm\u00e4n keskeinen teht\u00e4v\u00e4 on oppilaitosyhteis\u00f6n terveellisyyden, hyvinvoinnin ja &hellip; <\/p>\n","protected":false},"author":1368,"featured_media":0,"parent":106,"menu_order":2,"comment_status":"closed","ping_status":"closed","template":"","meta":{"footnotes":""},"class_list":["post-537","page","type-page","status-publish","hentry"],"_links":{"self":[{"href":"https:\/\/blog.edu.turku.fi\/klassillinen\/wp-json\/wp\/v2\/pages\/537","targetHints":{"allow":["GET"]}}],"collection":[{"href":"https:\/\/blog.edu.turku.fi\/klassillinen\/wp-json\/wp\/v2\/pages"}],"about":[{"href":"https:\/\/blog.edu.turku.fi\/klassillinen\/wp-json\/wp\/v2\/types\/page"}],"author":[{"embeddable":true,"href":"https:\/\/blog.edu.turku.fi\/klassillinen\/wp-json\/wp\/v2\/users\/1368"}],"replies":[{"embeddable":true,"href":"https:\/\/blog.edu.turku.fi\/klassillinen\/wp-json\/wp\/v2\/comments?post=537"}],"version-history":[{"count":9,"href":"https:\/\/blog.edu.turku.fi\/klassillinen\/wp-json\/wp\/v2\/pages\/537\/revisions"}],"predecessor-version":[{"id":1883,"href":"https:\/\/blog.edu.turku.fi\/klassillinen\/wp-json\/wp\/v2\/pages\/537\/revisions\/1883"}],"up":[{"embeddable":true,"href":"https:\/\/blog.edu.turku.fi\/klassillinen\/wp-json\/wp\/v2\/pages\/106"}],"wp:attachment":[{"href":"https:\/\/blog.edu.turku.fi\/klassillinen\/wp-json\/wp\/v2\/media?parent=537"}],"curies":[{"name":"wp","href":"https:\/\/api.w.org\/{rel}","templated":true}]}}