{"id":477,"date":"2019-11-04T14:07:29","date_gmt":"2019-11-04T12:07:29","guid":{"rendered":"https:\/\/blog.edu.turku.fi\/klassillinen\/?page_id=477"},"modified":"2021-09-15T14:28:39","modified_gmt":"2021-09-15T11:28:39","slug":"steam-kurssit","status":"publish","type":"page","link":"https:\/\/blog.edu.turku.fi\/klassillinen\/koulun-esittely\/hankkeet\/steam-kurssit\/","title":{"rendered":"STEAM-kurssit"},"content":{"rendered":"<div class=\"entry-content\">\n<p>STEAM Turku on Turun kaupungin sivistystoimialan varhaiskasvatuksen, perusopetuksen ja toisen asteen yhdist\u00e4v\u00e4 tiede- ja teknologiapolku. STEAM on suora v\u00e4yl\u00e4 jatko-opintoihin ja Turun teknologiakampukselle, ja se vahvistaa ja verkottaa osaamista yhteisty\u00f6kouluihin koko Lounais-Suomen laajuudelta.<\/p>\n<p>STEAM-hankkeen alla tarjotaan Turun lukiolaisille yhteisi\u00e4 kursseja, jotka vaihtelevat vuosittain. Tarjontaan voi tutustua <a href=\"https:\/\/www.turku.fi\/steam-turku\/steamit-ideoita-kaikille-asteille\/steam-lukiokurssit\">STEAMin sivuilla<\/a>.<\/p>\n<\/div>\n","protected":false},"excerpt":{"rendered":"<p>STEAM Turku on Turun kaupungin sivistystoimialan varhaiskasvatuksen, perusopetuksen ja toisen asteen yhdist\u00e4v\u00e4 tiede- ja teknologiapolku. STEAM on suora v\u00e4yl\u00e4 jatko-opintoihin &hellip; <\/p>\n","protected":false},"author":1368,"featured_media":0,"parent":126,"menu_order":4,"comment_status":"closed","ping_status":"closed","template":"","meta":{"footnotes":""},"class_list":["post-477","page","type-page","status-publish","hentry"],"_links":{"self":[{"href":"https:\/\/blog.edu.turku.fi\/klassillinen\/wp-json\/wp\/v2\/pages\/477","targetHints":{"allow":["GET"]}}],"collection":[{"href":"https:\/\/blog.edu.turku.fi\/klassillinen\/wp-json\/wp\/v2\/pages"}],"about":[{"href":"https:\/\/blog.edu.turku.fi\/klassillinen\/wp-json\/wp\/v2\/types\/page"}],"author":[{"embeddable":true,"href":"https:\/\/blog.edu.turku.fi\/klassillinen\/wp-json\/wp\/v2\/users\/1368"}],"replies":[{"embeddable":true,"href":"https:\/\/blog.edu.turku.fi\/klassillinen\/wp-json\/wp\/v2\/comments?post=477"}],"version-history":[{"count":6,"href":"https:\/\/blog.edu.turku.fi\/klassillinen\/wp-json\/wp\/v2\/pages\/477\/revisions"}],"predecessor-version":[{"id":1297,"href":"https:\/\/blog.edu.turku.fi\/klassillinen\/wp-json\/wp\/v2\/pages\/477\/revisions\/1297"}],"up":[{"embeddable":true,"href":"https:\/\/blog.edu.turku.fi\/klassillinen\/wp-json\/wp\/v2\/pages\/126"}],"wp:attachment":[{"href":"https:\/\/blog.edu.turku.fi\/klassillinen\/wp-json\/wp\/v2\/media?parent=477"}],"curies":[{"name":"wp","href":"https:\/\/api.w.org\/{rel}","templated":true}]}}