{"id":475,"date":"2019-11-04T14:06:32","date_gmt":"2019-11-04T12:06:32","guid":{"rendered":"https:\/\/blog.edu.turku.fi\/klassillinen\/?page_id=475"},"modified":"2020-05-05T13:20:27","modified_gmt":"2020-05-05T10:20:27","slug":"ohjeita-sahkoiseen-opiskeluun","status":"publish","type":"page","link":"https:\/\/blog.edu.turku.fi\/klassillinen\/opiskelijalle\/opiskelu\/ohjeita-sahkoiseen-opiskeluun\/","title":{"rendered":"Ohjeita s\u00e4hk\u00f6iseen opiskeluun"},"content":{"rendered":"<h3><strong>Video-ohjeita Abittiin<\/strong><\/h3>\n<p><a href=\"https:\/\/youtu.be\/4ds30toQK00\">Abitti: kuvan muokkaaminen GIMPin avulla<\/a><\/p>\n<p><a href=\"https:\/\/youtu.be\/jCLcuvwdvDk\">Abitti: kuvan tuominen ohjelmaan leikep\u00f6yd\u00e4lt\u00e4<\/a><\/p>\n<p><a href=\"https:\/\/youtu.be\/NXEGKY_T6gc\">Abitti: kuvan muokkaaminen PINTAn avulla<\/a><\/p>\n<p><a href=\"https:\/\/youtu.be\/lGN6NEUGWoM\">Abitti: Kuvan tallentaminen ty\u00f6p\u00f6yd\u00e4lle (GIMP ja PINTA)<\/a><\/p>\n<p><a href=\"https:\/\/edumailturku-my.sharepoint.com\/personal\/malsi_edu_turku_fi\/_layouts\/15\/guestaccess.aspx?guestaccesstoken=1rqYjKlGhhNVqM4HkWE6nNiBcmlNZF5vQntnMDRMV3Q%3d&amp;docid=0391e1e9eef784ff289e60ef60830e6ae&amp;rev=1\">Abitti: Ohje Abitti-tikun tekemiseen<\/a><\/p>\n<h3>Muita ohjeita<\/h3>\n<p><a href=\"https:\/\/blog.edu.turku.fi\/klassillinen\/files\/2020\/05\/minttu-tikku-uusi-ohje.pdf\">Koneen k\u00e4ynnist\u00e4minen MINT-tikulla<\/a> (PDF, 705 kt)<\/p>\n","protected":false},"excerpt":{"rendered":"<p>Video-ohjeita Abittiin Abitti: kuvan muokkaaminen GIMPin avulla Abitti: kuvan tuominen ohjelmaan leikep\u00f6yd\u00e4lt\u00e4 Abitti: kuvan muokkaaminen PINTAn avulla Abitti: Kuvan tallentaminen &hellip; <\/p>\n","protected":false},"author":1368,"featured_media":0,"parent":79,"menu_order":2,"comment_status":"closed","ping_status":"closed","template":"","meta":{"footnotes":""},"class_list":["post-475","page","type-page","status-publish","hentry"],"_links":{"self":[{"href":"https:\/\/blog.edu.turku.fi\/klassillinen\/wp-json\/wp\/v2\/pages\/475","targetHints":{"allow":["GET"]}}],"collection":[{"href":"https:\/\/blog.edu.turku.fi\/klassillinen\/wp-json\/wp\/v2\/pages"}],"about":[{"href":"https:\/\/blog.edu.turku.fi\/klassillinen\/wp-json\/wp\/v2\/types\/page"}],"author":[{"embeddable":true,"href":"https:\/\/blog.edu.turku.fi\/klassillinen\/wp-json\/wp\/v2\/users\/1368"}],"replies":[{"embeddable":true,"href":"https:\/\/blog.edu.turku.fi\/klassillinen\/wp-json\/wp\/v2\/comments?post=475"}],"version-history":[{"count":4,"href":"https:\/\/blog.edu.turku.fi\/klassillinen\/wp-json\/wp\/v2\/pages\/475\/revisions"}],"predecessor-version":[{"id":906,"href":"https:\/\/blog.edu.turku.fi\/klassillinen\/wp-json\/wp\/v2\/pages\/475\/revisions\/906"}],"up":[{"embeddable":true,"href":"https:\/\/blog.edu.turku.fi\/klassillinen\/wp-json\/wp\/v2\/pages\/79"}],"wp:attachment":[{"href":"https:\/\/blog.edu.turku.fi\/klassillinen\/wp-json\/wp\/v2\/media?parent=475"}],"curies":[{"name":"wp","href":"https:\/\/api.w.org\/{rel}","templated":true}]}}