{"id":444,"date":"2019-10-21T14:02:34","date_gmt":"2019-10-21T11:02:34","guid":{"rendered":"https:\/\/blog.edu.turku.fi\/klassillinen\/?page_id=444"},"modified":"2021-09-15T14:40:29","modified_gmt":"2021-09-15T11:40:29","slug":"yliopistojen-ja-korkeakoulujen-kurkistuskurssit","status":"publish","type":"page","link":"https:\/\/blog.edu.turku.fi\/klassillinen\/opiskelijalle\/opiskelu\/yliopistojen-ja-korkeakoulujen-kurkistuskurssit\/","title":{"rendered":"Yliopistojen ja korkeakoulujen kurkistuskurssit"},"content":{"rendered":"<p>Alta l\u00f6ytyy linkit Turun yliopiston, Turun ammattikorkeakoulun sek\u00e4 Humanistisen ammattikorkeakoulun kurkistuskurssitarjontaan.<\/p>\n<p>Mik\u00e4li haluat osallistua kurkistuskursseille, tutustu tarjontaan, ilmoittaudu ohjeiden mukaisesti ja mene my\u00f6s paikalle. Luennon j\u00e4lkeen t\u00e4yt\u00e4 <a href=\"https:\/\/forms.office.com\/Pages\/ResponsePage.aspx?id=A3yf5VlXsEavJ3rc4HcBgTXMhimnSEtGu3r_wDE8YgZUNFNVNjVSMTNNNUpUTkU5SEMwTkRPWUw2Qy4u\">arviointilomake<\/a>.<\/p>\n<p>Jos haluat kurkistuskursseista lukion kurssisuorituksen, niit\u00e4 tulee k\u00e4yd\u00e4 yhteens\u00e4 10 kpl lukio-opiskelusi aikana ja jokaisesta luennosta tulee t\u00e4ytt\u00e4\u00e4 arviointilomake.<\/p>\n<ul>\n<li>Turun yliopiston kurkistuskurssien tarjonta: <a href=\"https:\/\/www.utu.fi\/fi\/opiskelijaksi\/tutustu-yliopistoon\">https:\/\/www.utu.fi\/fi\/opiskelijaksi\/tutustu-yliopistoon<\/a><\/li>\n<li>Turun Ammattikorkeakoulun kurkistuskurssien tarjonta: <a href=\"https:\/\/www.turkuamk.fi\/fi\/tutkinnot-ja-opiskelu\/avoin-amk\/toinenaste\/\">https:\/\/www.turkuamk.fi\/fi\/tutkinnot-ja-opiskelu\/avoin-amk\/toinenaste\/<\/a><\/li>\n<li>Diakin <a href=\"https:\/\/www.diak.fi\/2021\/09\/10\/osallistu-amk-opintojen-ilmaisille-orientaatiokursseille\/\">kurkistuskurssit<\/a> ammattikorkeakouluopintoihin<\/li>\n<li>Humanistisen ammattikorkeakoulu HUMAKin <a href=\"https:\/\/kauppa.humak.fi\/avoin-amk\/kurkistuskurssit\/\">kurkistuskurssit<\/a>.<\/li>\n<\/ul>\n","protected":false},"excerpt":{"rendered":"<p>Alta l\u00f6ytyy linkit Turun yliopiston, Turun ammattikorkeakoulun sek\u00e4 Humanistisen ammattikorkeakoulun kurkistuskurssitarjontaan. Mik\u00e4li haluat osallistua kurkistuskursseille, tutustu tarjontaan, ilmoittaudu ohjeiden mukaisesti &hellip; <\/p>\n","protected":false},"author":1368,"featured_media":0,"parent":79,"menu_order":4,"comment_status":"closed","ping_status":"closed","template":"","meta":{"footnotes":""},"class_list":["post-444","page","type-page","status-publish","hentry"],"_links":{"self":[{"href":"https:\/\/blog.edu.turku.fi\/klassillinen\/wp-json\/wp\/v2\/pages\/444","targetHints":{"allow":["GET"]}}],"collection":[{"href":"https:\/\/blog.edu.turku.fi\/klassillinen\/wp-json\/wp\/v2\/pages"}],"about":[{"href":"https:\/\/blog.edu.turku.fi\/klassillinen\/wp-json\/wp\/v2\/types\/page"}],"author":[{"embeddable":true,"href":"https:\/\/blog.edu.turku.fi\/klassillinen\/wp-json\/wp\/v2\/users\/1368"}],"replies":[{"embeddable":true,"href":"https:\/\/blog.edu.turku.fi\/klassillinen\/wp-json\/wp\/v2\/comments?post=444"}],"version-history":[{"count":11,"href":"https:\/\/blog.edu.turku.fi\/klassillinen\/wp-json\/wp\/v2\/pages\/444\/revisions"}],"predecessor-version":[{"id":1300,"href":"https:\/\/blog.edu.turku.fi\/klassillinen\/wp-json\/wp\/v2\/pages\/444\/revisions\/1300"}],"up":[{"embeddable":true,"href":"https:\/\/blog.edu.turku.fi\/klassillinen\/wp-json\/wp\/v2\/pages\/79"}],"wp:attachment":[{"href":"https:\/\/blog.edu.turku.fi\/klassillinen\/wp-json\/wp\/v2\/media?parent=444"}],"curies":[{"name":"wp","href":"https:\/\/api.w.org\/{rel}","templated":true}]}}