{"id":269,"date":"2019-09-19T10:45:29","date_gmt":"2019-09-19T07:45:29","guid":{"rendered":"https:\/\/blog.edu.turku.fi\/klassillinen\/?page_id=269"},"modified":"2024-06-12T14:12:14","modified_gmt":"2024-06-12T11:12:14","slug":"musiikki","status":"publish","type":"page","link":"https:\/\/blog.edu.turku.fi\/klassillinen\/ilmaisulinja\/musiikki\/","title":{"rendered":"Musiikki"},"content":{"rendered":"<p>Ilmaisulinjan opinnoiksi voit lukea my\u00f6s musiikin koulukohtaisia opintojaksoja (MU7-12). Opintojaksoja on kuorosta ja b\u00e4ndist\u00e4 aina erilaisiin musiikkiprojekteihin.<\/p>\n<p>T\u00e4n\u00e4 lukuvuonna tarjoamme seuraavia musiikin koulukohtaisia opintojaksoja.<\/p>\n<p><strong>MU7-9 Kuoro ja yhteismusisointi<\/strong><\/p>\n<p>Opintojakso on tarkoitettu kaikille laulamisesta kiinnostuneille opiskelijoille vuositasosta riippumatta ja se j\u00e4rjestet\u00e4\u00e4n hajautetusti.\u00a0 Opintojaksolla kehitet\u00e4\u00e4n monipuolisesti omaa \u00e4\u00e4nenk\u00e4ytt\u00f6\u00e4 osana ryhm\u00e4\u00e4. Tavoitteena on tuoda ohjelmaa koulun tapahtumiin ja kehitt\u00e4\u00e4 opiskelijaa esiintyj\u00e4n\u00e4.<\/p>\n<p><strong>MU10-12<\/strong>\u00a0<strong>B\u00e4ndi<\/strong><\/p>\n<p>Opintojakso on tarkoitettu kaikille b\u00e4ndiss\u00e4 soittamisesta ja laulamisesta kiinnostuneille musikanteille vuositasosta riippumatta ja se j\u00e4rjestet\u00e4\u00e4n hajautetusti. Opintojaksolla syvennet\u00e4\u00e4n omia soittotaitoja jaopetellaan toimimaan osana b\u00e4ndi\u00e4. Opintojakson tavoitteena on tuoda ohjelmaa koulun tapahtumiin ja kehitt\u00e4\u00e4 opiskelijaa esiintyj\u00e4n\u00e4.<\/p>\n<p><strong>MU05 Kuule ja ymm\u00e4rr\u00e4 musiikkia<\/strong><\/p>\n<p>Tavoitteena on oppia analysoimaan kuulemaansa sek\u00e4 ymm\u00e4rt\u00e4m\u00e4\u00e4n musiikin eri tyylilajien moniulotteisuutta.<\/p>\n<h4><strong>MU06 Luova musiikki<\/strong><\/h4>\n<p>Tavoitteena on syvent\u00e4\u00e4 musiikillista ilmaisua prosessissa, jossa opiskelija soveltaa ja kehitt\u00e4\u00e4 ilmaisullista osaamistaan omista l\u00e4ht\u00f6kohdistaan k\u00e4sin ja l\u00f6yt\u00e4\u00e4 omat vahvuutensa. Keskeist\u00e4 on opiskelijan oma oppimisprosessi, muiden huomioonottaminen ja rohkeus toimia ryhm\u00e4ss\u00e4.<\/p>\n<h4>MULD6 Musiikin lukiodiplomi<\/h4>\n<p>Tavoitteena on, ett\u00e4 opiskelija antaa lukioaikanaan n\u00e4yt\u00f6n musiikillisesta erityisosaamisestaan ja erityisest\u00e4 harrastuneisuudestaan musiikissa. Opiskelija osoittaa musiikillista osaamistaan ja harrastuneisuuttaan valmistamalla musiikin taidollista ja tiedollista hallintaa osoittavan projektin tai kokoamalla n\u00e4ytesalkun lukioaikaisista musiikkiopinnoistaan ja toiminnastaan. Musiikin lukiodiplomin voi toteuttaa joko yksin tai ryhm\u00e4n j\u00e4senen\u00e4. Opintojakson keskeiset sis\u00e4ll\u00f6t perustuvat musiikin lukiodiplomin erilaisiin toteutustapoihin ja osa-alueisiin. Musiikin lukiodiplomi muodostuu nelj\u00e4st\u00e4 osasta, jotka ovat opiskelijan musiikillinen omael\u00e4m\u00e4kerta, musiikkiprojekti tai musiikillinen n\u00e4ytesalkku, yhteenveto ja arvioitsijoiden lausunto.<\/p>\n","protected":false},"excerpt":{"rendered":"<p>Ilmaisulinjan opinnoiksi voit lukea my\u00f6s musiikin koulukohtaisia opintojaksoja (MU7-12). Opintojaksoja on kuorosta ja b\u00e4ndist\u00e4 aina erilaisiin musiikkiprojekteihin. T\u00e4n\u00e4 lukuvuonna tarjoamme &hellip; <\/p>\n","protected":false},"author":1368,"featured_media":0,"parent":129,"menu_order":6,"comment_status":"closed","ping_status":"closed","template":"","meta":{"footnotes":""},"class_list":["post-269","page","type-page","status-publish","hentry"],"_links":{"self":[{"href":"https:\/\/blog.edu.turku.fi\/klassillinen\/wp-json\/wp\/v2\/pages\/269","targetHints":{"allow":["GET"]}}],"collection":[{"href":"https:\/\/blog.edu.turku.fi\/klassillinen\/wp-json\/wp\/v2\/pages"}],"about":[{"href":"https:\/\/blog.edu.turku.fi\/klassillinen\/wp-json\/wp\/v2\/types\/page"}],"author":[{"embeddable":true,"href":"https:\/\/blog.edu.turku.fi\/klassillinen\/wp-json\/wp\/v2\/users\/1368"}],"replies":[{"embeddable":true,"href":"https:\/\/blog.edu.turku.fi\/klassillinen\/wp-json\/wp\/v2\/comments?post=269"}],"version-history":[{"count":17,"href":"https:\/\/blog.edu.turku.fi\/klassillinen\/wp-json\/wp\/v2\/pages\/269\/revisions"}],"predecessor-version":[{"id":1713,"href":"https:\/\/blog.edu.turku.fi\/klassillinen\/wp-json\/wp\/v2\/pages\/269\/revisions\/1713"}],"up":[{"embeddable":true,"href":"https:\/\/blog.edu.turku.fi\/klassillinen\/wp-json\/wp\/v2\/pages\/129"}],"wp:attachment":[{"href":"https:\/\/blog.edu.turku.fi\/klassillinen\/wp-json\/wp\/v2\/media?parent=269"}],"curies":[{"name":"wp","href":"https:\/\/api.w.org\/{rel}","templated":true}]}}