{"id":266,"date":"2019-09-19T10:44:42","date_gmt":"2019-09-19T07:44:42","guid":{"rendered":"https:\/\/blog.edu.turku.fi\/klassillinen\/?page_id=266"},"modified":"2021-12-15T11:40:00","modified_gmt":"2021-12-15T09:40:00","slug":"kuvataide","status":"publish","type":"page","link":"https:\/\/blog.edu.turku.fi\/klassillinen\/ilmaisulinja\/kuvataide\/","title":{"rendered":"Kuvataide"},"content":{"rendered":"<p>Ilmaisulinjan opinnoiksi voit lukea my\u00f6s kuvataiteen koulukohtaisia opintojaksoja. Opintojaksoja on nykytaiteesta oman n\u00e4yttelyn toteutukseen.<\/p>\n<p>T\u00e4n\u00e4 lukuvuonna tarjoamme seuraavia kuvataiteen opintojaksoja.<\/p>\n<h4><strong>KU05 Nykytaiteen ty\u00f6paja<\/strong><\/h4>\n<p>Tutustutaan nykytaiteeseen ja sen taustalla vaikuttaviin ilmi\u00f6ihin ja erilaisiin taidek\u00e4sityksiin. Tutustutaan visuaalisiin alakulttuureihin ja nykytaiteen ja kulttuurien v\u00e4liseen vuorovaikutukseen. Opintojaksolla voidaan toteuttaa taiteiden v\u00e4lisi\u00e4 projekteja koulussa tai koulun ulkopuolella, mutta kuitenkin opiskelija toteuttaa oman taiteellisen produktion. Tutustutaan visuaalisiin ammatteihin ja taidealan organisaatioihin yhteiskunnassa.<\/p>\n<h4><strong>KU06 PiMa -kurssi<\/strong><\/h4>\n<p><strong>\u00a0<\/strong>K\u00e4yd\u00e4\u00e4n l\u00e4pi yleisimm\u00e4t piirustus- ja maalaustekniikat, sekatekniikat, sommittelu, v\u00e4ri, muoto ja tila taideteoksessa ja\u00a0 kolmiulotteisuus.<\/p>\n<h4><strong>KU07 Mun taide -kurssi<\/strong><\/h4>\n<p>Opiskelija tekee sarjan teoksia valitsemillaan tekniikoilla yksin tai ryhm\u00e4ss\u00e4. Oppilas tai ryhm\u00e4 hankkii n\u00e4yttelytilan (opettajan avustuksella), kokoaa ja pystytt\u00e4\u00e4 n\u00e4yttelyn, suunnittelee ja toteuttaa n\u00e4yttelykutsut, -luettelot ja muut n\u00e4yttelyyn tarvittavat asiat.<\/p>\n<h4><strong>KULD2 Kuvataiteen lukiodiplomi<br \/>\n<\/strong><\/h4>\n<p>Tavoitteena on, ett\u00e4 opiskelija antaa erityisen n\u00e4yt\u00f6n lukioaikaisesta osaamisestaan ja harrastuneisuudestaan kuvataiteessa. Kuvataiteen lukiodiplomin tavoitteena on, ett\u00e4 opiskelija osoittaa kuvataiteen ja muun visuaalisen kulttuurin laaja-alaista osaamistaan tuottamalla, tulkitsemalla ja arvottamalla monipuolisesti erilaisia kuvia. Opintojakson keskeiset sis\u00e4ll\u00f6t perustuvat opiskelijan lukiodiplomille asettamiin tavoitteisiin sek\u00e4 h\u00e4nen valitsemaansa teht\u00e4v\u00e4\u00e4n, n\u00e4k\u00f6kulmaan ja toteutustapaan. Kuvataiteen lukiodiplomi muodostuu teoksesta sek\u00e4 ty\u00f6skentelyprosessia, itsearviointia ja kuvataiteen tuntemusta kuvaavasta portfoliosta.<\/p>\n","protected":false},"excerpt":{"rendered":"<p>Ilmaisulinjan opinnoiksi voit lukea my\u00f6s kuvataiteen koulukohtaisia opintojaksoja. Opintojaksoja on nykytaiteesta oman n\u00e4yttelyn toteutukseen. T\u00e4n\u00e4 lukuvuonna tarjoamme seuraavia kuvataiteen opintojaksoja. &hellip; <\/p>\n","protected":false},"author":1368,"featured_media":0,"parent":129,"menu_order":5,"comment_status":"closed","ping_status":"closed","template":"","meta":{"footnotes":""},"class_list":["post-266","page","type-page","status-publish","hentry"],"_links":{"self":[{"href":"https:\/\/blog.edu.turku.fi\/klassillinen\/wp-json\/wp\/v2\/pages\/266","targetHints":{"allow":["GET"]}}],"collection":[{"href":"https:\/\/blog.edu.turku.fi\/klassillinen\/wp-json\/wp\/v2\/pages"}],"about":[{"href":"https:\/\/blog.edu.turku.fi\/klassillinen\/wp-json\/wp\/v2\/types\/page"}],"author":[{"embeddable":true,"href":"https:\/\/blog.edu.turku.fi\/klassillinen\/wp-json\/wp\/v2\/users\/1368"}],"replies":[{"embeddable":true,"href":"https:\/\/blog.edu.turku.fi\/klassillinen\/wp-json\/wp\/v2\/comments?post=266"}],"version-history":[{"count":7,"href":"https:\/\/blog.edu.turku.fi\/klassillinen\/wp-json\/wp\/v2\/pages\/266\/revisions"}],"predecessor-version":[{"id":1409,"href":"https:\/\/blog.edu.turku.fi\/klassillinen\/wp-json\/wp\/v2\/pages\/266\/revisions\/1409"}],"up":[{"embeddable":true,"href":"https:\/\/blog.edu.turku.fi\/klassillinen\/wp-json\/wp\/v2\/pages\/129"}],"wp:attachment":[{"href":"https:\/\/blog.edu.turku.fi\/klassillinen\/wp-json\/wp\/v2\/media?parent=266"}],"curies":[{"name":"wp","href":"https:\/\/api.w.org\/{rel}","templated":true}]}}