{"id":264,"date":"2019-09-19T10:44:26","date_gmt":"2019-09-19T07:44:26","guid":{"rendered":"https:\/\/blog.edu.turku.fi\/klassillinen\/?page_id=264"},"modified":"2024-06-12T13:56:26","modified_gmt":"2024-06-12T10:56:26","slug":"tanssi","status":"publish","type":"page","link":"https:\/\/blog.edu.turku.fi\/klassillinen\/ilmaisulinja\/tanssi\/","title":{"rendered":"Tanssi"},"content":{"rendered":"<p>Teatteriopinnoistamme l\u00f6ytyy tanssin kokonaisuus, joka antaa my\u00f6s mahdollisuuden tanssidiplomin suorittamiseen. Tanssitunnit pidet\u00e4\u00e4n p\u00e4\u00e4s\u00e4\u00e4nt\u00f6isesti Turun seudun tanssioppilaitoksen tiloissa Saippua Centeriss\u00e4.<\/p>\n<p>Tarjoamme t\u00e4n\u00e4 lukuvuonna seuraavia tanssikursseja.<\/p>\n<h4>TI27 Tanssi 1: Perusteet<\/h4>\n<p>Opintojaksolla tutkitaan tanssijan instrumenttia eli omaa liikkuvaa kehoa sek\u00e4 sen mahdollisuuksia. Tutustutaan tanssin peruselementteihin (tila, aika, muoto, energia ja dynamiikka) sek\u00e4 opitaan ymm\u00e4rt\u00e4m\u00e4\u00e4n liikkeen monipuoliset variointitavat. Opintojakso painottuu erilaisten tanssiteknisten perustaitojen sis\u00e4ist\u00e4miseen sek\u00e4 erilaisten tekniikoiden erojen ja samankaltaisuuksien ymm\u00e4rt\u00e4miseen. P\u00e4\u00e4paino on nykytanssissa, mutta opiskelija saa kosketuksen my\u00f6s jazztanssin peruselementteihin, kuten rytmiikkaan ja kehon isolaatiotekniikkaan.<\/p>\n<p>Kehonhallintaa harjoitellaan fyysis-motoristen harjoitusten avulla ja kokemuksista my\u00f6s keskustellaan. Lis\u00e4ksi tutustutaan tanssi-improvisaation perusteisiin sek\u00e4 tehd\u00e4\u00e4n kehonhuoltoharjoituksia.<\/p>\n<h4>TI28 Tanssi 2: Jatko<\/h4>\n<p>Syvennyt\u00e4\u00e4n nykytanssiin sen kaikessa monipuolisuudessaan niin tanssiteknisten kuin ilmaisullisten harjoitteiden avulla. Tanssin peruselementteihin lis\u00e4t\u00e4\u00e4n ulottuvuuksia, liikelaatuihin kiinnitet\u00e4\u00e4n erityist\u00e4 huomiota ja opiskelijan kehoa haastetaan sis\u00e4istetymp\u00e4\u00e4n ja persoonallisempaan ilmaisuun. Tanssi-improvisaatiota tutkitaan lis\u00e4\u00e4 sek\u00e4 yksin, parin kanssa ett\u00e4 ryhm\u00e4ss\u00e4. Lis\u00e4ksi jatketaan kehonhuoltoharjoituksia.<\/p>\n<h4>TI29 Tanssi 3: Koreografia<\/h4>\n<p>Opiskelija tutustuu opettajan johdolla &#8211; sek\u00e4 teoriassa ett\u00e4 k\u00e4yt\u00e4nn\u00f6ss\u00e4 &#8211; taiteellisen prosessin eri vaiheisiin. Kattava \u201dkoreografin ty\u00f6kalupakki\u201d k\u00e4yd\u00e4\u00e4n yhdess\u00e4 l\u00e4pi niin teoreettisella tasolla kuin my\u00f6s k\u00e4yt\u00e4nn\u00f6n harjoittein.<\/p>\n<p>Opintojakson aikana opiskelijat ty\u00f6skentelev\u00e4t sek\u00e4 tanssijoina ett\u00e4 koreografeina valmistaen tanssiesityksen opettajan ohjauksessa. Opintojakso noudattaa yleisi\u00e4 tanssiproduktion valmistamisen prosesseja: alkuideoinnista edet\u00e4\u00e4n osien koreografiointiin ja harjoitteluun, \u00e4\u00e4nimaailman\/ musiikin valintaan, esityksen l\u00e4pimenoihin ja lopulta valmiin tuotoksen esitt\u00e4miseen yleis\u00f6lle. Ryhm\u00e4 suunnittelee my\u00f6s esityksen puvustuksen ja mahdollisen lavastuksen.<\/p>\n<h4><strong>TI30 Tanssi-impro<\/strong><\/h4>\n<p>Tutustutaan monenlaisiin tanssi-improvisaation muotoihin ja l\u00e4hestymistapoihin. Oppilas etsii omaa tanssiliikett\u00e4\u00e4n ja koostaa my\u00f6s pieni\u00e4 liiketutkielmia improvisaation l\u00e4ht\u00f6kohdista. Tehd\u00e4\u00e4n monia pari- ja ryhm\u00e4harjoituksia, joita my\u00f6s katsotaan ja joista keskustellaan. Ryhm\u00e4ty\u00f6- ja vuorovaikutustaitojen kehittyminen on opintojaksolla keskeisess\u00e4 asemassa.<\/p>\n<p><strong>TI34 Tanssiproduktio<\/strong><\/p>\n<p>Opiskelija tutustuu opettajan johdolla viimeistellyn tanssiteoksen valmistamiseen. Tanssiproduktion eri vaiheet tulevat tutuksi: alkuideasta p\u00e4\u00e4dyt\u00e4\u00e4n keskittyneen harjoittelun kautta valmiin tuotoksen esitt\u00e4miseen.<\/p>\n<h4>TALD7 Tanssin lukiodiplomi<\/h4>\n<p>Tanssin lukiodiplomi esitelty tarkemmin sivustolla <a href=\"http:\/\/www.edu.fi\/lukiodiplomit\/tanssin_lukiodiplomi\">http:\/\/www.edu.fi\/lukiodiplomit\/tanssin_lukiodiplomi<\/a>.<\/p>\n","protected":false},"excerpt":{"rendered":"<p>Teatteriopinnoistamme l\u00f6ytyy tanssin kokonaisuus, joka antaa my\u00f6s mahdollisuuden tanssidiplomin suorittamiseen. Tanssitunnit pidet\u00e4\u00e4n p\u00e4\u00e4s\u00e4\u00e4nt\u00f6isesti Turun seudun tanssioppilaitoksen tiloissa Saippua Centeriss\u00e4. Tarjoamme &hellip; <\/p>\n","protected":false},"author":1368,"featured_media":312,"parent":129,"menu_order":4,"comment_status":"closed","ping_status":"closed","template":"","meta":{"footnotes":""},"class_list":["post-264","page","type-page","status-publish","has-post-thumbnail","hentry"],"_links":{"self":[{"href":"https:\/\/blog.edu.turku.fi\/klassillinen\/wp-json\/wp\/v2\/pages\/264","targetHints":{"allow":["GET"]}}],"collection":[{"href":"https:\/\/blog.edu.turku.fi\/klassillinen\/wp-json\/wp\/v2\/pages"}],"about":[{"href":"https:\/\/blog.edu.turku.fi\/klassillinen\/wp-json\/wp\/v2\/types\/page"}],"author":[{"embeddable":true,"href":"https:\/\/blog.edu.turku.fi\/klassillinen\/wp-json\/wp\/v2\/users\/1368"}],"replies":[{"embeddable":true,"href":"https:\/\/blog.edu.turku.fi\/klassillinen\/wp-json\/wp\/v2\/comments?post=264"}],"version-history":[{"count":9,"href":"https:\/\/blog.edu.turku.fi\/klassillinen\/wp-json\/wp\/v2\/pages\/264\/revisions"}],"predecessor-version":[{"id":1708,"href":"https:\/\/blog.edu.turku.fi\/klassillinen\/wp-json\/wp\/v2\/pages\/264\/revisions\/1708"}],"up":[{"embeddable":true,"href":"https:\/\/blog.edu.turku.fi\/klassillinen\/wp-json\/wp\/v2\/pages\/129"}],"wp:featuredmedia":[{"embeddable":true,"href":"https:\/\/blog.edu.turku.fi\/klassillinen\/wp-json\/wp\/v2\/media\/312"}],"wp:attachment":[{"href":"https:\/\/blog.edu.turku.fi\/klassillinen\/wp-json\/wp\/v2\/media?parent=264"}],"curies":[{"name":"wp","href":"https:\/\/api.w.org\/{rel}","templated":true}]}}