{"id":134,"date":"2019-09-04T15:27:45","date_gmt":"2019-09-04T12:27:45","guid":{"rendered":"https:\/\/blog.edu.turku.fi\/klassillinen\/?page_id=134"},"modified":"2020-11-10T12:44:57","modified_gmt":"2020-11-10T10:44:57","slug":"somekanavat","status":"publish","type":"page","link":"https:\/\/blog.edu.turku.fi\/klassillinen\/yhteystiedot\/somekanavat\/","title":{"rendered":"Somekanavat"},"content":{"rendered":"<p><a href=\"https:\/\/blog.edu.turku.fi\/klassillinenverkkolehti\/\">\u00c4lli\u00e4 ja illi\u00e4 -verkkolehti<\/a><\/p>\n<p><a href=\"https:\/\/www.facebook.com\/turunklassillinenlukio\/\">Koulu Facebookissa<\/a><\/p>\n<p><a href=\"https:\/\/www.instagram.com\/turunklassillinenlukio\/\">Koulu Instagramissa<\/a><\/p>\n<p><a href=\"https:\/\/www.instagram.com\/illiheimo\/\">Illiheimon Instagram<\/a><\/p>\n<p><a href=\"https:\/\/www.facebook.com\/ILLI-eli-Turun-klassillisen-lukion-ilmaisuheimo-533549503383764\/\">Illiheimo Facebookissa<\/a><\/p>\n<p><a href=\"https:\/\/www.facebook.com\/groups\/297515977987256\">Turun klassillisen lukion alumnit<\/a><\/p>\n<p><a href=\"https:\/\/galleriak.blogspot.com\/\">Galleria K:n blogi<\/a><\/p>\n<p><a href=\"https:\/\/www.instagram.com\/tukluopkh\/\">Opiskelijakunnan hallituksen Instagram<\/a><\/p>\n<p><a href=\"https:\/\/www.facebook.com\/groups\/617841004912931\/\">Koulun kirjakirppis Facebookissa<\/a><\/p>\n<p><em>Opiskelijoiden osallisuus on t\u00e4rke\u00e4\u00e4 my\u00f6s koulun viestinn\u00e4ss\u00e4. Opiskelijoista koostuva viestint\u00e4tiimi osallistuu somekanavien p\u00e4ivitt\u00e4miseen ja kirjoittaa juttuja verkkolehteen.<\/em><\/p>\n","protected":false},"excerpt":{"rendered":"<p>\u00c4lli\u00e4 ja illi\u00e4 -verkkolehti Koulu Facebookissa Koulu Instagramissa Illiheimon Instagram Illiheimo Facebookissa Turun klassillisen lukion alumnit Galleria K:n blogi Opiskelijakunnan &hellip; <\/p>\n","protected":false},"author":2406,"featured_media":0,"parent":80,"menu_order":4,"comment_status":"closed","ping_status":"closed","template":"","meta":{"footnotes":""},"class_list":["post-134","page","type-page","status-publish","hentry"],"_links":{"self":[{"href":"https:\/\/blog.edu.turku.fi\/klassillinen\/wp-json\/wp\/v2\/pages\/134","targetHints":{"allow":["GET"]}}],"collection":[{"href":"https:\/\/blog.edu.turku.fi\/klassillinen\/wp-json\/wp\/v2\/pages"}],"about":[{"href":"https:\/\/blog.edu.turku.fi\/klassillinen\/wp-json\/wp\/v2\/types\/page"}],"author":[{"embeddable":true,"href":"https:\/\/blog.edu.turku.fi\/klassillinen\/wp-json\/wp\/v2\/users\/2406"}],"replies":[{"embeddable":true,"href":"https:\/\/blog.edu.turku.fi\/klassillinen\/wp-json\/wp\/v2\/comments?post=134"}],"version-history":[{"count":9,"href":"https:\/\/blog.edu.turku.fi\/klassillinen\/wp-json\/wp\/v2\/pages\/134\/revisions"}],"predecessor-version":[{"id":1095,"href":"https:\/\/blog.edu.turku.fi\/klassillinen\/wp-json\/wp\/v2\/pages\/134\/revisions\/1095"}],"up":[{"embeddable":true,"href":"https:\/\/blog.edu.turku.fi\/klassillinen\/wp-json\/wp\/v2\/pages\/80"}],"wp:attachment":[{"href":"https:\/\/blog.edu.turku.fi\/klassillinen\/wp-json\/wp\/v2\/media?parent=134"}],"curies":[{"name":"wp","href":"https:\/\/api.w.org\/{rel}","templated":true}]}}