{"id":132,"date":"2019-09-04T15:25:25","date_gmt":"2019-09-04T12:25:25","guid":{"rendered":"https:\/\/blog.edu.turku.fi\/klassillinen\/?page_id=132"},"modified":"2021-12-15T10:45:10","modified_gmt":"2021-12-15T08:45:10","slug":"opiskelu-ilmaisulinjalla","status":"publish","type":"page","link":"https:\/\/blog.edu.turku.fi\/klassillinen\/ilmaisulinja\/opiskelu-ilmaisulinjalla\/","title":{"rendered":"Opiskelu ilmaisulinjalla"},"content":{"rendered":"<p>Erityisopintojaksojen opiskelijat saavat opiskella teatterin ja median perus- ja jatko-opintojaksoja. Opintojaksoja tarjotaan vuodesta riippuen 35-40. Erityislinjan oppim\u00e4\u00e4r\u00e4 on 12 soveltavaa opintojaksoa, jotka jakautuvat teatterin ja median perusopintojaksoihin ja n\u00e4iden yhteisiin jatko-opintojaksoihin. Koko oppim\u00e4\u00e4r\u00e4n suorittaneet opiskelijat voivat j\u00e4tt\u00e4\u00e4 opiskeluohjelmastaan pois kahdeksan (8) pakollista opintojaksoa, mit\u00e4 ei kuitenkaan suositella laajan yleissivistyksen ja YO-tutkinnossa onnistumisen saavuttamiseksi. Kirjoitettavissa aineissa on kuitenkin kaikkien pakollisten opintojaksojen oltava suoritettuina. Erillisest\u00e4 anomuksesta koordinaattori voi my\u00f6nt\u00e4\u00e4 opiskelijalle luvan ylitt\u00e4\u00e4 12 erityisopintojakson m\u00e4\u00e4r\u00e4. Luvan saamiseen vaikuttavat opiskelijan edistyminen lukio-opinnoissaan ja ryhmien opiskelijam\u00e4\u00e4r\u00e4.<\/p>\n<p>Opintojen tavoitteena on, ett\u00e4 opiskelijan ilmaisu ja viestint\u00e4valmiudet kehittyv\u00e4t. Taiteen avulla kasvaminen on my\u00f6s t\u00e4rke\u00e4\u00e4. Opintojen lopuksi opiskelijamme haluavat yleens\u00e4 n\u00e4ytt\u00e4\u00e4 osaamisensa taideaineissa lukiodiplomity\u00f6ll\u00e4.<\/p>\n<p><strong>Lukiodiplomit<\/strong><\/p>\n<p>Lukiossamme voi suorittaa kuvataiteen, musiikin, teatterin, median, tanssin ja liikunnan lukiodiplomin. Teatterin ja tanssin lukiodiplomin suoritus edellytt\u00e4\u00e4 v\u00e4hint\u00e4\u00e4n kolmea, median, kuvataiteen, musiikin ja liikunnan lukiodiplomin v\u00e4hint\u00e4\u00e4n nelj\u00e4\u00e4 pohjaopintojaksoa. Jotta opiskelijalla olisi tarpeeksi osaamista jota n\u00e4ytt\u00e4\u00e4 lukiodiplomity\u00f6ss\u00e4, h\u00e4nen kannattaa k\u00e4yd\u00e4 mahdollisimman paljon koulun tarjoamia opintojaksoja ko. aineessa.<\/p>\n<p><strong>Job shadowing<\/strong><\/p>\n<p>Lukuvuonna 2020-2021 alkoi uusi mahdollisuus tutustua teatteri- ja media-alan ammattilaisiin. Uudistimme perinteisen opiskelijoiden ty\u00f6harjoittelun muuttamalla t\u00e4ydellisesti sen konseptin. Ei en\u00e4\u00e4 t\u00f6iden keksimist\u00e4 opiskelijoille eik\u00e4 siit\u00e4 koituvaa harmia ja ylim\u00e4\u00e4r\u00e4ist\u00e4 ty\u00f6t\u00e4 yritykselle. Uudessa formaatissa kummiyritys ottaa vastaan varjostamaan tulevan opiskelijamme. Ajatuksena on se, ett\u00e4 varjostamalla opiskelija saa mahdollisimman paljon tietoa ammatista ja urapolusta varjostamaltaan henkil\u00f6lt\u00e4. P\u00e4\u00e4m\u00e4\u00e4r\u00e4n\u00e4 olisi, ett\u00e4 nuori k\u00e4ytt\u00e4isi t\u00e4st\u00e4 saadun tieto-taidon oman lukiodiplominsa teossa. Lis\u00e4tietoa varjostamisesta voi kysell\u00e4 mediaopettaja Mattus Alsilta.<\/p>\n","protected":false},"excerpt":{"rendered":"<p>Erityisopintojaksojen opiskelijat saavat opiskella teatterin ja median perus- ja jatko-opintojaksoja. Opintojaksoja tarjotaan vuodesta riippuen 35-40. Erityislinjan oppim\u00e4\u00e4r\u00e4 on 12 soveltavaa &hellip; <\/p>\n","protected":false},"author":1368,"featured_media":0,"parent":129,"menu_order":1,"comment_status":"closed","ping_status":"closed","template":"","meta":{"footnotes":""},"class_list":["post-132","page","type-page","status-publish","hentry"],"_links":{"self":[{"href":"https:\/\/blog.edu.turku.fi\/klassillinen\/wp-json\/wp\/v2\/pages\/132","targetHints":{"allow":["GET"]}}],"collection":[{"href":"https:\/\/blog.edu.turku.fi\/klassillinen\/wp-json\/wp\/v2\/pages"}],"about":[{"href":"https:\/\/blog.edu.turku.fi\/klassillinen\/wp-json\/wp\/v2\/types\/page"}],"author":[{"embeddable":true,"href":"https:\/\/blog.edu.turku.fi\/klassillinen\/wp-json\/wp\/v2\/users\/1368"}],"replies":[{"embeddable":true,"href":"https:\/\/blog.edu.turku.fi\/klassillinen\/wp-json\/wp\/v2\/comments?post=132"}],"version-history":[{"count":9,"href":"https:\/\/blog.edu.turku.fi\/klassillinen\/wp-json\/wp\/v2\/pages\/132\/revisions"}],"predecessor-version":[{"id":1401,"href":"https:\/\/blog.edu.turku.fi\/klassillinen\/wp-json\/wp\/v2\/pages\/132\/revisions\/1401"}],"up":[{"embeddable":true,"href":"https:\/\/blog.edu.turku.fi\/klassillinen\/wp-json\/wp\/v2\/pages\/129"}],"wp:attachment":[{"href":"https:\/\/blog.edu.turku.fi\/klassillinen\/wp-json\/wp\/v2\/media?parent=132"}],"curies":[{"name":"wp","href":"https:\/\/api.w.org\/{rel}","templated":true}]}}